{"id":3163,"date":"2024-01-21T09:16:37","date_gmt":"2024-01-21T08:16:37","guid":{"rendered":"https:\/\/candlenco.fr\/?page_id=3163"},"modified":"2024-01-21T09:16:50","modified_gmt":"2024-01-21T08:16:50","slug":"mentions-legales","status":"publish","type":"page","link":"https:\/\/candlenco.fr\/index.php\/mentions-legales\/","title":{"rendered":"Mentions L\u00e9gales"},"content":{"rendered":"<p>Candlenco a le statut de Micro Entreprise.<\/p>\n<p>L&rsquo;entreprise Candlenco est situ\u00e9e au<\/p>\n<p>93 avenue jean philippe rameau 30100 Al\u00e8s &#8211; France, dont l&rsquo;adresse URL du site est : <a href=\"https:\/\/candlenco.fr\" target=\"_blank\" rel=\"noopener\" data-saferedirecturl=\"https:\/\/www.google.com\/url?q=https:\/\/candlenco.fr&amp;source=gmail&amp;ust=1705911178825000&amp;usg=AOvVaw2BWfNvjeDvKY46imKpOxl6\">https:\/\/candlenco.fr<\/a><\/p>\n<p>Candlenco est joignable par mail \u00e0 l&rsquo;adresse\u00a0 suivante :\u00a0 contact@candlenco.fr<\/p>\n<p>N\u00b0 siret\u00a0 <span dir=\"auto\">98168681900013<\/span><\/p>\n<p>Le site Internet\u00a0 <a href=\"https:\/\/candlenco.fr\" target=\"_blank\" rel=\"noopener\" data-saferedirecturl=\"https:\/\/www.google.com\/url?q=https:\/\/candlenco.fr&amp;source=gmail&amp;ust=1705911178826000&amp;usg=AOvVaw1XV8shYdAMZysRj1ed8X4h\">https:\/\/candlenco.fr<\/a> commercialise les produits suivants :<\/p>\n<p>Bougies parfum\u00e9es\u00a0 \u00e0 la cire de soja, fondants parfum\u00e9s et accessoires parfum\u00e9s.<\/p>\n<p>&nbsp;<\/p>\n<p>La Commission europ\u00e9enne fournit une plateforme de r\u00e8glement des litiges en ligne (OS). Cette plateforme est disponible \u00e0 l&rsquo;adresse\u00a0<a href=\"https:\/\/ec.europa.eu\/consumers\/odr\" target=\"_blank\" rel=\"noreferrer noopener\" data-saferedirecturl=\"https:\/\/www.google.com\/url?q=https:\/\/ec.europa.eu\/consumers\/odr&amp;source=gmail&amp;ust=1705911178826000&amp;usg=AOvVaw3SRcwcDs2-KYftgPgVh8r_\">http:\/\/ec.europa.eu\/<wbr \/>consumers\/odr\/<\/a>. En tant que client, vous avez toujours la possibilit\u00e9 de contacter le conseil d&rsquo;arbitrage de la Commission europ\u00e9enne. Nous ne sommes ni dispos\u00e9s \u00e0, ni oblig\u00e9s de, participer \u00e0 une proc\u00e9dure de r\u00e8glement des litiges devant un conseil d&rsquo;arbitrage de la consommation.<br \/>\nE-mail : <a href=\"mailto:Contact@candlenco.fr\" target=\"_blank\" rel=\"noopener\">Contact@candlenco.fr<\/a><br \/>\nT\u00e9l. : 0658468542<\/p>\n<p>Adresse : 93 avenue jean philippe rameau 30100 Al\u00e8s<\/p>\n","protected":false},"excerpt":{"rendered":"<p>Candlenco a le statut de Micro Entreprise. L&rsquo;entreprise Candlenco est [&#8230;]<\/p>\n","protected":false},"author":3,"featured_media":0,"parent":0,"menu_order":0,"comment_status":"closed","ping_status":"closed","template":"","meta":{"footnotes":""},"class_list":["post-3163","page","type-page","status-publish","hentry"],"yoast_head":"<!-- This site is optimized with the Yoast SEO plugin v26.3 - https:\/\/yoast.com\/wordpress\/plugins\/seo\/ -->\n<title>Mentions L\u00e9gales - Candle &amp; Co<\/title>\n<meta name=\"robots\" content=\"index, follow, max-snippet:-1, max-image-preview:large, max-video-preview:-1\" \/>\n<link rel=\"canonical\" href=\"https:\/\/candlenco.fr\/index.php\/mentions-legales\/\" \/>\n<meta property=\"og:locale\" content=\"fr_FR\" \/>\n<meta property=\"og:type\" content=\"article\" \/>\n<meta property=\"og:title\" content=\"Mentions L\u00e9gales - Candle &amp; Co\" \/>\n<meta property=\"og:description\" content=\"Candlenco a le statut de Micro Entreprise. L&rsquo;entreprise Candlenco est [...]\" \/>\n<meta property=\"og:url\" content=\"https:\/\/candlenco.fr\/index.php\/mentions-legales\/\" \/>\n<meta property=\"og:site_name\" content=\"Candle &amp; Co\" \/>\n<meta property=\"article:publisher\" content=\"https:\/\/www.facebook.com\/ribesjulie\" \/>\n<meta property=\"article:modified_time\" content=\"2024-01-21T08:16:50+00:00\" \/>\n<meta name=\"twitter:card\" content=\"summary_large_image\" \/>\n<meta name=\"twitter:label1\" content=\"Dur\u00e9e de lecture estim\u00e9e\" \/>\n\t<meta name=\"twitter:data1\" content=\"1 minute\" \/>\n<script type=\"application\/ld+json\" class=\"yoast-schema-graph\">{\"@context\":\"https:\/\/schema.org\",\"@graph\":[{\"@type\":\"WebPage\",\"@id\":\"https:\/\/candlenco.fr\/index.php\/mentions-legales\/\",\"url\":\"https:\/\/candlenco.fr\/index.php\/mentions-legales\/\",\"name\":\"Mentions L\u00e9gales - Candle &amp; Co\",\"isPartOf\":{\"@id\":\"https:\/\/candlenco.fr\/#website\"},\"datePublished\":\"2024-01-21T08:16:37+00:00\",\"dateModified\":\"2024-01-21T08:16:50+00:00\",\"breadcrumb\":{\"@id\":\"https:\/\/candlenco.fr\/index.php\/mentions-legales\/#breadcrumb\"},\"inLanguage\":\"fr-FR\",\"potentialAction\":[{\"@type\":\"ReadAction\",\"target\":[\"https:\/\/candlenco.fr\/index.php\/mentions-legales\/\"]}]},{\"@type\":\"BreadcrumbList\",\"@id\":\"https:\/\/candlenco.fr\/index.php\/mentions-legales\/#breadcrumb\",\"itemListElement\":[{\"@type\":\"ListItem\",\"position\":1,\"name\":\"Accueil\",\"item\":\"https:\/\/candlenco.fr\/\"},{\"@type\":\"ListItem\",\"position\":2,\"name\":\"Mentions L\u00e9gales\"}]},{\"@type\":\"WebSite\",\"@id\":\"https:\/\/candlenco.fr\/#website\",\"url\":\"https:\/\/candlenco.fr\/\",\"name\":\"Candle & Co\",\"description\":\"\",\"publisher\":{\"@id\":\"https:\/\/candlenco.fr\/#organization\"},\"potentialAction\":[{\"@type\":\"SearchAction\",\"target\":{\"@type\":\"EntryPoint\",\"urlTemplate\":\"https:\/\/candlenco.fr\/?s={search_term_string}\"},\"query-input\":{\"@type\":\"PropertyValueSpecification\",\"valueRequired\":true,\"valueName\":\"search_term_string\"}}],\"inLanguage\":\"fr-FR\"},{\"@type\":\"Organization\",\"@id\":\"https:\/\/candlenco.fr\/#organization\",\"name\":\"Candle & Co\",\"url\":\"https:\/\/candlenco.fr\/\",\"logo\":{\"@type\":\"ImageObject\",\"inLanguage\":\"fr-FR\",\"@id\":\"https:\/\/candlenco.fr\/#\/schema\/logo\/image\/\",\"url\":\"https:\/\/i0.wp.com\/candlenco.fr\/wp-content\/uploads\/2023\/11\/Logo.png?fit=250%2C250&ssl=1\",\"contentUrl\":\"https:\/\/i0.wp.com\/candlenco.fr\/wp-content\/uploads\/2023\/11\/Logo.png?fit=250%2C250&ssl=1\",\"width\":250,\"height\":250,\"caption\":\"Candle & Co\"},\"image\":{\"@id\":\"https:\/\/candlenco.fr\/#\/schema\/logo\/image\/\"},\"sameAs\":[\"https:\/\/www.facebook.com\/ribesjulie\",\"https:\/\/www.instagram.com\/candlenco23\"]}]}<\/script>\n<!-- \/ Yoast SEO plugin. -->","yoast_head_json":{"title":"Mentions L\u00e9gales - Candle &amp; Co","robots":{"index":"index","follow":"follow","max-snippet":"max-snippet:-1","max-image-preview":"max-image-preview:large","max-video-preview":"max-video-preview:-1"},"canonical":"https:\/\/candlenco.fr\/index.php\/mentions-legales\/","og_locale":"fr_FR","og_type":"article","og_title":"Mentions L\u00e9gales - Candle &amp; Co","og_description":"Candlenco a le statut de Micro Entreprise. L&rsquo;entreprise Candlenco est [...]","og_url":"https:\/\/candlenco.fr\/index.php\/mentions-legales\/","og_site_name":"Candle &amp; Co","article_publisher":"https:\/\/www.facebook.com\/ribesjulie","article_modified_time":"2024-01-21T08:16:50+00:00","twitter_card":"summary_large_image","twitter_misc":{"Dur\u00e9e de lecture estim\u00e9e":"1 minute"},"schema":{"@context":"https:\/\/schema.org","@graph":[{"@type":"WebPage","@id":"https:\/\/candlenco.fr\/index.php\/mentions-legales\/","url":"https:\/\/candlenco.fr\/index.php\/mentions-legales\/","name":"Mentions L\u00e9gales - Candle &amp; Co","isPartOf":{"@id":"https:\/\/candlenco.fr\/#website"},"datePublished":"2024-01-21T08:16:37+00:00","dateModified":"2024-01-21T08:16:50+00:00","breadcrumb":{"@id":"https:\/\/candlenco.fr\/index.php\/mentions-legales\/#breadcrumb"},"inLanguage":"fr-FR","potentialAction":[{"@type":"ReadAction","target":["https:\/\/candlenco.fr\/index.php\/mentions-legales\/"]}]},{"@type":"BreadcrumbList","@id":"https:\/\/candlenco.fr\/index.php\/mentions-legales\/#breadcrumb","itemListElement":[{"@type":"ListItem","position":1,"name":"Accueil","item":"https:\/\/candlenco.fr\/"},{"@type":"ListItem","position":2,"name":"Mentions L\u00e9gales"}]},{"@type":"WebSite","@id":"https:\/\/candlenco.fr\/#website","url":"https:\/\/candlenco.fr\/","name":"Candle & Co","description":"","publisher":{"@id":"https:\/\/candlenco.fr\/#organization"},"potentialAction":[{"@type":"SearchAction","target":{"@type":"EntryPoint","urlTemplate":"https:\/\/candlenco.fr\/?s={search_term_string}"},"query-input":{"@type":"PropertyValueSpecification","valueRequired":true,"valueName":"search_term_string"}}],"inLanguage":"fr-FR"},{"@type":"Organization","@id":"https:\/\/candlenco.fr\/#organization","name":"Candle & Co","url":"https:\/\/candlenco.fr\/","logo":{"@type":"ImageObject","inLanguage":"fr-FR","@id":"https:\/\/candlenco.fr\/#\/schema\/logo\/image\/","url":"https:\/\/i0.wp.com\/candlenco.fr\/wp-content\/uploads\/2023\/11\/Logo.png?fit=250%2C250&ssl=1","contentUrl":"https:\/\/i0.wp.com\/candlenco.fr\/wp-content\/uploads\/2023\/11\/Logo.png?fit=250%2C250&ssl=1","width":250,"height":250,"caption":"Candle & Co"},"image":{"@id":"https:\/\/candlenco.fr\/#\/schema\/logo\/image\/"},"sameAs":["https:\/\/www.facebook.com\/ribesjulie","https:\/\/www.instagram.com\/candlenco23"]}]}},"jetpack_sharing_enabled":true,"_links":{"self":[{"href":"https:\/\/candlenco.fr\/index.php\/wp-json\/wp\/v2\/pages\/3163","targetHints":{"allow":["GET"]}}],"collection":[{"href":"https:\/\/candlenco.fr\/index.php\/wp-json\/wp\/v2\/pages"}],"about":[{"href":"https:\/\/candlenco.fr\/index.php\/wp-json\/wp\/v2\/types\/page"}],"author":[{"embeddable":true,"href":"https:\/\/candlenco.fr\/index.php\/wp-json\/wp\/v2\/users\/3"}],"replies":[{"embeddable":true,"href":"https:\/\/candlenco.fr\/index.php\/wp-json\/wp\/v2\/comments?post=3163"}],"version-history":[{"count":3,"href":"https:\/\/candlenco.fr\/index.php\/wp-json\/wp\/v2\/pages\/3163\/revisions"}],"predecessor-version":[{"id":3166,"href":"https:\/\/candlenco.fr\/index.php\/wp-json\/wp\/v2\/pages\/3163\/revisions\/3166"}],"wp:attachment":[{"href":"https:\/\/candlenco.fr\/index.php\/wp-json\/wp\/v2\/media?parent=3163"}],"curies":[{"name":"wp","href":"https:\/\/api.w.org\/{rel}","templated":true}]}}