{"id":3167,"date":"2024-01-21T09:19:05","date_gmt":"2024-01-21T08:19:05","guid":{"rendered":"https:\/\/candlenco.fr\/?page_id=3167"},"modified":"2024-01-21T09:19:05","modified_gmt":"2024-01-21T08:19:05","slug":"expeditions-et-retours","status":"publish","type":"page","link":"https:\/\/candlenco.fr\/index.php\/expeditions-et-retours\/","title":{"rendered":"Exp\u00e9ditions et Retours"},"content":{"rendered":"<div id=\"m_-8394267499034613565gmail-comp-kj1lemol\">\n<p>Politique d&rsquo;exp\u00e9dition et de livraison :<\/p>\n<\/div>\n<div id=\"m_-8394267499034613565gmail-comp-kj1les6f\">\n<ol>\n<li>Temps de traitement de la commande : nous traitons et exp\u00e9dions les commandes dans un d\u00e9lai de 1 \u00e0 3 jours apr\u00e8s r\u00e9ception du paiement.<\/li>\n<li>Frais d&rsquo;exp\u00e9dition : Les frais d&rsquo;exp\u00e9dition sont calcul\u00e9s en fonction du poids et de la taille de la commande, ainsi que de la destination de livraison. Ces frais seront indiqu\u00e9s au moment de la commande.<\/li>\n<li>Options d&rsquo;exp\u00e9dition : Nous envoyons plusieurs options d&rsquo;exp\u00e9dition pour r\u00e9pondre \u00e0 vos besoins en mati\u00e8re de d\u00e9lais de livraison et de co\u00fbts, notamment la livraison standard, la livraison express et la livraison en point relais.<\/li>\n<li>Suivi de l&rsquo;exp\u00e9dition : Nous fournissons un num\u00e9ro de suivi pour chaque commande exp\u00e9di\u00e9e, afin que vous puissiez suivre la progression de votre livraison.<\/li>\n<\/ol>\n<p>&nbsp;<\/p>\n<p>Politique de retour :<\/p>\n<p>&nbsp;<\/p>\n<ol>\n<li>\u00c9change et remboursement : Nous acceptons les retours et les \u00e9changes dans un d\u00e9lai de 14 jours suivant la r\u00e9ception de la commande. Si vous n&rsquo;\u00eates pas satisfait de votre commande, vous pouvez demander un remboursement ou un \u00e9change.<\/li>\n<li>Condition des produits : Les produits retourn\u00e9s doivent \u00eatre dans leur \u00e9tat d&rsquo;origine, non utilis\u00e9s et non endommag\u00e9s. Si les produits sont retourn\u00e9s dans un \u00e9tat diff\u00e9rent de celui dans lequel ils ont \u00e9t\u00e9 envoy\u00e9s, nous r\u00e9servons le droit de refuser le remboursement ou l&rsquo;\u00e9change.<\/li>\n<li>Frais de retour : Les frais de retour sont \u00e0 la charge du client, sauf en cas d&rsquo;erreur de notre part dans l&rsquo;envoi de la commande ou si les produits sont d\u00e9fectueux.<\/li>\n<li>Traitement des retours : Nous traiterons les retours d\u00e8s que possible, dans un d\u00e9lai de 7 jours suivant la r\u00e9ception des produits retourn\u00e9s. Si vous avez demand\u00e9 un \u00e9change, nous enverrons le produit de remplacement d\u00e8s que possible. Si vous avez demand\u00e9 un remboursement, nous vous rembourserons le montant de la commande, moins les frais de livraison et de traitement, sur le mode de paiement d&rsquo;origine.<\/li>\n<\/ol>\n<\/div>\n","protected":false},"excerpt":{"rendered":"<p>Politique d&rsquo;exp\u00e9dition et de livraison : Temps de traitement de [&#8230;]<\/p>\n","protected":false},"author":3,"featured_media":0,"parent":0,"menu_order":0,"comment_status":"closed","ping_status":"closed","template":"","meta":{"footnotes":""},"class_list":["post-3167","page","type-page","status-publish","hentry"],"yoast_head":"<!-- This site is optimized with the Yoast SEO plugin v26.3 - https:\/\/yoast.com\/wordpress\/plugins\/seo\/ -->\n<title>Exp\u00e9ditions et Retours - Candle &amp; Co<\/title>\n<meta name=\"robots\" content=\"index, follow, max-snippet:-1, max-image-preview:large, max-video-preview:-1\" \/>\n<link rel=\"canonical\" href=\"https:\/\/candlenco.fr\/index.php\/expeditions-et-retours\/\" \/>\n<meta property=\"og:locale\" content=\"fr_FR\" \/>\n<meta property=\"og:type\" content=\"article\" \/>\n<meta property=\"og:title\" content=\"Exp\u00e9ditions et Retours - Candle &amp; Co\" \/>\n<meta property=\"og:description\" content=\"Politique d&rsquo;exp\u00e9dition et de livraison : Temps de traitement de [...]\" \/>\n<meta property=\"og:url\" content=\"https:\/\/candlenco.fr\/index.php\/expeditions-et-retours\/\" \/>\n<meta property=\"og:site_name\" content=\"Candle &amp; Co\" \/>\n<meta property=\"article:publisher\" content=\"https:\/\/www.facebook.com\/ribesjulie\" \/>\n<meta name=\"twitter:card\" content=\"summary_large_image\" \/>\n<meta name=\"twitter:label1\" content=\"Dur\u00e9e de lecture estim\u00e9e\" \/>\n\t<meta name=\"twitter:data1\" content=\"2 minutes\" \/>\n<script type=\"application\/ld+json\" class=\"yoast-schema-graph\">{\"@context\":\"https:\/\/schema.org\",\"@graph\":[{\"@type\":\"WebPage\",\"@id\":\"https:\/\/candlenco.fr\/index.php\/expeditions-et-retours\/\",\"url\":\"https:\/\/candlenco.fr\/index.php\/expeditions-et-retours\/\",\"name\":\"Exp\u00e9ditions et Retours - Candle &amp; Co\",\"isPartOf\":{\"@id\":\"https:\/\/candlenco.fr\/#website\"},\"datePublished\":\"2024-01-21T08:19:05+00:00\",\"breadcrumb\":{\"@id\":\"https:\/\/candlenco.fr\/index.php\/expeditions-et-retours\/#breadcrumb\"},\"inLanguage\":\"fr-FR\",\"potentialAction\":[{\"@type\":\"ReadAction\",\"target\":[\"https:\/\/candlenco.fr\/index.php\/expeditions-et-retours\/\"]}]},{\"@type\":\"BreadcrumbList\",\"@id\":\"https:\/\/candlenco.fr\/index.php\/expeditions-et-retours\/#breadcrumb\",\"itemListElement\":[{\"@type\":\"ListItem\",\"position\":1,\"name\":\"Accueil\",\"item\":\"https:\/\/candlenco.fr\/\"},{\"@type\":\"ListItem\",\"position\":2,\"name\":\"Exp\u00e9ditions et Retours\"}]},{\"@type\":\"WebSite\",\"@id\":\"https:\/\/candlenco.fr\/#website\",\"url\":\"https:\/\/candlenco.fr\/\",\"name\":\"Candle & Co\",\"description\":\"\",\"publisher\":{\"@id\":\"https:\/\/candlenco.fr\/#organization\"},\"potentialAction\":[{\"@type\":\"SearchAction\",\"target\":{\"@type\":\"EntryPoint\",\"urlTemplate\":\"https:\/\/candlenco.fr\/?s={search_term_string}\"},\"query-input\":{\"@type\":\"PropertyValueSpecification\",\"valueRequired\":true,\"valueName\":\"search_term_string\"}}],\"inLanguage\":\"fr-FR\"},{\"@type\":\"Organization\",\"@id\":\"https:\/\/candlenco.fr\/#organization\",\"name\":\"Candle & Co\",\"url\":\"https:\/\/candlenco.fr\/\",\"logo\":{\"@type\":\"ImageObject\",\"inLanguage\":\"fr-FR\",\"@id\":\"https:\/\/candlenco.fr\/#\/schema\/logo\/image\/\",\"url\":\"https:\/\/i0.wp.com\/candlenco.fr\/wp-content\/uploads\/2023\/11\/Logo.png?fit=250%2C250&ssl=1\",\"contentUrl\":\"https:\/\/i0.wp.com\/candlenco.fr\/wp-content\/uploads\/2023\/11\/Logo.png?fit=250%2C250&ssl=1\",\"width\":250,\"height\":250,\"caption\":\"Candle & Co\"},\"image\":{\"@id\":\"https:\/\/candlenco.fr\/#\/schema\/logo\/image\/\"},\"sameAs\":[\"https:\/\/www.facebook.com\/ribesjulie\",\"https:\/\/www.instagram.com\/candlenco23\"]}]}<\/script>\n<!-- \/ Yoast SEO plugin. -->","yoast_head_json":{"title":"Exp\u00e9ditions et Retours - Candle &amp; Co","robots":{"index":"index","follow":"follow","max-snippet":"max-snippet:-1","max-image-preview":"max-image-preview:large","max-video-preview":"max-video-preview:-1"},"canonical":"https:\/\/candlenco.fr\/index.php\/expeditions-et-retours\/","og_locale":"fr_FR","og_type":"article","og_title":"Exp\u00e9ditions et Retours - Candle &amp; Co","og_description":"Politique d&rsquo;exp\u00e9dition et de livraison : Temps de traitement de [...]","og_url":"https:\/\/candlenco.fr\/index.php\/expeditions-et-retours\/","og_site_name":"Candle &amp; Co","article_publisher":"https:\/\/www.facebook.com\/ribesjulie","twitter_card":"summary_large_image","twitter_misc":{"Dur\u00e9e de lecture estim\u00e9e":"2 minutes"},"schema":{"@context":"https:\/\/schema.org","@graph":[{"@type":"WebPage","@id":"https:\/\/candlenco.fr\/index.php\/expeditions-et-retours\/","url":"https:\/\/candlenco.fr\/index.php\/expeditions-et-retours\/","name":"Exp\u00e9ditions et Retours - Candle &amp; Co","isPartOf":{"@id":"https:\/\/candlenco.fr\/#website"},"datePublished":"2024-01-21T08:19:05+00:00","breadcrumb":{"@id":"https:\/\/candlenco.fr\/index.php\/expeditions-et-retours\/#breadcrumb"},"inLanguage":"fr-FR","potentialAction":[{"@type":"ReadAction","target":["https:\/\/candlenco.fr\/index.php\/expeditions-et-retours\/"]}]},{"@type":"BreadcrumbList","@id":"https:\/\/candlenco.fr\/index.php\/expeditions-et-retours\/#breadcrumb","itemListElement":[{"@type":"ListItem","position":1,"name":"Accueil","item":"https:\/\/candlenco.fr\/"},{"@type":"ListItem","position":2,"name":"Exp\u00e9ditions et Retours"}]},{"@type":"WebSite","@id":"https:\/\/candlenco.fr\/#website","url":"https:\/\/candlenco.fr\/","name":"Candle & Co","description":"","publisher":{"@id":"https:\/\/candlenco.fr\/#organization"},"potentialAction":[{"@type":"SearchAction","target":{"@type":"EntryPoint","urlTemplate":"https:\/\/candlenco.fr\/?s={search_term_string}"},"query-input":{"@type":"PropertyValueSpecification","valueRequired":true,"valueName":"search_term_string"}}],"inLanguage":"fr-FR"},{"@type":"Organization","@id":"https:\/\/candlenco.fr\/#organization","name":"Candle & Co","url":"https:\/\/candlenco.fr\/","logo":{"@type":"ImageObject","inLanguage":"fr-FR","@id":"https:\/\/candlenco.fr\/#\/schema\/logo\/image\/","url":"https:\/\/i0.wp.com\/candlenco.fr\/wp-content\/uploads\/2023\/11\/Logo.png?fit=250%2C250&ssl=1","contentUrl":"https:\/\/i0.wp.com\/candlenco.fr\/wp-content\/uploads\/2023\/11\/Logo.png?fit=250%2C250&ssl=1","width":250,"height":250,"caption":"Candle & Co"},"image":{"@id":"https:\/\/candlenco.fr\/#\/schema\/logo\/image\/"},"sameAs":["https:\/\/www.facebook.com\/ribesjulie","https:\/\/www.instagram.com\/candlenco23"]}]}},"jetpack_sharing_enabled":true,"_links":{"self":[{"href":"https:\/\/candlenco.fr\/index.php\/wp-json\/wp\/v2\/pages\/3167","targetHints":{"allow":["GET"]}}],"collection":[{"href":"https:\/\/candlenco.fr\/index.php\/wp-json\/wp\/v2\/pages"}],"about":[{"href":"https:\/\/candlenco.fr\/index.php\/wp-json\/wp\/v2\/types\/page"}],"author":[{"embeddable":true,"href":"https:\/\/candlenco.fr\/index.php\/wp-json\/wp\/v2\/users\/3"}],"replies":[{"embeddable":true,"href":"https:\/\/candlenco.fr\/index.php\/wp-json\/wp\/v2\/comments?post=3167"}],"version-history":[{"count":1,"href":"https:\/\/candlenco.fr\/index.php\/wp-json\/wp\/v2\/pages\/3167\/revisions"}],"predecessor-version":[{"id":3168,"href":"https:\/\/candlenco.fr\/index.php\/wp-json\/wp\/v2\/pages\/3167\/revisions\/3168"}],"wp:attachment":[{"href":"https:\/\/candlenco.fr\/index.php\/wp-json\/wp\/v2\/media?parent=3167"}],"curies":[{"name":"wp","href":"https:\/\/api.w.org\/{rel}","templated":true}]}}