{"id":2928,"date":"2024-01-18T09:38:24","date_gmt":"2024-01-18T08:38:24","guid":{"rendered":"https:\/\/candlenco.fr\/?post_type=product&#038;p=2928"},"modified":"2024-01-18T23:52:20","modified_gmt":"2024-01-18T22:52:20","slug":"coupe-gourmande-fruits-rouges-chantilly","status":"publish","type":"product","link":"https:\/\/candlenco.fr\/index.php\/produit\/coupe-gourmande-fruits-rouges-chantilly\/","title":{"rendered":"Coupe gourmande fruits rouges &#038; chantilly"},"content":{"rendered":"<p>Plongez dans l&rsquo;opulence sensorielle avec notre Bougie Coupe Gourmande, une cr\u00e9ation exquise qui marie l&rsquo;\u00e9l\u00e9gance \u00e0 la gourmandise. Pr\u00e9sent\u00e9e dans une coupe d\u00e9licieusement d\u00e9cor\u00e9e de chantilly et de fraises et framboises, cette bougie s\u00e9duit d\u00e8s le premier regard. Les notes enivrantes de fruits rouges, inspir\u00e9es des parfums de Grasse, \u00e9veillent vos sens pour une exp\u00e9rience olfactive exceptionnelle.<\/p>\n<p>Confectionn\u00e9e avec soin, notre bougie utilise une cire de soja de haute qualit\u00e9, assurant une combustion propre et durable. Lorsque la flamme danse d\u00e9licatement, elle lib\u00e8re un ar\u00f4me sucr\u00e9 et d\u00e9licieux, cr\u00e9ant une atmosph\u00e8re chaleureuse et accueillante.<\/p>\n<p>Sans CMR<\/p>\n<p>Sans Phtalate<\/p>\n<p>Cruelty Free<\/p>\n<p>Vegan Friendly<\/p>\n<p>Chaque fragrance r\u00e9pond aux normes europ\u00e9ennes: IFRA, CLP CE N\u00b01907\/2006.<\/p>\n<p>Toutes les \u00e9tiquettes clp seront \u00e0 l\u2019arri\u00e8re du contenant ou sur les boites quand vous recevrez votre bougie apr\u00e8s son achat.<\/p>\n","protected":false},"excerpt":{"rendered":"<p>Plongez dans l&rsquo;opulence sensorielle avec notre Bougie Coupe Gourmande, une cr\u00e9ation exquise qui marie l&rsquo;\u00e9l\u00e9gance \u00e0 la gourmandise. Pr\u00e9sent\u00e9e dans une coupe d\u00e9licieusement d\u00e9cor\u00e9e de chantilly et de fraises et framboises, cette bougie s\u00e9duit d\u00e8s le premier regard. Les notes enivrantes de fruits rouges, inspir\u00e9es des parfums de Grasse, \u00e9veillent vos sens pour une exp\u00e9rience olfactive exceptionnelle.<\/p>\n<table class=\"table table-data-sheet\">\n<tbody>\n<tr class=\"even\">\n<td>Notes<\/td>\n<td>Florale \/ Fruit rouge \/ Gourmandes<\/td>\n<\/tr>\n<tr class=\"odd\">\n<td>T\u00eate<\/td>\n<td>gel\u00e9e de fraise\/cassis<\/td>\n<\/tr>\n<tr class=\"even\">\n<td>Coeur<\/td>\n<td>bonbon \u00e0 la fraise\/violette<\/td>\n<\/tr>\n<tr class=\"odd\">\n<td>Fond<\/td>\n<td>sucre candie\/framboise<\/td>\n<\/tr>\n<\/tbody>\n<\/table>\n<p>&nbsp;<\/p>\n<p>&nbsp;<\/p>\n","protected":false},"featured_media":2931,"comment_status":"open","ping_status":"closed","template":"","meta":[],"product_brand":[],"product_cat":[178,149,172],"product_tag":[],"class_list":{"0":"post-2928","1":"product","2":"type-product","3":"status-publish","4":"has-post-thumbnail","6":"product_cat-collection-permanente","7":"product_cat-bougies","8":"product_cat-bougies-gourmandes","10":"first","11":"instock","12":"shipping-taxable","13":"purchasable","14":"product-type-simple"},"yoast_head":"<!-- This site is optimized with the Yoast SEO plugin v26.3 - https:\/\/yoast.com\/wordpress\/plugins\/seo\/ -->\n<title>Coupe gourmande fruits rouges &amp; chantilly - Candle &amp; Co<\/title>\n<meta name=\"robots\" content=\"index, follow, max-snippet:-1, max-image-preview:large, max-video-preview:-1\" \/>\n<link rel=\"canonical\" href=\"https:\/\/candlenco.fr\/index.php\/produit\/coupe-gourmande-fruits-rouges-chantilly\/\" \/>\n<meta property=\"og:locale\" content=\"fr_FR\" \/>\n<meta property=\"og:type\" content=\"article\" \/>\n<meta property=\"og:title\" content=\"Coupe gourmande fruits rouges &amp; chantilly - Candle &amp; Co\" \/>\n<meta property=\"og:description\" content=\"Plongez dans l&#039;opulence sensorielle avec notre Bougie Coupe Gourmande, une cr\u00e9ation exquise qui marie l&#039;\u00e9l\u00e9gance \u00e0 la gourmandise. Pr\u00e9sent\u00e9e dans une coupe d\u00e9licieusement d\u00e9cor\u00e9e de chantilly et de fraises et framboises, cette bougie s\u00e9duit d\u00e8s le premier regard. Les notes enivrantes de fruits rouges, inspir\u00e9es des parfums de Grasse, \u00e9veillent vos sens pour une exp\u00e9rience olfactive exceptionnelle.    Notes Florale \/ Fruit rouge \/ Gourmandes   T\u00eate gel\u00e9e de fraise\/cassis   Coeur bonbon \u00e0 la fraise\/violette   Fond sucre candie\/framboise    &nbsp;  &nbsp;\" \/>\n<meta property=\"og:url\" content=\"https:\/\/candlenco.fr\/index.php\/produit\/coupe-gourmande-fruits-rouges-chantilly\/\" \/>\n<meta property=\"og:site_name\" content=\"Candle &amp; Co\" \/>\n<meta property=\"article:publisher\" content=\"https:\/\/www.facebook.com\/ribesjulie\" \/>\n<meta property=\"article:modified_time\" content=\"2024-01-18T22:52:20+00:00\" \/>\n<meta property=\"og:image\" content=\"https:\/\/i0.wp.com\/candlenco.fr\/wp-content\/uploads\/2024\/01\/IMG_6370-scaled.jpg?fit=1920%2C2560&ssl=1\" \/>\n\t<meta property=\"og:image:width\" content=\"1920\" \/>\n\t<meta property=\"og:image:height\" content=\"2560\" \/>\n\t<meta property=\"og:image:type\" content=\"image\/jpeg\" \/>\n<meta name=\"twitter:card\" content=\"summary_large_image\" \/>\n<meta name=\"twitter:label1\" content=\"Dur\u00e9e de lecture estim\u00e9e\" \/>\n\t<meta name=\"twitter:data1\" content=\"1 minute\" \/>\n<script type=\"application\/ld+json\" class=\"yoast-schema-graph\">{\"@context\":\"https:\/\/schema.org\",\"@graph\":[{\"@type\":\"WebPage\",\"@id\":\"https:\/\/candlenco.fr\/index.php\/produit\/coupe-gourmande-fruits-rouges-chantilly\/\",\"url\":\"https:\/\/candlenco.fr\/index.php\/produit\/coupe-gourmande-fruits-rouges-chantilly\/\",\"name\":\"Coupe gourmande fruits rouges & chantilly - Candle &amp; Co\",\"isPartOf\":{\"@id\":\"https:\/\/candlenco.fr\/#website\"},\"primaryImageOfPage\":{\"@id\":\"https:\/\/candlenco.fr\/index.php\/produit\/coupe-gourmande-fruits-rouges-chantilly\/#primaryimage\"},\"image\":{\"@id\":\"https:\/\/candlenco.fr\/index.php\/produit\/coupe-gourmande-fruits-rouges-chantilly\/#primaryimage\"},\"thumbnailUrl\":\"https:\/\/i0.wp.com\/candlenco.fr\/wp-content\/uploads\/2024\/01\/IMG_6370-scaled.jpg?fit=1920%2C2560&ssl=1\",\"datePublished\":\"2024-01-18T08:38:24+00:00\",\"dateModified\":\"2024-01-18T22:52:20+00:00\",\"breadcrumb\":{\"@id\":\"https:\/\/candlenco.fr\/index.php\/produit\/coupe-gourmande-fruits-rouges-chantilly\/#breadcrumb\"},\"inLanguage\":\"fr-FR\",\"potentialAction\":[{\"@type\":\"ReadAction\",\"target\":[\"https:\/\/candlenco.fr\/index.php\/produit\/coupe-gourmande-fruits-rouges-chantilly\/\"]}]},{\"@type\":\"ImageObject\",\"inLanguage\":\"fr-FR\",\"@id\":\"https:\/\/candlenco.fr\/index.php\/produit\/coupe-gourmande-fruits-rouges-chantilly\/#primaryimage\",\"url\":\"https:\/\/i0.wp.com\/candlenco.fr\/wp-content\/uploads\/2024\/01\/IMG_6370-scaled.jpg?fit=1920%2C2560&ssl=1\",\"contentUrl\":\"https:\/\/i0.wp.com\/candlenco.fr\/wp-content\/uploads\/2024\/01\/IMG_6370-scaled.jpg?fit=1920%2C2560&ssl=1\",\"width\":1920,\"height\":2560},{\"@type\":\"BreadcrumbList\",\"@id\":\"https:\/\/candlenco.fr\/index.php\/produit\/coupe-gourmande-fruits-rouges-chantilly\/#breadcrumb\",\"itemListElement\":[{\"@type\":\"ListItem\",\"position\":1,\"name\":\"Accueil\",\"item\":\"https:\/\/candlenco.fr\/\"},{\"@type\":\"ListItem\",\"position\":2,\"name\":\"Boutique\",\"item\":\"https:\/\/candlenco.fr\/index.php\/boutique\/\"},{\"@type\":\"ListItem\",\"position\":3,\"name\":\"Coupe gourmande fruits rouges &#038; chantilly\"}]},{\"@type\":\"WebSite\",\"@id\":\"https:\/\/candlenco.fr\/#website\",\"url\":\"https:\/\/candlenco.fr\/\",\"name\":\"Candle & Co\",\"description\":\"\",\"publisher\":{\"@id\":\"https:\/\/candlenco.fr\/#organization\"},\"potentialAction\":[{\"@type\":\"SearchAction\",\"target\":{\"@type\":\"EntryPoint\",\"urlTemplate\":\"https:\/\/candlenco.fr\/?s={search_term_string}\"},\"query-input\":{\"@type\":\"PropertyValueSpecification\",\"valueRequired\":true,\"valueName\":\"search_term_string\"}}],\"inLanguage\":\"fr-FR\"},{\"@type\":\"Organization\",\"@id\":\"https:\/\/candlenco.fr\/#organization\",\"name\":\"Candle & Co\",\"url\":\"https:\/\/candlenco.fr\/\",\"logo\":{\"@type\":\"ImageObject\",\"inLanguage\":\"fr-FR\",\"@id\":\"https:\/\/candlenco.fr\/#\/schema\/logo\/image\/\",\"url\":\"https:\/\/i0.wp.com\/candlenco.fr\/wp-content\/uploads\/2023\/11\/Logo.png?fit=250%2C250&ssl=1\",\"contentUrl\":\"https:\/\/i0.wp.com\/candlenco.fr\/wp-content\/uploads\/2023\/11\/Logo.png?fit=250%2C250&ssl=1\",\"width\":250,\"height\":250,\"caption\":\"Candle & Co\"},\"image\":{\"@id\":\"https:\/\/candlenco.fr\/#\/schema\/logo\/image\/\"},\"sameAs\":[\"https:\/\/www.facebook.com\/ribesjulie\",\"https:\/\/www.instagram.com\/candlenco23\"]}]}<\/script>\n<!-- \/ Yoast SEO plugin. -->","yoast_head_json":{"title":"Coupe gourmande fruits rouges & chantilly - Candle &amp; Co","robots":{"index":"index","follow":"follow","max-snippet":"max-snippet:-1","max-image-preview":"max-image-preview:large","max-video-preview":"max-video-preview:-1"},"canonical":"https:\/\/candlenco.fr\/index.php\/produit\/coupe-gourmande-fruits-rouges-chantilly\/","og_locale":"fr_FR","og_type":"article","og_title":"Coupe gourmande fruits rouges & chantilly - Candle &amp; Co","og_description":"Plongez dans l'opulence sensorielle avec notre Bougie Coupe Gourmande, une cr\u00e9ation exquise qui marie l'\u00e9l\u00e9gance \u00e0 la gourmandise. Pr\u00e9sent\u00e9e dans une coupe d\u00e9licieusement d\u00e9cor\u00e9e de chantilly et de fraises et framboises, cette bougie s\u00e9duit d\u00e8s le premier regard. Les notes enivrantes de fruits rouges, inspir\u00e9es des parfums de Grasse, \u00e9veillent vos sens pour une exp\u00e9rience olfactive exceptionnelle.    Notes Florale \/ Fruit rouge \/ Gourmandes   T\u00eate gel\u00e9e de fraise\/cassis   Coeur bonbon \u00e0 la fraise\/violette   Fond sucre candie\/framboise    &nbsp;  &nbsp;","og_url":"https:\/\/candlenco.fr\/index.php\/produit\/coupe-gourmande-fruits-rouges-chantilly\/","og_site_name":"Candle &amp; Co","article_publisher":"https:\/\/www.facebook.com\/ribesjulie","article_modified_time":"2024-01-18T22:52:20+00:00","og_image":[{"width":1920,"height":2560,"url":"https:\/\/i0.wp.com\/candlenco.fr\/wp-content\/uploads\/2024\/01\/IMG_6370-scaled.jpg?fit=1920%2C2560&ssl=1","type":"image\/jpeg"}],"twitter_card":"summary_large_image","twitter_misc":{"Dur\u00e9e de lecture estim\u00e9e":"1 minute"},"schema":{"@context":"https:\/\/schema.org","@graph":[{"@type":"WebPage","@id":"https:\/\/candlenco.fr\/index.php\/produit\/coupe-gourmande-fruits-rouges-chantilly\/","url":"https:\/\/candlenco.fr\/index.php\/produit\/coupe-gourmande-fruits-rouges-chantilly\/","name":"Coupe gourmande fruits rouges & chantilly - Candle &amp; Co","isPartOf":{"@id":"https:\/\/candlenco.fr\/#website"},"primaryImageOfPage":{"@id":"https:\/\/candlenco.fr\/index.php\/produit\/coupe-gourmande-fruits-rouges-chantilly\/#primaryimage"},"image":{"@id":"https:\/\/candlenco.fr\/index.php\/produit\/coupe-gourmande-fruits-rouges-chantilly\/#primaryimage"},"thumbnailUrl":"https:\/\/i0.wp.com\/candlenco.fr\/wp-content\/uploads\/2024\/01\/IMG_6370-scaled.jpg?fit=1920%2C2560&ssl=1","datePublished":"2024-01-18T08:38:24+00:00","dateModified":"2024-01-18T22:52:20+00:00","breadcrumb":{"@id":"https:\/\/candlenco.fr\/index.php\/produit\/coupe-gourmande-fruits-rouges-chantilly\/#breadcrumb"},"inLanguage":"fr-FR","potentialAction":[{"@type":"ReadAction","target":["https:\/\/candlenco.fr\/index.php\/produit\/coupe-gourmande-fruits-rouges-chantilly\/"]}]},{"@type":"ImageObject","inLanguage":"fr-FR","@id":"https:\/\/candlenco.fr\/index.php\/produit\/coupe-gourmande-fruits-rouges-chantilly\/#primaryimage","url":"https:\/\/i0.wp.com\/candlenco.fr\/wp-content\/uploads\/2024\/01\/IMG_6370-scaled.jpg?fit=1920%2C2560&ssl=1","contentUrl":"https:\/\/i0.wp.com\/candlenco.fr\/wp-content\/uploads\/2024\/01\/IMG_6370-scaled.jpg?fit=1920%2C2560&ssl=1","width":1920,"height":2560},{"@type":"BreadcrumbList","@id":"https:\/\/candlenco.fr\/index.php\/produit\/coupe-gourmande-fruits-rouges-chantilly\/#breadcrumb","itemListElement":[{"@type":"ListItem","position":1,"name":"Accueil","item":"https:\/\/candlenco.fr\/"},{"@type":"ListItem","position":2,"name":"Boutique","item":"https:\/\/candlenco.fr\/index.php\/boutique\/"},{"@type":"ListItem","position":3,"name":"Coupe gourmande fruits rouges &#038; chantilly"}]},{"@type":"WebSite","@id":"https:\/\/candlenco.fr\/#website","url":"https:\/\/candlenco.fr\/","name":"Candle & Co","description":"","publisher":{"@id":"https:\/\/candlenco.fr\/#organization"},"potentialAction":[{"@type":"SearchAction","target":{"@type":"EntryPoint","urlTemplate":"https:\/\/candlenco.fr\/?s={search_term_string}"},"query-input":{"@type":"PropertyValueSpecification","valueRequired":true,"valueName":"search_term_string"}}],"inLanguage":"fr-FR"},{"@type":"Organization","@id":"https:\/\/candlenco.fr\/#organization","name":"Candle & Co","url":"https:\/\/candlenco.fr\/","logo":{"@type":"ImageObject","inLanguage":"fr-FR","@id":"https:\/\/candlenco.fr\/#\/schema\/logo\/image\/","url":"https:\/\/i0.wp.com\/candlenco.fr\/wp-content\/uploads\/2023\/11\/Logo.png?fit=250%2C250&ssl=1","contentUrl":"https:\/\/i0.wp.com\/candlenco.fr\/wp-content\/uploads\/2023\/11\/Logo.png?fit=250%2C250&ssl=1","width":250,"height":250,"caption":"Candle & Co"},"image":{"@id":"https:\/\/candlenco.fr\/#\/schema\/logo\/image\/"},"sameAs":["https:\/\/www.facebook.com\/ribesjulie","https:\/\/www.instagram.com\/candlenco23"]}]}},"jetpack_sharing_enabled":true,"_links":{"self":[{"href":"https:\/\/candlenco.fr\/index.php\/wp-json\/wp\/v2\/product\/2928","targetHints":{"allow":["GET"]}}],"collection":[{"href":"https:\/\/candlenco.fr\/index.php\/wp-json\/wp\/v2\/product"}],"about":[{"href":"https:\/\/candlenco.fr\/index.php\/wp-json\/wp\/v2\/types\/product"}],"replies":[{"embeddable":true,"href":"https:\/\/candlenco.fr\/index.php\/wp-json\/wp\/v2\/comments?post=2928"}],"wp:featuredmedia":[{"embeddable":true,"href":"https:\/\/candlenco.fr\/index.php\/wp-json\/wp\/v2\/media\/2931"}],"wp:attachment":[{"href":"https:\/\/candlenco.fr\/index.php\/wp-json\/wp\/v2\/media?parent=2928"}],"wp:term":[{"taxonomy":"product_brand","embeddable":true,"href":"https:\/\/candlenco.fr\/index.php\/wp-json\/wp\/v2\/product_brand?post=2928"},{"taxonomy":"product_cat","embeddable":true,"href":"https:\/\/candlenco.fr\/index.php\/wp-json\/wp\/v2\/product_cat?post=2928"},{"taxonomy":"product_tag","embeddable":true,"href":"https:\/\/candlenco.fr\/index.php\/wp-json\/wp\/v2\/product_tag?post=2928"}],"curies":[{"name":"wp","href":"https:\/\/api.w.org\/{rel}","templated":true}]}}