{"id":3077,"date":"2024-01-18T15:29:35","date_gmt":"2024-01-18T14:29:35","guid":{"rendered":"https:\/\/candlenco.fr\/?post_type=product&#038;p=3077"},"modified":"2025-01-03T18:40:38","modified_gmt":"2025-01-03T17:40:38","slug":"fondants-donuts","status":"publish","type":"product","link":"https:\/\/candlenco.fr\/index.php\/produit\/fondants-donuts\/","title":{"rendered":"Fondants donuts"},"content":{"rendered":"<div class=\"flex flex-grow flex-col max-w-full\">\n<div class=\"min-h-[20px] text-message flex flex-col items-start gap-3 whitespace-pre-wrap break-words [.text-message+&amp;]:mt-5 overflow-x-auto\" data-message-author-role=\"assistant\" data-message-id=\"5c632562-0b7c-469a-b103-2b54b59d150b\">\n<div class=\"markdown prose w-full break-words dark:prose-invert light\">\n<p>Bienvenue dans l&rsquo;univers sensoriel de nos Fondants Parfum\u00e9s en Trompe-l&rsquo;\u0153il, une exp\u00e9rience olfactive qui \u00e9veillera vos sens tout en charmant vos yeux. Ces adorables fondants prennent la forme de d\u00e9licieux donuts, offrant une apparence gourmande et une fragrance exquise pour une ambiance chaleureuse et enveloppante.<\/p>\n<p>Le trompe-l&rsquo;\u0153il r\u00e9aliste ajoute une touche ludique \u00e0 votre espace, cr\u00e9ant une illusion olfactive et visuelle qui transforme chaque coin en un paradis gourmand.<\/p>\n<\/div>\n<p>pyramide olfactive du donuts sans le gla\u00e7age fruits rouges ou chocolat.<\/p>\n<table class=\"table table-data-sheet\">\n<tbody>\n<tr class=\"odd\">\n<td>Notes<\/td>\n<td>Gourmandes<\/td>\n<\/tr>\n<tr class=\"even\">\n<td>T\u00eate<\/td>\n<td>lait\/praline<\/td>\n<\/tr>\n<tr class=\"odd\">\n<td>Coeur<\/td>\n<td>noix de coco\/beurre<\/td>\n<\/tr>\n<tr class=\"even\">\n<td>Fond<\/td>\n<td>vanille<\/td>\n<\/tr>\n<\/tbody>\n<\/table>\n<p>fruits rouges :<\/p>\n<table class=\"table table-data-sheet\">\n<tbody>\n<tr class=\"even\">\n<td>Notes<\/td>\n<td>Florale \/ Fruit rouge \/ Gourmandes<\/td>\n<\/tr>\n<tr class=\"odd\">\n<td>T\u00eate<\/td>\n<td>gel\u00e9e de fraise\/cassis<\/td>\n<\/tr>\n<tr class=\"even\">\n<td>Coeur<\/td>\n<td>bonbon \u00e0 la fraise\/violette<\/td>\n<\/tr>\n<tr class=\"odd\">\n<td>Fond<\/td>\n<td>sucre candie\/framboise<\/td>\n<\/tr>\n<\/tbody>\n<\/table>\n<p>Chocolat:<\/p>\n<table class=\"table table-data-sheet\">\n<tbody>\n<tr class=\"even\">\n<td>Notes<\/td>\n<td>Alimentaire \/ Chocolat\u00e9e \/ Vanill\u00e9e<\/td>\n<\/tr>\n<tr class=\"odd\">\n<td>T\u00eate<\/td>\n<td>lait chaud<\/td>\n<\/tr>\n<tr class=\"even\">\n<td>Coeur<\/td>\n<td>chocolat noir<\/td>\n<\/tr>\n<tr class=\"odd\">\n<td>Fond<\/td>\n<td>vanille<\/td>\n<\/tr>\n<\/tbody>\n<\/table>\n<div class=\"markdown prose w-full break-words dark:prose-invert light\">\n<p>Sans CMR<\/p>\n<p>Sans Phtalate<\/p>\n<p>Cruelty Free<\/p>\n<p>Vegan Friendly<\/p>\n<p>100% Cire de soja<br \/>\nParfums de grasse<\/p>\n<p>Chaque fragrance r\u00e9pond aux normes europ\u00e9ennes: IFRA, CLP CE N\u00b01907\/2006.<\/p>\n<p>Toutes les \u00e9tiquettes clp seront \u00e0 l\u2019arri\u00e8re du contenant ou sur les boites quand vous recevrez votre bougie apr\u00e8s son achat.<\/p>\n<\/div>\n<\/div>\n<\/div>\n","protected":false},"excerpt":{"rendered":"<p>Bienvenue dans l&rsquo;univers sensoriel de nos Fondants Parfum\u00e9s en Trompe-l&rsquo;\u0153il, une exp\u00e9rience olfactive qui \u00e9veillera vos sens tout en charmant vos yeux.<\/p>\n<p>Ces adorables fondants prennent la forme de d\u00e9licieux donuts, offrant une apparence gourmande et une fragrance exquise pour une ambiance chaleureuse et enveloppante.<\/p>\n<p>&nbsp;<\/p>\n","protected":false},"featured_media":3082,"comment_status":"open","ping_status":"closed","template":"","meta":[],"product_brand":[],"product_cat":[150],"product_tag":[],"class_list":{"0":"post-3077","1":"product","2":"type-product","3":"status-publish","4":"has-post-thumbnail","6":"product_cat-fondants","8":"first","9":"instock","10":"shipping-taxable","11":"purchasable","12":"product-type-variable"},"yoast_head":"<!-- This site is optimized with the Yoast SEO plugin v26.3 - https:\/\/yoast.com\/wordpress\/plugins\/seo\/ -->\n<title>Fondants donuts - Candle &amp; Co<\/title>\n<meta name=\"robots\" content=\"index, follow, max-snippet:-1, max-image-preview:large, max-video-preview:-1\" \/>\n<link rel=\"canonical\" href=\"https:\/\/candlenco.fr\/index.php\/produit\/fondants-donuts\/\" \/>\n<meta property=\"og:locale\" content=\"fr_FR\" \/>\n<meta property=\"og:type\" content=\"article\" \/>\n<meta property=\"og:title\" content=\"Fondants donuts - Candle &amp; Co\" \/>\n<meta property=\"og:description\" content=\"Bienvenue dans l&#039;univers sensoriel de nos Fondants Parfum\u00e9s en Trompe-l&#039;\u0153il, une exp\u00e9rience olfactive qui \u00e9veillera vos sens tout en charmant vos yeux.  Ces adorables fondants prennent la forme de d\u00e9licieux donuts, offrant une apparence gourmande et une fragrance exquise pour une ambiance chaleureuse et enveloppante.  &nbsp;\" \/>\n<meta property=\"og:url\" content=\"https:\/\/candlenco.fr\/index.php\/produit\/fondants-donuts\/\" \/>\n<meta property=\"og:site_name\" content=\"Candle &amp; Co\" \/>\n<meta property=\"article:publisher\" content=\"https:\/\/www.facebook.com\/ribesjulie\" \/>\n<meta property=\"article:modified_time\" content=\"2025-01-03T17:40:38+00:00\" \/>\n<meta property=\"og:image\" content=\"https:\/\/i0.wp.com\/candlenco.fr\/wp-content\/uploads\/2024\/01\/7ABF30A8-5056-4CF9-86C0-63439E2EB1C8.jpg?fit=1440%2C1795&ssl=1\" \/>\n\t<meta property=\"og:image:width\" content=\"1440\" \/>\n\t<meta property=\"og:image:height\" content=\"1795\" \/>\n\t<meta property=\"og:image:type\" content=\"image\/jpeg\" \/>\n<meta name=\"twitter:card\" content=\"summary_large_image\" \/>\n<meta name=\"twitter:label1\" content=\"Dur\u00e9e de lecture estim\u00e9e\" \/>\n\t<meta name=\"twitter:data1\" content=\"1 minute\" \/>\n<script type=\"application\/ld+json\" class=\"yoast-schema-graph\">{\"@context\":\"https:\/\/schema.org\",\"@graph\":[{\"@type\":\"WebPage\",\"@id\":\"https:\/\/candlenco.fr\/index.php\/produit\/fondants-donuts\/\",\"url\":\"https:\/\/candlenco.fr\/index.php\/produit\/fondants-donuts\/\",\"name\":\"Fondants donuts - Candle &amp; Co\",\"isPartOf\":{\"@id\":\"https:\/\/candlenco.fr\/#website\"},\"primaryImageOfPage\":{\"@id\":\"https:\/\/candlenco.fr\/index.php\/produit\/fondants-donuts\/#primaryimage\"},\"image\":{\"@id\":\"https:\/\/candlenco.fr\/index.php\/produit\/fondants-donuts\/#primaryimage\"},\"thumbnailUrl\":\"https:\/\/i0.wp.com\/candlenco.fr\/wp-content\/uploads\/2024\/01\/7ABF30A8-5056-4CF9-86C0-63439E2EB1C8.jpg?fit=1440%2C1795&ssl=1\",\"datePublished\":\"2024-01-18T14:29:35+00:00\",\"dateModified\":\"2025-01-03T17:40:38+00:00\",\"breadcrumb\":{\"@id\":\"https:\/\/candlenco.fr\/index.php\/produit\/fondants-donuts\/#breadcrumb\"},\"inLanguage\":\"fr-FR\",\"potentialAction\":[{\"@type\":\"ReadAction\",\"target\":[\"https:\/\/candlenco.fr\/index.php\/produit\/fondants-donuts\/\"]}]},{\"@type\":\"ImageObject\",\"inLanguage\":\"fr-FR\",\"@id\":\"https:\/\/candlenco.fr\/index.php\/produit\/fondants-donuts\/#primaryimage\",\"url\":\"https:\/\/i0.wp.com\/candlenco.fr\/wp-content\/uploads\/2024\/01\/7ABF30A8-5056-4CF9-86C0-63439E2EB1C8.jpg?fit=1440%2C1795&ssl=1\",\"contentUrl\":\"https:\/\/i0.wp.com\/candlenco.fr\/wp-content\/uploads\/2024\/01\/7ABF30A8-5056-4CF9-86C0-63439E2EB1C8.jpg?fit=1440%2C1795&ssl=1\",\"width\":1440,\"height\":1795},{\"@type\":\"BreadcrumbList\",\"@id\":\"https:\/\/candlenco.fr\/index.php\/produit\/fondants-donuts\/#breadcrumb\",\"itemListElement\":[{\"@type\":\"ListItem\",\"position\":1,\"name\":\"Accueil\",\"item\":\"https:\/\/candlenco.fr\/\"},{\"@type\":\"ListItem\",\"position\":2,\"name\":\"Boutique\",\"item\":\"https:\/\/candlenco.fr\/index.php\/boutique\/\"},{\"@type\":\"ListItem\",\"position\":3,\"name\":\"Fondants donuts\"}]},{\"@type\":\"WebSite\",\"@id\":\"https:\/\/candlenco.fr\/#website\",\"url\":\"https:\/\/candlenco.fr\/\",\"name\":\"Candle & Co\",\"description\":\"\",\"publisher\":{\"@id\":\"https:\/\/candlenco.fr\/#organization\"},\"potentialAction\":[{\"@type\":\"SearchAction\",\"target\":{\"@type\":\"EntryPoint\",\"urlTemplate\":\"https:\/\/candlenco.fr\/?s={search_term_string}\"},\"query-input\":{\"@type\":\"PropertyValueSpecification\",\"valueRequired\":true,\"valueName\":\"search_term_string\"}}],\"inLanguage\":\"fr-FR\"},{\"@type\":\"Organization\",\"@id\":\"https:\/\/candlenco.fr\/#organization\",\"name\":\"Candle & Co\",\"url\":\"https:\/\/candlenco.fr\/\",\"logo\":{\"@type\":\"ImageObject\",\"inLanguage\":\"fr-FR\",\"@id\":\"https:\/\/candlenco.fr\/#\/schema\/logo\/image\/\",\"url\":\"https:\/\/i0.wp.com\/candlenco.fr\/wp-content\/uploads\/2023\/11\/Logo.png?fit=250%2C250&ssl=1\",\"contentUrl\":\"https:\/\/i0.wp.com\/candlenco.fr\/wp-content\/uploads\/2023\/11\/Logo.png?fit=250%2C250&ssl=1\",\"width\":250,\"height\":250,\"caption\":\"Candle & Co\"},\"image\":{\"@id\":\"https:\/\/candlenco.fr\/#\/schema\/logo\/image\/\"},\"sameAs\":[\"https:\/\/www.facebook.com\/ribesjulie\",\"https:\/\/www.instagram.com\/candlenco23\"]}]}<\/script>\n<!-- \/ Yoast SEO plugin. -->","yoast_head_json":{"title":"Fondants donuts - Candle &amp; Co","robots":{"index":"index","follow":"follow","max-snippet":"max-snippet:-1","max-image-preview":"max-image-preview:large","max-video-preview":"max-video-preview:-1"},"canonical":"https:\/\/candlenco.fr\/index.php\/produit\/fondants-donuts\/","og_locale":"fr_FR","og_type":"article","og_title":"Fondants donuts - Candle &amp; Co","og_description":"Bienvenue dans l'univers sensoriel de nos Fondants Parfum\u00e9s en Trompe-l'\u0153il, une exp\u00e9rience olfactive qui \u00e9veillera vos sens tout en charmant vos yeux.  Ces adorables fondants prennent la forme de d\u00e9licieux donuts, offrant une apparence gourmande et une fragrance exquise pour une ambiance chaleureuse et enveloppante.  &nbsp;","og_url":"https:\/\/candlenco.fr\/index.php\/produit\/fondants-donuts\/","og_site_name":"Candle &amp; Co","article_publisher":"https:\/\/www.facebook.com\/ribesjulie","article_modified_time":"2025-01-03T17:40:38+00:00","og_image":[{"width":1440,"height":1795,"url":"https:\/\/i0.wp.com\/candlenco.fr\/wp-content\/uploads\/2024\/01\/7ABF30A8-5056-4CF9-86C0-63439E2EB1C8.jpg?fit=1440%2C1795&ssl=1","type":"image\/jpeg"}],"twitter_card":"summary_large_image","twitter_misc":{"Dur\u00e9e de lecture estim\u00e9e":"1 minute"},"schema":{"@context":"https:\/\/schema.org","@graph":[{"@type":"WebPage","@id":"https:\/\/candlenco.fr\/index.php\/produit\/fondants-donuts\/","url":"https:\/\/candlenco.fr\/index.php\/produit\/fondants-donuts\/","name":"Fondants donuts - Candle &amp; Co","isPartOf":{"@id":"https:\/\/candlenco.fr\/#website"},"primaryImageOfPage":{"@id":"https:\/\/candlenco.fr\/index.php\/produit\/fondants-donuts\/#primaryimage"},"image":{"@id":"https:\/\/candlenco.fr\/index.php\/produit\/fondants-donuts\/#primaryimage"},"thumbnailUrl":"https:\/\/i0.wp.com\/candlenco.fr\/wp-content\/uploads\/2024\/01\/7ABF30A8-5056-4CF9-86C0-63439E2EB1C8.jpg?fit=1440%2C1795&ssl=1","datePublished":"2024-01-18T14:29:35+00:00","dateModified":"2025-01-03T17:40:38+00:00","breadcrumb":{"@id":"https:\/\/candlenco.fr\/index.php\/produit\/fondants-donuts\/#breadcrumb"},"inLanguage":"fr-FR","potentialAction":[{"@type":"ReadAction","target":["https:\/\/candlenco.fr\/index.php\/produit\/fondants-donuts\/"]}]},{"@type":"ImageObject","inLanguage":"fr-FR","@id":"https:\/\/candlenco.fr\/index.php\/produit\/fondants-donuts\/#primaryimage","url":"https:\/\/i0.wp.com\/candlenco.fr\/wp-content\/uploads\/2024\/01\/7ABF30A8-5056-4CF9-86C0-63439E2EB1C8.jpg?fit=1440%2C1795&ssl=1","contentUrl":"https:\/\/i0.wp.com\/candlenco.fr\/wp-content\/uploads\/2024\/01\/7ABF30A8-5056-4CF9-86C0-63439E2EB1C8.jpg?fit=1440%2C1795&ssl=1","width":1440,"height":1795},{"@type":"BreadcrumbList","@id":"https:\/\/candlenco.fr\/index.php\/produit\/fondants-donuts\/#breadcrumb","itemListElement":[{"@type":"ListItem","position":1,"name":"Accueil","item":"https:\/\/candlenco.fr\/"},{"@type":"ListItem","position":2,"name":"Boutique","item":"https:\/\/candlenco.fr\/index.php\/boutique\/"},{"@type":"ListItem","position":3,"name":"Fondants donuts"}]},{"@type":"WebSite","@id":"https:\/\/candlenco.fr\/#website","url":"https:\/\/candlenco.fr\/","name":"Candle & Co","description":"","publisher":{"@id":"https:\/\/candlenco.fr\/#organization"},"potentialAction":[{"@type":"SearchAction","target":{"@type":"EntryPoint","urlTemplate":"https:\/\/candlenco.fr\/?s={search_term_string}"},"query-input":{"@type":"PropertyValueSpecification","valueRequired":true,"valueName":"search_term_string"}}],"inLanguage":"fr-FR"},{"@type":"Organization","@id":"https:\/\/candlenco.fr\/#organization","name":"Candle & Co","url":"https:\/\/candlenco.fr\/","logo":{"@type":"ImageObject","inLanguage":"fr-FR","@id":"https:\/\/candlenco.fr\/#\/schema\/logo\/image\/","url":"https:\/\/i0.wp.com\/candlenco.fr\/wp-content\/uploads\/2023\/11\/Logo.png?fit=250%2C250&ssl=1","contentUrl":"https:\/\/i0.wp.com\/candlenco.fr\/wp-content\/uploads\/2023\/11\/Logo.png?fit=250%2C250&ssl=1","width":250,"height":250,"caption":"Candle & Co"},"image":{"@id":"https:\/\/candlenco.fr\/#\/schema\/logo\/image\/"},"sameAs":["https:\/\/www.facebook.com\/ribesjulie","https:\/\/www.instagram.com\/candlenco23"]}]}},"jetpack_sharing_enabled":true,"_links":{"self":[{"href":"https:\/\/candlenco.fr\/index.php\/wp-json\/wp\/v2\/product\/3077","targetHints":{"allow":["GET"]}}],"collection":[{"href":"https:\/\/candlenco.fr\/index.php\/wp-json\/wp\/v2\/product"}],"about":[{"href":"https:\/\/candlenco.fr\/index.php\/wp-json\/wp\/v2\/types\/product"}],"replies":[{"embeddable":true,"href":"https:\/\/candlenco.fr\/index.php\/wp-json\/wp\/v2\/comments?post=3077"}],"wp:featuredmedia":[{"embeddable":true,"href":"https:\/\/candlenco.fr\/index.php\/wp-json\/wp\/v2\/media\/3082"}],"wp:attachment":[{"href":"https:\/\/candlenco.fr\/index.php\/wp-json\/wp\/v2\/media?parent=3077"}],"wp:term":[{"taxonomy":"product_brand","embeddable":true,"href":"https:\/\/candlenco.fr\/index.php\/wp-json\/wp\/v2\/product_brand?post=3077"},{"taxonomy":"product_cat","embeddable":true,"href":"https:\/\/candlenco.fr\/index.php\/wp-json\/wp\/v2\/product_cat?post=3077"},{"taxonomy":"product_tag","embeddable":true,"href":"https:\/\/candlenco.fr\/index.php\/wp-json\/wp\/v2\/product_tag?post=3077"}],"curies":[{"name":"wp","href":"https:\/\/api.w.org\/{rel}","templated":true}]}}