{"id":3089,"date":"2024-01-18T15:55:41","date_gmt":"2024-01-18T14:55:41","guid":{"rendered":"https:\/\/candlenco.fr\/?post_type=product&#038;p=3089"},"modified":"2024-12-30T14:45:08","modified_gmt":"2024-12-30T13:45:08","slug":"mug-chocolat-chaud","status":"publish","type":"product","link":"https:\/\/candlenco.fr\/index.php\/produit\/mug-chocolat-chaud\/","title":{"rendered":"Mug Chocolat chaud"},"content":{"rendered":"<div class=\"flex flex-grow flex-col max-w-full\">\n<div class=\"min-h-[20px] text-message flex flex-col items-start gap-3 whitespace-pre-wrap break-words [.text-message+&amp;]:mt-5 overflow-x-auto\" data-message-author-role=\"assistant\" data-message-id=\"f60cdce2-1643-49aa-afb2-abfdb4199b03\">\n<div class=\"markdown prose w-full break-words dark:prose-invert light\">\n<p>Plongez dans une exp\u00e9rience sensorielle riche et chaleureuse qui allie l&rsquo;ar\u00f4me irr\u00e9sistible du chocolat chaud \u00e0 la lueur apaisante d&rsquo;une bougie de grande taille, pour un r\u00e9confort optimal.<\/p>\n<p>La bougie mug est non seulement une source enveloppante de lumi\u00e8re, mais aussi un \u00e9l\u00e9ment de d\u00e9coration \u00e9l\u00e9gant. Avec son poids g\u00e9n\u00e9reux, elle devient un objet\u00a0 qui attire les regards tout en diffusant l&rsquo;ar\u00f4me d\u00e9licieux de chocolat chaud dans votre espace.<\/p>\n<p>Sans CMR<\/p>\n<p>Sans Phtalate<\/p>\n<p>Cruelty Free<\/p>\n<p>Vegan Friendly<\/p>\n<p>100% Cire de soja<br \/>\nParfums de grasse<\/p>\n<p>Chaque fragrance r\u00e9pond aux normes europ\u00e9ennes: IFRA, CLP CE N\u00b01907\/2006.<\/p>\n<p>Toutes les \u00e9tiquettes clp seront \u00e0 l\u2019arri\u00e8re du contenant ou sur les boites quand vous recevrez votre bougie apr\u00e8s son achat.<\/p>\n<\/div>\n<\/div>\n<\/div>\n","protected":false},"excerpt":{"rendered":"<p>Plongez dans une exp\u00e9rience sensorielle riche et chaleureuse qui allie l&rsquo;ar\u00f4me irr\u00e9sistible du chocolat chaud \u00e0 la lueur apaisante d&rsquo;une bougie de grande taille, pour un r\u00e9confort optimal.<\/p>\n<p>La bougie mug est non seulement une source enveloppante de lumi\u00e8re, mais aussi un \u00e9l\u00e9ment de d\u00e9coration \u00e9l\u00e9gant. Avec son poids g\u00e9n\u00e9reux, elle devient un objet\u00a0 qui attire les regards tout en diffusant l&rsquo;ar\u00f4me d\u00e9licieux de chocolat chaud dans votre espace.<\/p>\n<table class=\"table table-data-sheet\">\n<tbody>\n<tr class=\"even\">\n<td>Notes<\/td>\n<td>Alimentaire \/ Chocolat\u00e9e \/ Vanill\u00e9e<\/td>\n<\/tr>\n<tr class=\"odd\">\n<td>T\u00eate<\/td>\n<td>lait chaud<\/td>\n<\/tr>\n<tr class=\"even\">\n<td>Coeur<\/td>\n<td>chocolat noir<\/td>\n<\/tr>\n<tr class=\"odd\">\n<td>Fond<\/td>\n<td>vanille<\/td>\n<\/tr>\n<\/tbody>\n<\/table>\n","protected":false},"featured_media":3608,"comment_status":"open","ping_status":"closed","template":"","meta":[],"product_brand":[],"product_cat":[178,172],"product_tag":[],"class_list":{"0":"post-3089","1":"product","2":"type-product","3":"status-publish","4":"has-post-thumbnail","6":"product_cat-collection-permanente","7":"product_cat-bougies-gourmandes","9":"first","10":"outofstock","11":"shipping-taxable","12":"purchasable","13":"product-type-simple"},"yoast_head":"<!-- This site is optimized with the Yoast SEO plugin v26.3 - https:\/\/yoast.com\/wordpress\/plugins\/seo\/ -->\n<title>Mug Chocolat chaud - Candle &amp; Co<\/title>\n<meta name=\"robots\" content=\"index, follow, max-snippet:-1, max-image-preview:large, max-video-preview:-1\" \/>\n<link rel=\"canonical\" href=\"https:\/\/candlenco.fr\/index.php\/produit\/mug-chocolat-chaud\/\" \/>\n<meta property=\"og:locale\" content=\"fr_FR\" \/>\n<meta property=\"og:type\" content=\"article\" \/>\n<meta property=\"og:title\" content=\"Mug Chocolat chaud - Candle &amp; Co\" \/>\n<meta property=\"og:description\" content=\"Plongez dans une exp\u00e9rience sensorielle riche et chaleureuse qui allie l&#039;ar\u00f4me irr\u00e9sistible du chocolat chaud \u00e0 la lueur apaisante d&#039;une bougie de grande taille, pour un r\u00e9confort optimal.  La bougie mug est non seulement une source enveloppante de lumi\u00e8re, mais aussi un \u00e9l\u00e9ment de d\u00e9coration \u00e9l\u00e9gant. Avec son poids g\u00e9n\u00e9reux, elle devient un objet\u00a0 qui attire les regards tout en diffusant l&#039;ar\u00f4me d\u00e9licieux de chocolat chaud dans votre espace.    Notes Alimentaire \/ Chocolat\u00e9e \/ Vanill\u00e9e   T\u00eate lait chaud   Coeur chocolat noir   Fond vanille\" \/>\n<meta property=\"og:url\" content=\"https:\/\/candlenco.fr\/index.php\/produit\/mug-chocolat-chaud\/\" \/>\n<meta property=\"og:site_name\" content=\"Candle &amp; Co\" \/>\n<meta property=\"article:publisher\" content=\"https:\/\/www.facebook.com\/ribesjulie\" \/>\n<meta property=\"article:modified_time\" content=\"2024-12-30T13:45:08+00:00\" \/>\n<meta property=\"og:image\" content=\"https:\/\/candlenco.fr\/wp-content\/uploads\/2024\/01\/IMG_2481-scaled.jpeg\" \/>\n\t<meta property=\"og:image:width\" content=\"1920\" \/>\n\t<meta property=\"og:image:height\" content=\"2560\" \/>\n\t<meta property=\"og:image:type\" content=\"image\/jpeg\" \/>\n<meta name=\"twitter:card\" content=\"summary_large_image\" \/>\n<meta name=\"twitter:label1\" content=\"Dur\u00e9e de lecture estim\u00e9e\" \/>\n\t<meta name=\"twitter:data1\" content=\"1 minute\" \/>\n<script type=\"application\/ld+json\" class=\"yoast-schema-graph\">{\"@context\":\"https:\/\/schema.org\",\"@graph\":[{\"@type\":\"WebPage\",\"@id\":\"https:\/\/candlenco.fr\/index.php\/produit\/mug-chocolat-chaud\/\",\"url\":\"https:\/\/candlenco.fr\/index.php\/produit\/mug-chocolat-chaud\/\",\"name\":\"Mug Chocolat chaud - Candle &amp; Co\",\"isPartOf\":{\"@id\":\"https:\/\/candlenco.fr\/#website\"},\"primaryImageOfPage\":{\"@id\":\"https:\/\/candlenco.fr\/index.php\/produit\/mug-chocolat-chaud\/#primaryimage\"},\"image\":{\"@id\":\"https:\/\/candlenco.fr\/index.php\/produit\/mug-chocolat-chaud\/#primaryimage\"},\"thumbnailUrl\":\"https:\/\/i0.wp.com\/candlenco.fr\/wp-content\/uploads\/2024\/01\/IMG_2481-scaled.jpeg?fit=1920%2C2560&ssl=1\",\"datePublished\":\"2024-01-18T14:55:41+00:00\",\"dateModified\":\"2024-12-30T13:45:08+00:00\",\"breadcrumb\":{\"@id\":\"https:\/\/candlenco.fr\/index.php\/produit\/mug-chocolat-chaud\/#breadcrumb\"},\"inLanguage\":\"fr-FR\",\"potentialAction\":[{\"@type\":\"ReadAction\",\"target\":[\"https:\/\/candlenco.fr\/index.php\/produit\/mug-chocolat-chaud\/\"]}]},{\"@type\":\"ImageObject\",\"inLanguage\":\"fr-FR\",\"@id\":\"https:\/\/candlenco.fr\/index.php\/produit\/mug-chocolat-chaud\/#primaryimage\",\"url\":\"https:\/\/i0.wp.com\/candlenco.fr\/wp-content\/uploads\/2024\/01\/IMG_2481-scaled.jpeg?fit=1920%2C2560&ssl=1\",\"contentUrl\":\"https:\/\/i0.wp.com\/candlenco.fr\/wp-content\/uploads\/2024\/01\/IMG_2481-scaled.jpeg?fit=1920%2C2560&ssl=1\",\"width\":1920,\"height\":2560},{\"@type\":\"BreadcrumbList\",\"@id\":\"https:\/\/candlenco.fr\/index.php\/produit\/mug-chocolat-chaud\/#breadcrumb\",\"itemListElement\":[{\"@type\":\"ListItem\",\"position\":1,\"name\":\"Accueil\",\"item\":\"https:\/\/candlenco.fr\/\"},{\"@type\":\"ListItem\",\"position\":2,\"name\":\"Boutique\",\"item\":\"https:\/\/candlenco.fr\/index.php\/boutique\/\"},{\"@type\":\"ListItem\",\"position\":3,\"name\":\"Mug Chocolat chaud\"}]},{\"@type\":\"WebSite\",\"@id\":\"https:\/\/candlenco.fr\/#website\",\"url\":\"https:\/\/candlenco.fr\/\",\"name\":\"Candle & Co\",\"description\":\"\",\"publisher\":{\"@id\":\"https:\/\/candlenco.fr\/#organization\"},\"potentialAction\":[{\"@type\":\"SearchAction\",\"target\":{\"@type\":\"EntryPoint\",\"urlTemplate\":\"https:\/\/candlenco.fr\/?s={search_term_string}\"},\"query-input\":{\"@type\":\"PropertyValueSpecification\",\"valueRequired\":true,\"valueName\":\"search_term_string\"}}],\"inLanguage\":\"fr-FR\"},{\"@type\":\"Organization\",\"@id\":\"https:\/\/candlenco.fr\/#organization\",\"name\":\"Candle & Co\",\"url\":\"https:\/\/candlenco.fr\/\",\"logo\":{\"@type\":\"ImageObject\",\"inLanguage\":\"fr-FR\",\"@id\":\"https:\/\/candlenco.fr\/#\/schema\/logo\/image\/\",\"url\":\"https:\/\/i0.wp.com\/candlenco.fr\/wp-content\/uploads\/2023\/11\/Logo.png?fit=250%2C250&ssl=1\",\"contentUrl\":\"https:\/\/i0.wp.com\/candlenco.fr\/wp-content\/uploads\/2023\/11\/Logo.png?fit=250%2C250&ssl=1\",\"width\":250,\"height\":250,\"caption\":\"Candle & Co\"},\"image\":{\"@id\":\"https:\/\/candlenco.fr\/#\/schema\/logo\/image\/\"},\"sameAs\":[\"https:\/\/www.facebook.com\/ribesjulie\",\"https:\/\/www.instagram.com\/candlenco23\"]}]}<\/script>\n<!-- \/ Yoast SEO plugin. -->","yoast_head_json":{"title":"Mug Chocolat chaud - Candle &amp; Co","robots":{"index":"index","follow":"follow","max-snippet":"max-snippet:-1","max-image-preview":"max-image-preview:large","max-video-preview":"max-video-preview:-1"},"canonical":"https:\/\/candlenco.fr\/index.php\/produit\/mug-chocolat-chaud\/","og_locale":"fr_FR","og_type":"article","og_title":"Mug Chocolat chaud - Candle &amp; Co","og_description":"Plongez dans une exp\u00e9rience sensorielle riche et chaleureuse qui allie l'ar\u00f4me irr\u00e9sistible du chocolat chaud \u00e0 la lueur apaisante d'une bougie de grande taille, pour un r\u00e9confort optimal.  La bougie mug est non seulement une source enveloppante de lumi\u00e8re, mais aussi un \u00e9l\u00e9ment de d\u00e9coration \u00e9l\u00e9gant. Avec son poids g\u00e9n\u00e9reux, elle devient un objet\u00a0 qui attire les regards tout en diffusant l'ar\u00f4me d\u00e9licieux de chocolat chaud dans votre espace.    Notes Alimentaire \/ Chocolat\u00e9e \/ Vanill\u00e9e   T\u00eate lait chaud   Coeur chocolat noir   Fond vanille","og_url":"https:\/\/candlenco.fr\/index.php\/produit\/mug-chocolat-chaud\/","og_site_name":"Candle &amp; Co","article_publisher":"https:\/\/www.facebook.com\/ribesjulie","article_modified_time":"2024-12-30T13:45:08+00:00","og_image":[{"width":1920,"height":2560,"url":"https:\/\/candlenco.fr\/wp-content\/uploads\/2024\/01\/IMG_2481-scaled.jpeg","type":"image\/jpeg"}],"twitter_card":"summary_large_image","twitter_misc":{"Dur\u00e9e de lecture estim\u00e9e":"1 minute"},"schema":{"@context":"https:\/\/schema.org","@graph":[{"@type":"WebPage","@id":"https:\/\/candlenco.fr\/index.php\/produit\/mug-chocolat-chaud\/","url":"https:\/\/candlenco.fr\/index.php\/produit\/mug-chocolat-chaud\/","name":"Mug Chocolat chaud - Candle &amp; Co","isPartOf":{"@id":"https:\/\/candlenco.fr\/#website"},"primaryImageOfPage":{"@id":"https:\/\/candlenco.fr\/index.php\/produit\/mug-chocolat-chaud\/#primaryimage"},"image":{"@id":"https:\/\/candlenco.fr\/index.php\/produit\/mug-chocolat-chaud\/#primaryimage"},"thumbnailUrl":"https:\/\/i0.wp.com\/candlenco.fr\/wp-content\/uploads\/2024\/01\/IMG_2481-scaled.jpeg?fit=1920%2C2560&ssl=1","datePublished":"2024-01-18T14:55:41+00:00","dateModified":"2024-12-30T13:45:08+00:00","breadcrumb":{"@id":"https:\/\/candlenco.fr\/index.php\/produit\/mug-chocolat-chaud\/#breadcrumb"},"inLanguage":"fr-FR","potentialAction":[{"@type":"ReadAction","target":["https:\/\/candlenco.fr\/index.php\/produit\/mug-chocolat-chaud\/"]}]},{"@type":"ImageObject","inLanguage":"fr-FR","@id":"https:\/\/candlenco.fr\/index.php\/produit\/mug-chocolat-chaud\/#primaryimage","url":"https:\/\/i0.wp.com\/candlenco.fr\/wp-content\/uploads\/2024\/01\/IMG_2481-scaled.jpeg?fit=1920%2C2560&ssl=1","contentUrl":"https:\/\/i0.wp.com\/candlenco.fr\/wp-content\/uploads\/2024\/01\/IMG_2481-scaled.jpeg?fit=1920%2C2560&ssl=1","width":1920,"height":2560},{"@type":"BreadcrumbList","@id":"https:\/\/candlenco.fr\/index.php\/produit\/mug-chocolat-chaud\/#breadcrumb","itemListElement":[{"@type":"ListItem","position":1,"name":"Accueil","item":"https:\/\/candlenco.fr\/"},{"@type":"ListItem","position":2,"name":"Boutique","item":"https:\/\/candlenco.fr\/index.php\/boutique\/"},{"@type":"ListItem","position":3,"name":"Mug Chocolat chaud"}]},{"@type":"WebSite","@id":"https:\/\/candlenco.fr\/#website","url":"https:\/\/candlenco.fr\/","name":"Candle & Co","description":"","publisher":{"@id":"https:\/\/candlenco.fr\/#organization"},"potentialAction":[{"@type":"SearchAction","target":{"@type":"EntryPoint","urlTemplate":"https:\/\/candlenco.fr\/?s={search_term_string}"},"query-input":{"@type":"PropertyValueSpecification","valueRequired":true,"valueName":"search_term_string"}}],"inLanguage":"fr-FR"},{"@type":"Organization","@id":"https:\/\/candlenco.fr\/#organization","name":"Candle & Co","url":"https:\/\/candlenco.fr\/","logo":{"@type":"ImageObject","inLanguage":"fr-FR","@id":"https:\/\/candlenco.fr\/#\/schema\/logo\/image\/","url":"https:\/\/i0.wp.com\/candlenco.fr\/wp-content\/uploads\/2023\/11\/Logo.png?fit=250%2C250&ssl=1","contentUrl":"https:\/\/i0.wp.com\/candlenco.fr\/wp-content\/uploads\/2023\/11\/Logo.png?fit=250%2C250&ssl=1","width":250,"height":250,"caption":"Candle & Co"},"image":{"@id":"https:\/\/candlenco.fr\/#\/schema\/logo\/image\/"},"sameAs":["https:\/\/www.facebook.com\/ribesjulie","https:\/\/www.instagram.com\/candlenco23"]}]}},"jetpack_sharing_enabled":true,"_links":{"self":[{"href":"https:\/\/candlenco.fr\/index.php\/wp-json\/wp\/v2\/product\/3089","targetHints":{"allow":["GET"]}}],"collection":[{"href":"https:\/\/candlenco.fr\/index.php\/wp-json\/wp\/v2\/product"}],"about":[{"href":"https:\/\/candlenco.fr\/index.php\/wp-json\/wp\/v2\/types\/product"}],"replies":[{"embeddable":true,"href":"https:\/\/candlenco.fr\/index.php\/wp-json\/wp\/v2\/comments?post=3089"}],"wp:featuredmedia":[{"embeddable":true,"href":"https:\/\/candlenco.fr\/index.php\/wp-json\/wp\/v2\/media\/3608"}],"wp:attachment":[{"href":"https:\/\/candlenco.fr\/index.php\/wp-json\/wp\/v2\/media?parent=3089"}],"wp:term":[{"taxonomy":"product_brand","embeddable":true,"href":"https:\/\/candlenco.fr\/index.php\/wp-json\/wp\/v2\/product_brand?post=3089"},{"taxonomy":"product_cat","embeddable":true,"href":"https:\/\/candlenco.fr\/index.php\/wp-json\/wp\/v2\/product_cat?post=3089"},{"taxonomy":"product_tag","embeddable":true,"href":"https:\/\/candlenco.fr\/index.php\/wp-json\/wp\/v2\/product_tag?post=3089"}],"curies":[{"name":"wp","href":"https:\/\/api.w.org\/{rel}","templated":true}]}}