{"id":3093,"date":"2024-01-18T16:15:11","date_gmt":"2024-01-18T15:15:11","guid":{"rendered":"https:\/\/candlenco.fr\/?post_type=product&#038;p=3093"},"modified":"2024-01-18T23:33:09","modified_gmt":"2024-01-18T22:33:09","slug":"diffuseur-pour-voiture","status":"publish","type":"product","link":"https:\/\/candlenco.fr\/index.php\/produit\/diffuseur-pour-voiture\/","title":{"rendered":"Diffuseur pour voiture"},"content":{"rendered":"<p>Conseils d&rsquo;utilisations:<\/p>\n<p>Retirez le petit bouchon plastique<\/p>\n<div dir=\"auto\">\n<div>\n<p>Vous n\u2019avez plus qu\u2019\u00e0 attacher votre diffuseur avec sa cordelette sans laisser trop de distance entre le n\u0153ud et le bouchon (5 cm maximum).<br \/>\n\u00c9vitez tout contact du flacon \/ bouchon avec tout type de mati\u00e8re.<\/p>\n<p>Ne laissez pas \u00e0 la vue \/ disposition d&rsquo;enfants et d&rsquo;animaux. Accroch\u00e9 au r\u00e9troviseur, le flacon doit tanguer tr\u00e8s l\u00e9g\u00e8rement pour imbiber la cordelette et le bouchon, mais pas trop (n\u0153ud \u00e0 moins de 5 cm du bouchon).<br \/>\nRetournez le flacon 1 fois par semaine si\u00a0besoin pour imbiber \u00e0 nouveau bouchon et cordelette.<\/p>\n<p>La dur\u00e9e g\u00e9n\u00e9ralement observ\u00e9e de la diffusion est approximativement d\u2019un mois, la solution peut toutefois durer plus longtemps.<\/p>\n<p>Sans CMR<\/p>\n<p>Sans Phtalate<\/p>\n<p>Cruelty Free<\/p>\n<p>Vegan Friendly<\/p>\n<p>Chaque fragrance r\u00e9pond aux normes europ\u00e9ennes: IFRA, CLP CE N\u00b01907\/2006.<\/p>\n<p>Toutes les \u00e9tiquettes clp seront \u00e0 l\u2019arri\u00e8re du contenant ou sur les boites quand vous recevrez votre bougie apr\u00e8s son achat.<\/p>\n<p>&nbsp;<\/p>\n<\/div>\n<\/div>\n","protected":false},"excerpt":{"rendered":"<p>Transformez vos trajets en une exp\u00e9rience olfactive agr\u00e9able avec notre diffuseur pour voiture, le compagnon id\u00e9al pour apporter fra\u00eecheur et s\u00e9r\u00e9nit\u00e9 \u00e0 votre habitacle. Ce diffuseur compact et \u00e9l\u00e9gant s&rsquo;installe facilement dans votre voiture, vous permettant de personnaliser votre environnement avec vos parfums pr\u00e9f\u00e9r\u00e9s o\u00f9 que vous alliez.<\/p>\n","protected":false},"featured_media":3096,"comment_status":"open","ping_status":"closed","template":"","meta":[],"product_brand":[],"product_cat":[178,151],"product_tag":[],"class_list":{"0":"post-3093","1":"product","2":"type-product","3":"status-publish","4":"has-post-thumbnail","6":"product_cat-collection-permanente","7":"product_cat-autres","9":"first","10":"instock","11":"shipping-taxable","12":"purchasable","13":"product-type-variable"},"yoast_head":"<!-- This site is optimized with the Yoast SEO plugin v26.3 - https:\/\/yoast.com\/wordpress\/plugins\/seo\/ -->\n<title>Diffuseur pour voiture - Candle &amp; Co<\/title>\n<meta name=\"robots\" content=\"index, follow, max-snippet:-1, max-image-preview:large, max-video-preview:-1\" \/>\n<link rel=\"canonical\" href=\"https:\/\/candlenco.fr\/index.php\/produit\/diffuseur-pour-voiture\/\" \/>\n<meta property=\"og:locale\" content=\"fr_FR\" \/>\n<meta property=\"og:type\" content=\"article\" \/>\n<meta property=\"og:title\" content=\"Diffuseur pour voiture - Candle &amp; Co\" \/>\n<meta property=\"og:description\" content=\"Transformez vos trajets en une exp\u00e9rience olfactive agr\u00e9able avec notre diffuseur pour voiture, le compagnon id\u00e9al pour apporter fra\u00eecheur et s\u00e9r\u00e9nit\u00e9 \u00e0 votre habitacle. Ce diffuseur compact et \u00e9l\u00e9gant s&#039;installe facilement dans votre voiture, vous permettant de personnaliser votre environnement avec vos parfums pr\u00e9f\u00e9r\u00e9s o\u00f9 que vous alliez.\" \/>\n<meta property=\"og:url\" content=\"https:\/\/candlenco.fr\/index.php\/produit\/diffuseur-pour-voiture\/\" \/>\n<meta property=\"og:site_name\" content=\"Candle &amp; Co\" \/>\n<meta property=\"article:publisher\" content=\"https:\/\/www.facebook.com\/ribesjulie\" \/>\n<meta property=\"article:modified_time\" content=\"2024-01-18T22:33:09+00:00\" \/>\n<meta property=\"og:image\" content=\"https:\/\/i0.wp.com\/candlenco.fr\/wp-content\/uploads\/2024\/01\/IMG_8375-scaled.jpg?fit=2122%2C2560&ssl=1\" \/>\n\t<meta property=\"og:image:width\" content=\"2122\" \/>\n\t<meta property=\"og:image:height\" content=\"2560\" \/>\n\t<meta property=\"og:image:type\" content=\"image\/jpeg\" \/>\n<meta name=\"twitter:card\" content=\"summary_large_image\" \/>\n<meta name=\"twitter:label1\" content=\"Dur\u00e9e de lecture estim\u00e9e\" \/>\n\t<meta name=\"twitter:data1\" content=\"1 minute\" \/>\n<script type=\"application\/ld+json\" class=\"yoast-schema-graph\">{\"@context\":\"https:\/\/schema.org\",\"@graph\":[{\"@type\":\"WebPage\",\"@id\":\"https:\/\/candlenco.fr\/index.php\/produit\/diffuseur-pour-voiture\/\",\"url\":\"https:\/\/candlenco.fr\/index.php\/produit\/diffuseur-pour-voiture\/\",\"name\":\"Diffuseur pour voiture - Candle &amp; Co\",\"isPartOf\":{\"@id\":\"https:\/\/candlenco.fr\/#website\"},\"primaryImageOfPage\":{\"@id\":\"https:\/\/candlenco.fr\/index.php\/produit\/diffuseur-pour-voiture\/#primaryimage\"},\"image\":{\"@id\":\"https:\/\/candlenco.fr\/index.php\/produit\/diffuseur-pour-voiture\/#primaryimage\"},\"thumbnailUrl\":\"https:\/\/i0.wp.com\/candlenco.fr\/wp-content\/uploads\/2024\/01\/IMG_8375-scaled.jpg?fit=2122%2C2560&ssl=1\",\"datePublished\":\"2024-01-18T15:15:11+00:00\",\"dateModified\":\"2024-01-18T22:33:09+00:00\",\"breadcrumb\":{\"@id\":\"https:\/\/candlenco.fr\/index.php\/produit\/diffuseur-pour-voiture\/#breadcrumb\"},\"inLanguage\":\"fr-FR\",\"potentialAction\":[{\"@type\":\"ReadAction\",\"target\":[\"https:\/\/candlenco.fr\/index.php\/produit\/diffuseur-pour-voiture\/\"]}]},{\"@type\":\"ImageObject\",\"inLanguage\":\"fr-FR\",\"@id\":\"https:\/\/candlenco.fr\/index.php\/produit\/diffuseur-pour-voiture\/#primaryimage\",\"url\":\"https:\/\/i0.wp.com\/candlenco.fr\/wp-content\/uploads\/2024\/01\/IMG_8375-scaled.jpg?fit=2122%2C2560&ssl=1\",\"contentUrl\":\"https:\/\/i0.wp.com\/candlenco.fr\/wp-content\/uploads\/2024\/01\/IMG_8375-scaled.jpg?fit=2122%2C2560&ssl=1\",\"width\":2122,\"height\":2560},{\"@type\":\"BreadcrumbList\",\"@id\":\"https:\/\/candlenco.fr\/index.php\/produit\/diffuseur-pour-voiture\/#breadcrumb\",\"itemListElement\":[{\"@type\":\"ListItem\",\"position\":1,\"name\":\"Accueil\",\"item\":\"https:\/\/candlenco.fr\/\"},{\"@type\":\"ListItem\",\"position\":2,\"name\":\"Boutique\",\"item\":\"https:\/\/candlenco.fr\/index.php\/boutique\/\"},{\"@type\":\"ListItem\",\"position\":3,\"name\":\"Diffuseur pour voiture\"}]},{\"@type\":\"WebSite\",\"@id\":\"https:\/\/candlenco.fr\/#website\",\"url\":\"https:\/\/candlenco.fr\/\",\"name\":\"Candle & Co\",\"description\":\"\",\"publisher\":{\"@id\":\"https:\/\/candlenco.fr\/#organization\"},\"potentialAction\":[{\"@type\":\"SearchAction\",\"target\":{\"@type\":\"EntryPoint\",\"urlTemplate\":\"https:\/\/candlenco.fr\/?s={search_term_string}\"},\"query-input\":{\"@type\":\"PropertyValueSpecification\",\"valueRequired\":true,\"valueName\":\"search_term_string\"}}],\"inLanguage\":\"fr-FR\"},{\"@type\":\"Organization\",\"@id\":\"https:\/\/candlenco.fr\/#organization\",\"name\":\"Candle & Co\",\"url\":\"https:\/\/candlenco.fr\/\",\"logo\":{\"@type\":\"ImageObject\",\"inLanguage\":\"fr-FR\",\"@id\":\"https:\/\/candlenco.fr\/#\/schema\/logo\/image\/\",\"url\":\"https:\/\/i0.wp.com\/candlenco.fr\/wp-content\/uploads\/2023\/11\/Logo.png?fit=250%2C250&ssl=1\",\"contentUrl\":\"https:\/\/i0.wp.com\/candlenco.fr\/wp-content\/uploads\/2023\/11\/Logo.png?fit=250%2C250&ssl=1\",\"width\":250,\"height\":250,\"caption\":\"Candle & Co\"},\"image\":{\"@id\":\"https:\/\/candlenco.fr\/#\/schema\/logo\/image\/\"},\"sameAs\":[\"https:\/\/www.facebook.com\/ribesjulie\",\"https:\/\/www.instagram.com\/candlenco23\"]}]}<\/script>\n<!-- \/ Yoast SEO plugin. -->","yoast_head_json":{"title":"Diffuseur pour voiture - Candle &amp; Co","robots":{"index":"index","follow":"follow","max-snippet":"max-snippet:-1","max-image-preview":"max-image-preview:large","max-video-preview":"max-video-preview:-1"},"canonical":"https:\/\/candlenco.fr\/index.php\/produit\/diffuseur-pour-voiture\/","og_locale":"fr_FR","og_type":"article","og_title":"Diffuseur pour voiture - Candle &amp; Co","og_description":"Transformez vos trajets en une exp\u00e9rience olfactive agr\u00e9able avec notre diffuseur pour voiture, le compagnon id\u00e9al pour apporter fra\u00eecheur et s\u00e9r\u00e9nit\u00e9 \u00e0 votre habitacle. Ce diffuseur compact et \u00e9l\u00e9gant s'installe facilement dans votre voiture, vous permettant de personnaliser votre environnement avec vos parfums pr\u00e9f\u00e9r\u00e9s o\u00f9 que vous alliez.","og_url":"https:\/\/candlenco.fr\/index.php\/produit\/diffuseur-pour-voiture\/","og_site_name":"Candle &amp; Co","article_publisher":"https:\/\/www.facebook.com\/ribesjulie","article_modified_time":"2024-01-18T22:33:09+00:00","og_image":[{"width":2122,"height":2560,"url":"https:\/\/i0.wp.com\/candlenco.fr\/wp-content\/uploads\/2024\/01\/IMG_8375-scaled.jpg?fit=2122%2C2560&ssl=1","type":"image\/jpeg"}],"twitter_card":"summary_large_image","twitter_misc":{"Dur\u00e9e de lecture estim\u00e9e":"1 minute"},"schema":{"@context":"https:\/\/schema.org","@graph":[{"@type":"WebPage","@id":"https:\/\/candlenco.fr\/index.php\/produit\/diffuseur-pour-voiture\/","url":"https:\/\/candlenco.fr\/index.php\/produit\/diffuseur-pour-voiture\/","name":"Diffuseur pour voiture - Candle &amp; Co","isPartOf":{"@id":"https:\/\/candlenco.fr\/#website"},"primaryImageOfPage":{"@id":"https:\/\/candlenco.fr\/index.php\/produit\/diffuseur-pour-voiture\/#primaryimage"},"image":{"@id":"https:\/\/candlenco.fr\/index.php\/produit\/diffuseur-pour-voiture\/#primaryimage"},"thumbnailUrl":"https:\/\/i0.wp.com\/candlenco.fr\/wp-content\/uploads\/2024\/01\/IMG_8375-scaled.jpg?fit=2122%2C2560&ssl=1","datePublished":"2024-01-18T15:15:11+00:00","dateModified":"2024-01-18T22:33:09+00:00","breadcrumb":{"@id":"https:\/\/candlenco.fr\/index.php\/produit\/diffuseur-pour-voiture\/#breadcrumb"},"inLanguage":"fr-FR","potentialAction":[{"@type":"ReadAction","target":["https:\/\/candlenco.fr\/index.php\/produit\/diffuseur-pour-voiture\/"]}]},{"@type":"ImageObject","inLanguage":"fr-FR","@id":"https:\/\/candlenco.fr\/index.php\/produit\/diffuseur-pour-voiture\/#primaryimage","url":"https:\/\/i0.wp.com\/candlenco.fr\/wp-content\/uploads\/2024\/01\/IMG_8375-scaled.jpg?fit=2122%2C2560&ssl=1","contentUrl":"https:\/\/i0.wp.com\/candlenco.fr\/wp-content\/uploads\/2024\/01\/IMG_8375-scaled.jpg?fit=2122%2C2560&ssl=1","width":2122,"height":2560},{"@type":"BreadcrumbList","@id":"https:\/\/candlenco.fr\/index.php\/produit\/diffuseur-pour-voiture\/#breadcrumb","itemListElement":[{"@type":"ListItem","position":1,"name":"Accueil","item":"https:\/\/candlenco.fr\/"},{"@type":"ListItem","position":2,"name":"Boutique","item":"https:\/\/candlenco.fr\/index.php\/boutique\/"},{"@type":"ListItem","position":3,"name":"Diffuseur pour voiture"}]},{"@type":"WebSite","@id":"https:\/\/candlenco.fr\/#website","url":"https:\/\/candlenco.fr\/","name":"Candle & Co","description":"","publisher":{"@id":"https:\/\/candlenco.fr\/#organization"},"potentialAction":[{"@type":"SearchAction","target":{"@type":"EntryPoint","urlTemplate":"https:\/\/candlenco.fr\/?s={search_term_string}"},"query-input":{"@type":"PropertyValueSpecification","valueRequired":true,"valueName":"search_term_string"}}],"inLanguage":"fr-FR"},{"@type":"Organization","@id":"https:\/\/candlenco.fr\/#organization","name":"Candle & Co","url":"https:\/\/candlenco.fr\/","logo":{"@type":"ImageObject","inLanguage":"fr-FR","@id":"https:\/\/candlenco.fr\/#\/schema\/logo\/image\/","url":"https:\/\/i0.wp.com\/candlenco.fr\/wp-content\/uploads\/2023\/11\/Logo.png?fit=250%2C250&ssl=1","contentUrl":"https:\/\/i0.wp.com\/candlenco.fr\/wp-content\/uploads\/2023\/11\/Logo.png?fit=250%2C250&ssl=1","width":250,"height":250,"caption":"Candle & Co"},"image":{"@id":"https:\/\/candlenco.fr\/#\/schema\/logo\/image\/"},"sameAs":["https:\/\/www.facebook.com\/ribesjulie","https:\/\/www.instagram.com\/candlenco23"]}]}},"jetpack_sharing_enabled":true,"_links":{"self":[{"href":"https:\/\/candlenco.fr\/index.php\/wp-json\/wp\/v2\/product\/3093","targetHints":{"allow":["GET"]}}],"collection":[{"href":"https:\/\/candlenco.fr\/index.php\/wp-json\/wp\/v2\/product"}],"about":[{"href":"https:\/\/candlenco.fr\/index.php\/wp-json\/wp\/v2\/types\/product"}],"replies":[{"embeddable":true,"href":"https:\/\/candlenco.fr\/index.php\/wp-json\/wp\/v2\/comments?post=3093"}],"wp:featuredmedia":[{"embeddable":true,"href":"https:\/\/candlenco.fr\/index.php\/wp-json\/wp\/v2\/media\/3096"}],"wp:attachment":[{"href":"https:\/\/candlenco.fr\/index.php\/wp-json\/wp\/v2\/media?parent=3093"}],"wp:term":[{"taxonomy":"product_brand","embeddable":true,"href":"https:\/\/candlenco.fr\/index.php\/wp-json\/wp\/v2\/product_brand?post=3093"},{"taxonomy":"product_cat","embeddable":true,"href":"https:\/\/candlenco.fr\/index.php\/wp-json\/wp\/v2\/product_cat?post=3093"},{"taxonomy":"product_tag","embeddable":true,"href":"https:\/\/candlenco.fr\/index.php\/wp-json\/wp\/v2\/product_tag?post=3093"}],"curies":[{"name":"wp","href":"https:\/\/api.w.org\/{rel}","templated":true}]}}