{"id":3105,"date":"2024-01-18T16:42:42","date_gmt":"2024-01-18T15:42:42","guid":{"rendered":"https:\/\/candlenco.fr\/?post_type=product&#038;p=3105"},"modified":"2024-12-30T14:43:20","modified_gmt":"2024-12-30T13:43:20","slug":"sachet-fraicheur-parfume","status":"publish","type":"product","link":"https:\/\/candlenco.fr\/index.php\/produit\/sachet-fraicheur-parfume\/","title":{"rendered":"Sachet fraicheur parfum\u00e9"},"content":{"rendered":"<p>Besoin de parfumer un petit espace ? Les sachets fra\u00eecheurs sont l\u00e0 pour vous ! Compos\u00e9s d&rsquo;une pastille en fibre synth\u00e9tique ou de petites billes absorbantes d\u00e9licatement d\u00e9livr\u00e9 dans un coffret avec une pipette compte goutte pour que vous puissiez vous m\u00eame\u00a0 doser votre parfum directement sur la pastille ou sur les billes, vous n&rsquo;aurez ensuite qu&rsquo;a enfermer le tout dans le sachet en tissus fournis avec et le glisser partout o\u00f9 vous le souhaitez. Ils se d\u00e9clinent en plus d&rsquo;une dizaine de parfums: Fleur de coton; musc; musc et lavande ; lavande ; adoucissant; fleur de cerisier; air trais ; lilas ; magnolia<\/p>\n","protected":false},"excerpt":{"rendered":"<p>Besoin de parfumer un petit espace ? Les sachets fra\u00eecheurs sont l\u00e0 pour vous ! Compos\u00e9s d&rsquo;une pastille en fibre synth\u00e9tique ou de petites billes absorbantes d\u00e9licatement d\u00e9livr\u00e9 dans un coffret avec une pipette compte goutte pour que vous puissiez vous m\u00eame\u00a0 doser votre parfum directement sur la pastille ou sur les billes, vous n&rsquo;aurez ensuite qu&rsquo;a enfermer le tout dans le sachet en tissus fournis avec et le glisser partout o\u00f9 vous le souhaitez. Ils se d\u00e9clinent en plus d&rsquo;une dizaine de parfums: Fleur de coton; musc; musc et lavande ; lavande ; adoucissant; fleur de cerisier; air frais ; lilas ; magnolia, ambre gris , jasmin&#8230;<\/p>\n<p>Sans CMR<\/p>\n<p>Sans Phtalate<\/p>\n<p>Cruelty Free<\/p>\n<p>Vegan Friendly<\/p>\n<p>Chaque fragrance r\u00e9pond aux normes europ\u00e9ennes: IFRA, CLP CE N\u00b01907\/2006.<\/p>\n<p>Toutes les \u00e9tiquettes clp seront \u00e0 l\u2019arri\u00e8re du contenant ou sur les boites quand vous recevrez votre bougie apr\u00e8s son achat.<\/p>\n<p>&nbsp;<\/p>\n","protected":false},"featured_media":3108,"comment_status":"open","ping_status":"closed","template":"","meta":[],"product_brand":[],"product_cat":[178,151],"product_tag":[],"class_list":{"0":"post-3105","1":"product","2":"type-product","3":"status-publish","4":"has-post-thumbnail","6":"product_cat-collection-permanente","7":"product_cat-autres","9":"first","10":"outofstock","11":"shipping-taxable","12":"purchasable","13":"product-type-variable"},"yoast_head":"<!-- This site is optimized with the Yoast SEO plugin v26.3 - https:\/\/yoast.com\/wordpress\/plugins\/seo\/ -->\n<title>Sachet fraicheur parfum\u00e9 - Candle &amp; Co<\/title>\n<meta name=\"robots\" content=\"index, follow, max-snippet:-1, max-image-preview:large, max-video-preview:-1\" \/>\n<link rel=\"canonical\" href=\"https:\/\/candlenco.fr\/index.php\/produit\/sachet-fraicheur-parfume\/\" \/>\n<meta property=\"og:locale\" content=\"fr_FR\" \/>\n<meta property=\"og:type\" content=\"article\" \/>\n<meta property=\"og:title\" content=\"Sachet fraicheur parfum\u00e9 - Candle &amp; Co\" \/>\n<meta property=\"og:description\" content=\"Besoin de parfumer un petit espace ? Les sachets fra\u00eecheurs sont l\u00e0 pour vous ! Compos\u00e9s d&#039;une pastille en fibre synth\u00e9tique ou de petites billes absorbantes d\u00e9licatement d\u00e9livr\u00e9 dans un coffret avec une pipette compte goutte pour que vous puissiez vous m\u00eame\u00a0 doser votre parfum directement sur la pastille ou sur les billes, vous n&#039;aurez ensuite qu&#039;a enfermer le tout dans le sachet en tissus fournis avec et le glisser partout o\u00f9 vous le souhaitez. Ils se d\u00e9clinent en plus d&#039;une dizaine de parfums: Fleur de coton; musc; musc et lavande ; lavande ; adoucissant; fleur de cerisier; air frais ; lilas ; magnolia, ambre gris , jasmin...  Sans CMR  Sans Phtalate  Cruelty Free  Vegan Friendly  Chaque fragrance r\u00e9pond aux normes europ\u00e9ennes: IFRA, CLP CE N\u00b01907\/2006.  Toutes les \u00e9tiquettes clp seront \u00e0 l\u2019arri\u00e8re du contenant ou sur les boites quand vous recevrez votre bougie apr\u00e8s son achat.  &nbsp;\" \/>\n<meta property=\"og:url\" content=\"https:\/\/candlenco.fr\/index.php\/produit\/sachet-fraicheur-parfume\/\" \/>\n<meta property=\"og:site_name\" content=\"Candle &amp; Co\" \/>\n<meta property=\"article:publisher\" content=\"https:\/\/www.facebook.com\/ribesjulie\" \/>\n<meta property=\"article:modified_time\" content=\"2024-12-30T13:43:20+00:00\" \/>\n<meta property=\"og:image\" content=\"https:\/\/candlenco.fr\/wp-content\/uploads\/2024\/01\/5DEBDCD3-652E-4EED-B892-9606426EF10B.jpg\" \/>\n\t<meta property=\"og:image:width\" content=\"1440\" \/>\n\t<meta property=\"og:image:height\" content=\"1800\" \/>\n\t<meta property=\"og:image:type\" content=\"image\/jpeg\" \/>\n<meta name=\"twitter:card\" content=\"summary_large_image\" \/>\n<meta name=\"twitter:label1\" content=\"Dur\u00e9e de lecture estim\u00e9e\" \/>\n\t<meta name=\"twitter:data1\" content=\"1 minute\" \/>\n<script type=\"application\/ld+json\" class=\"yoast-schema-graph\">{\"@context\":\"https:\/\/schema.org\",\"@graph\":[{\"@type\":\"WebPage\",\"@id\":\"https:\/\/candlenco.fr\/index.php\/produit\/sachet-fraicheur-parfume\/\",\"url\":\"https:\/\/candlenco.fr\/index.php\/produit\/sachet-fraicheur-parfume\/\",\"name\":\"Sachet fraicheur parfum\u00e9 - Candle &amp; Co\",\"isPartOf\":{\"@id\":\"https:\/\/candlenco.fr\/#website\"},\"primaryImageOfPage\":{\"@id\":\"https:\/\/candlenco.fr\/index.php\/produit\/sachet-fraicheur-parfume\/#primaryimage\"},\"image\":{\"@id\":\"https:\/\/candlenco.fr\/index.php\/produit\/sachet-fraicheur-parfume\/#primaryimage\"},\"thumbnailUrl\":\"https:\/\/i0.wp.com\/candlenco.fr\/wp-content\/uploads\/2024\/01\/5DEBDCD3-652E-4EED-B892-9606426EF10B.jpg?fit=1440%2C1800&ssl=1\",\"datePublished\":\"2024-01-18T15:42:42+00:00\",\"dateModified\":\"2024-12-30T13:43:20+00:00\",\"breadcrumb\":{\"@id\":\"https:\/\/candlenco.fr\/index.php\/produit\/sachet-fraicheur-parfume\/#breadcrumb\"},\"inLanguage\":\"fr-FR\",\"potentialAction\":[{\"@type\":\"ReadAction\",\"target\":[\"https:\/\/candlenco.fr\/index.php\/produit\/sachet-fraicheur-parfume\/\"]}]},{\"@type\":\"ImageObject\",\"inLanguage\":\"fr-FR\",\"@id\":\"https:\/\/candlenco.fr\/index.php\/produit\/sachet-fraicheur-parfume\/#primaryimage\",\"url\":\"https:\/\/i0.wp.com\/candlenco.fr\/wp-content\/uploads\/2024\/01\/5DEBDCD3-652E-4EED-B892-9606426EF10B.jpg?fit=1440%2C1800&ssl=1\",\"contentUrl\":\"https:\/\/i0.wp.com\/candlenco.fr\/wp-content\/uploads\/2024\/01\/5DEBDCD3-652E-4EED-B892-9606426EF10B.jpg?fit=1440%2C1800&ssl=1\",\"width\":1440,\"height\":1800},{\"@type\":\"BreadcrumbList\",\"@id\":\"https:\/\/candlenco.fr\/index.php\/produit\/sachet-fraicheur-parfume\/#breadcrumb\",\"itemListElement\":[{\"@type\":\"ListItem\",\"position\":1,\"name\":\"Accueil\",\"item\":\"https:\/\/candlenco.fr\/\"},{\"@type\":\"ListItem\",\"position\":2,\"name\":\"Boutique\",\"item\":\"https:\/\/candlenco.fr\/index.php\/boutique\/\"},{\"@type\":\"ListItem\",\"position\":3,\"name\":\"Sachet fraicheur parfum\u00e9\"}]},{\"@type\":\"WebSite\",\"@id\":\"https:\/\/candlenco.fr\/#website\",\"url\":\"https:\/\/candlenco.fr\/\",\"name\":\"Candle & Co\",\"description\":\"\",\"publisher\":{\"@id\":\"https:\/\/candlenco.fr\/#organization\"},\"potentialAction\":[{\"@type\":\"SearchAction\",\"target\":{\"@type\":\"EntryPoint\",\"urlTemplate\":\"https:\/\/candlenco.fr\/?s={search_term_string}\"},\"query-input\":{\"@type\":\"PropertyValueSpecification\",\"valueRequired\":true,\"valueName\":\"search_term_string\"}}],\"inLanguage\":\"fr-FR\"},{\"@type\":\"Organization\",\"@id\":\"https:\/\/candlenco.fr\/#organization\",\"name\":\"Candle & Co\",\"url\":\"https:\/\/candlenco.fr\/\",\"logo\":{\"@type\":\"ImageObject\",\"inLanguage\":\"fr-FR\",\"@id\":\"https:\/\/candlenco.fr\/#\/schema\/logo\/image\/\",\"url\":\"https:\/\/i0.wp.com\/candlenco.fr\/wp-content\/uploads\/2023\/11\/Logo.png?fit=250%2C250&ssl=1\",\"contentUrl\":\"https:\/\/i0.wp.com\/candlenco.fr\/wp-content\/uploads\/2023\/11\/Logo.png?fit=250%2C250&ssl=1\",\"width\":250,\"height\":250,\"caption\":\"Candle & Co\"},\"image\":{\"@id\":\"https:\/\/candlenco.fr\/#\/schema\/logo\/image\/\"},\"sameAs\":[\"https:\/\/www.facebook.com\/ribesjulie\",\"https:\/\/www.instagram.com\/candlenco23\"]}]}<\/script>\n<!-- \/ Yoast SEO plugin. -->","yoast_head_json":{"title":"Sachet fraicheur parfum\u00e9 - Candle &amp; Co","robots":{"index":"index","follow":"follow","max-snippet":"max-snippet:-1","max-image-preview":"max-image-preview:large","max-video-preview":"max-video-preview:-1"},"canonical":"https:\/\/candlenco.fr\/index.php\/produit\/sachet-fraicheur-parfume\/","og_locale":"fr_FR","og_type":"article","og_title":"Sachet fraicheur parfum\u00e9 - Candle &amp; Co","og_description":"Besoin de parfumer un petit espace ? Les sachets fra\u00eecheurs sont l\u00e0 pour vous ! Compos\u00e9s d'une pastille en fibre synth\u00e9tique ou de petites billes absorbantes d\u00e9licatement d\u00e9livr\u00e9 dans un coffret avec une pipette compte goutte pour que vous puissiez vous m\u00eame\u00a0 doser votre parfum directement sur la pastille ou sur les billes, vous n'aurez ensuite qu'a enfermer le tout dans le sachet en tissus fournis avec et le glisser partout o\u00f9 vous le souhaitez. Ils se d\u00e9clinent en plus d'une dizaine de parfums: Fleur de coton; musc; musc et lavande ; lavande ; adoucissant; fleur de cerisier; air frais ; lilas ; magnolia, ambre gris , jasmin...  Sans CMR  Sans Phtalate  Cruelty Free  Vegan Friendly  Chaque fragrance r\u00e9pond aux normes europ\u00e9ennes: IFRA, CLP CE N\u00b01907\/2006.  Toutes les \u00e9tiquettes clp seront \u00e0 l\u2019arri\u00e8re du contenant ou sur les boites quand vous recevrez votre bougie apr\u00e8s son achat.  &nbsp;","og_url":"https:\/\/candlenco.fr\/index.php\/produit\/sachet-fraicheur-parfume\/","og_site_name":"Candle &amp; Co","article_publisher":"https:\/\/www.facebook.com\/ribesjulie","article_modified_time":"2024-12-30T13:43:20+00:00","og_image":[{"width":1440,"height":1800,"url":"https:\/\/candlenco.fr\/wp-content\/uploads\/2024\/01\/5DEBDCD3-652E-4EED-B892-9606426EF10B.jpg","type":"image\/jpeg"}],"twitter_card":"summary_large_image","twitter_misc":{"Dur\u00e9e de lecture estim\u00e9e":"1 minute"},"schema":{"@context":"https:\/\/schema.org","@graph":[{"@type":"WebPage","@id":"https:\/\/candlenco.fr\/index.php\/produit\/sachet-fraicheur-parfume\/","url":"https:\/\/candlenco.fr\/index.php\/produit\/sachet-fraicheur-parfume\/","name":"Sachet fraicheur parfum\u00e9 - Candle &amp; Co","isPartOf":{"@id":"https:\/\/candlenco.fr\/#website"},"primaryImageOfPage":{"@id":"https:\/\/candlenco.fr\/index.php\/produit\/sachet-fraicheur-parfume\/#primaryimage"},"image":{"@id":"https:\/\/candlenco.fr\/index.php\/produit\/sachet-fraicheur-parfume\/#primaryimage"},"thumbnailUrl":"https:\/\/i0.wp.com\/candlenco.fr\/wp-content\/uploads\/2024\/01\/5DEBDCD3-652E-4EED-B892-9606426EF10B.jpg?fit=1440%2C1800&ssl=1","datePublished":"2024-01-18T15:42:42+00:00","dateModified":"2024-12-30T13:43:20+00:00","breadcrumb":{"@id":"https:\/\/candlenco.fr\/index.php\/produit\/sachet-fraicheur-parfume\/#breadcrumb"},"inLanguage":"fr-FR","potentialAction":[{"@type":"ReadAction","target":["https:\/\/candlenco.fr\/index.php\/produit\/sachet-fraicheur-parfume\/"]}]},{"@type":"ImageObject","inLanguage":"fr-FR","@id":"https:\/\/candlenco.fr\/index.php\/produit\/sachet-fraicheur-parfume\/#primaryimage","url":"https:\/\/i0.wp.com\/candlenco.fr\/wp-content\/uploads\/2024\/01\/5DEBDCD3-652E-4EED-B892-9606426EF10B.jpg?fit=1440%2C1800&ssl=1","contentUrl":"https:\/\/i0.wp.com\/candlenco.fr\/wp-content\/uploads\/2024\/01\/5DEBDCD3-652E-4EED-B892-9606426EF10B.jpg?fit=1440%2C1800&ssl=1","width":1440,"height":1800},{"@type":"BreadcrumbList","@id":"https:\/\/candlenco.fr\/index.php\/produit\/sachet-fraicheur-parfume\/#breadcrumb","itemListElement":[{"@type":"ListItem","position":1,"name":"Accueil","item":"https:\/\/candlenco.fr\/"},{"@type":"ListItem","position":2,"name":"Boutique","item":"https:\/\/candlenco.fr\/index.php\/boutique\/"},{"@type":"ListItem","position":3,"name":"Sachet fraicheur parfum\u00e9"}]},{"@type":"WebSite","@id":"https:\/\/candlenco.fr\/#website","url":"https:\/\/candlenco.fr\/","name":"Candle & Co","description":"","publisher":{"@id":"https:\/\/candlenco.fr\/#organization"},"potentialAction":[{"@type":"SearchAction","target":{"@type":"EntryPoint","urlTemplate":"https:\/\/candlenco.fr\/?s={search_term_string}"},"query-input":{"@type":"PropertyValueSpecification","valueRequired":true,"valueName":"search_term_string"}}],"inLanguage":"fr-FR"},{"@type":"Organization","@id":"https:\/\/candlenco.fr\/#organization","name":"Candle & Co","url":"https:\/\/candlenco.fr\/","logo":{"@type":"ImageObject","inLanguage":"fr-FR","@id":"https:\/\/candlenco.fr\/#\/schema\/logo\/image\/","url":"https:\/\/i0.wp.com\/candlenco.fr\/wp-content\/uploads\/2023\/11\/Logo.png?fit=250%2C250&ssl=1","contentUrl":"https:\/\/i0.wp.com\/candlenco.fr\/wp-content\/uploads\/2023\/11\/Logo.png?fit=250%2C250&ssl=1","width":250,"height":250,"caption":"Candle & Co"},"image":{"@id":"https:\/\/candlenco.fr\/#\/schema\/logo\/image\/"},"sameAs":["https:\/\/www.facebook.com\/ribesjulie","https:\/\/www.instagram.com\/candlenco23"]}]}},"jetpack_sharing_enabled":true,"_links":{"self":[{"href":"https:\/\/candlenco.fr\/index.php\/wp-json\/wp\/v2\/product\/3105","targetHints":{"allow":["GET"]}}],"collection":[{"href":"https:\/\/candlenco.fr\/index.php\/wp-json\/wp\/v2\/product"}],"about":[{"href":"https:\/\/candlenco.fr\/index.php\/wp-json\/wp\/v2\/types\/product"}],"replies":[{"embeddable":true,"href":"https:\/\/candlenco.fr\/index.php\/wp-json\/wp\/v2\/comments?post=3105"}],"wp:featuredmedia":[{"embeddable":true,"href":"https:\/\/candlenco.fr\/index.php\/wp-json\/wp\/v2\/media\/3108"}],"wp:attachment":[{"href":"https:\/\/candlenco.fr\/index.php\/wp-json\/wp\/v2\/media?parent=3105"}],"wp:term":[{"taxonomy":"product_brand","embeddable":true,"href":"https:\/\/candlenco.fr\/index.php\/wp-json\/wp\/v2\/product_brand?post=3105"},{"taxonomy":"product_cat","embeddable":true,"href":"https:\/\/candlenco.fr\/index.php\/wp-json\/wp\/v2\/product_cat?post=3105"},{"taxonomy":"product_tag","embeddable":true,"href":"https:\/\/candlenco.fr\/index.php\/wp-json\/wp\/v2\/product_tag?post=3105"}],"curies":[{"name":"wp","href":"https:\/\/api.w.org\/{rel}","templated":true}]}}