{"id":3224,"date":"2024-01-30T00:37:47","date_gmt":"2024-01-29T23:37:47","guid":{"rendered":"https:\/\/candlenco.fr\/?post_type=product&#038;p=3224"},"modified":"2024-01-30T00:37:47","modified_gmt":"2024-01-29T23:37:47","slug":"bougie-cookie-chocolat","status":"publish","type":"product","link":"https:\/\/candlenco.fr\/index.php\/produit\/bougie-cookie-chocolat\/","title":{"rendered":"Bougie cookie chocolat"},"content":{"rendered":"<p>Sans CMR<\/p>\n<p>Sans Phtalate<\/p>\n<p>Cruelty Free<\/p>\n<p>Vegan Friendly<\/p>\n<p>100% Cire de soja<br \/>\nParfums de grasse<\/p>\n<p>Chaque fragrance r\u00e9pond aux normes europ\u00e9ennes: IFRA, CLP CE N\u00b01907\/2006.<\/p>\n<p>Toutes les \u00e9tiquettes clp seront \u00e0 l\u2019arri\u00e8re du contenant ou sur les boites quand vous recevrez votre bougie apr\u00e8s son achat.<\/p>\n<p>&nbsp;<\/p>\n","protected":false},"excerpt":{"rendered":"<p>D\u00e9couvrez nos bougies parfum cookie chocolat, une fusion irr\u00e9sistible d&rsquo;ar\u00f4mes r\u00e9confortants qui \u00e9voque l&rsquo;ambiance chaleureuse d&rsquo;une p\u00e2tisserie maison.<\/p>\n<table class=\"table table-data-sheet\">\n<tbody>\n<tr class=\"odd\">\n<td>Notes<\/td>\n<td>Alimentaire \/ Chocolat\u00e9e \/ Poudr\u00e9e<\/td>\n<\/tr>\n<tr class=\"even\">\n<td>T\u00eate<\/td>\n<td>lait chaud\/beurre de cacao<\/td>\n<\/tr>\n<tr class=\"odd\">\n<td>Coeur<\/td>\n<td>chocolat au lait\/gaufre<\/td>\n<\/tr>\n<tr class=\"even\">\n<td>Fond<\/td>\n<td>vanille\/lait concentr\u00e9<\/td>\n<\/tr>\n<\/tbody>\n<\/table>\n","protected":false},"featured_media":3225,"comment_status":"open","ping_status":"closed","template":"","meta":[],"product_brand":[],"product_cat":[178,149,172],"product_tag":[],"class_list":{"0":"post-3224","1":"product","2":"type-product","3":"status-publish","4":"has-post-thumbnail","6":"product_cat-collection-permanente","7":"product_cat-bougies","8":"product_cat-bougies-gourmandes","10":"first","11":"instock","12":"shipping-taxable","13":"purchasable","14":"product-type-variable"},"yoast_head":"<!-- This site is optimized with the Yoast SEO plugin v26.3 - https:\/\/yoast.com\/wordpress\/plugins\/seo\/ -->\n<title>Bougie cookie chocolat - Candle &amp; Co<\/title>\n<meta name=\"robots\" content=\"index, follow, max-snippet:-1, max-image-preview:large, max-video-preview:-1\" \/>\n<link rel=\"canonical\" href=\"https:\/\/candlenco.fr\/index.php\/produit\/bougie-cookie-chocolat\/\" \/>\n<meta property=\"og:locale\" content=\"fr_FR\" \/>\n<meta property=\"og:type\" content=\"article\" \/>\n<meta property=\"og:title\" content=\"Bougie cookie chocolat - Candle &amp; Co\" \/>\n<meta property=\"og:description\" content=\"D\u00e9couvrez nos bougies parfum cookie chocolat, une fusion irr\u00e9sistible d&#039;ar\u00f4mes r\u00e9confortants qui \u00e9voque l&#039;ambiance chaleureuse d&#039;une p\u00e2tisserie maison.    Notes Alimentaire \/ Chocolat\u00e9e \/ Poudr\u00e9e   T\u00eate lait chaud\/beurre de cacao   Coeur chocolat au lait\/gaufre   Fond vanille\/lait concentr\u00e9\" \/>\n<meta property=\"og:url\" content=\"https:\/\/candlenco.fr\/index.php\/produit\/bougie-cookie-chocolat\/\" \/>\n<meta property=\"og:site_name\" content=\"Candle &amp; Co\" \/>\n<meta property=\"article:publisher\" content=\"https:\/\/www.facebook.com\/ribesjulie\" \/>\n<meta property=\"og:image\" content=\"https:\/\/candlenco.fr\/wp-content\/uploads\/2024\/01\/A3311D60-5DEA-4887-A4AD-5481C1192042.jpg\" \/>\n\t<meta property=\"og:image:width\" content=\"1440\" \/>\n\t<meta property=\"og:image:height\" content=\"1800\" \/>\n\t<meta property=\"og:image:type\" content=\"image\/jpeg\" \/>\n<meta name=\"twitter:card\" content=\"summary_large_image\" \/>\n<meta name=\"twitter:label1\" content=\"Dur\u00e9e de lecture estim\u00e9e\" \/>\n\t<meta name=\"twitter:data1\" content=\"1 minute\" \/>\n<script type=\"application\/ld+json\" class=\"yoast-schema-graph\">{\"@context\":\"https:\/\/schema.org\",\"@graph\":[{\"@type\":\"WebPage\",\"@id\":\"https:\/\/candlenco.fr\/index.php\/produit\/bougie-cookie-chocolat\/\",\"url\":\"https:\/\/candlenco.fr\/index.php\/produit\/bougie-cookie-chocolat\/\",\"name\":\"Bougie cookie chocolat - Candle &amp; Co\",\"isPartOf\":{\"@id\":\"https:\/\/candlenco.fr\/#website\"},\"primaryImageOfPage\":{\"@id\":\"https:\/\/candlenco.fr\/index.php\/produit\/bougie-cookie-chocolat\/#primaryimage\"},\"image\":{\"@id\":\"https:\/\/candlenco.fr\/index.php\/produit\/bougie-cookie-chocolat\/#primaryimage\"},\"thumbnailUrl\":\"https:\/\/i0.wp.com\/candlenco.fr\/wp-content\/uploads\/2024\/01\/A3311D60-5DEA-4887-A4AD-5481C1192042.jpg?fit=1440%2C1800&ssl=1\",\"datePublished\":\"2024-01-29T23:37:47+00:00\",\"breadcrumb\":{\"@id\":\"https:\/\/candlenco.fr\/index.php\/produit\/bougie-cookie-chocolat\/#breadcrumb\"},\"inLanguage\":\"fr-FR\",\"potentialAction\":[{\"@type\":\"ReadAction\",\"target\":[\"https:\/\/candlenco.fr\/index.php\/produit\/bougie-cookie-chocolat\/\"]}]},{\"@type\":\"ImageObject\",\"inLanguage\":\"fr-FR\",\"@id\":\"https:\/\/candlenco.fr\/index.php\/produit\/bougie-cookie-chocolat\/#primaryimage\",\"url\":\"https:\/\/i0.wp.com\/candlenco.fr\/wp-content\/uploads\/2024\/01\/A3311D60-5DEA-4887-A4AD-5481C1192042.jpg?fit=1440%2C1800&ssl=1\",\"contentUrl\":\"https:\/\/i0.wp.com\/candlenco.fr\/wp-content\/uploads\/2024\/01\/A3311D60-5DEA-4887-A4AD-5481C1192042.jpg?fit=1440%2C1800&ssl=1\",\"width\":1440,\"height\":1800},{\"@type\":\"BreadcrumbList\",\"@id\":\"https:\/\/candlenco.fr\/index.php\/produit\/bougie-cookie-chocolat\/#breadcrumb\",\"itemListElement\":[{\"@type\":\"ListItem\",\"position\":1,\"name\":\"Accueil\",\"item\":\"https:\/\/candlenco.fr\/\"},{\"@type\":\"ListItem\",\"position\":2,\"name\":\"Boutique\",\"item\":\"https:\/\/candlenco.fr\/index.php\/boutique\/\"},{\"@type\":\"ListItem\",\"position\":3,\"name\":\"Bougie cookie chocolat\"}]},{\"@type\":\"WebSite\",\"@id\":\"https:\/\/candlenco.fr\/#website\",\"url\":\"https:\/\/candlenco.fr\/\",\"name\":\"Candle & Co\",\"description\":\"\",\"publisher\":{\"@id\":\"https:\/\/candlenco.fr\/#organization\"},\"potentialAction\":[{\"@type\":\"SearchAction\",\"target\":{\"@type\":\"EntryPoint\",\"urlTemplate\":\"https:\/\/candlenco.fr\/?s={search_term_string}\"},\"query-input\":{\"@type\":\"PropertyValueSpecification\",\"valueRequired\":true,\"valueName\":\"search_term_string\"}}],\"inLanguage\":\"fr-FR\"},{\"@type\":\"Organization\",\"@id\":\"https:\/\/candlenco.fr\/#organization\",\"name\":\"Candle & Co\",\"url\":\"https:\/\/candlenco.fr\/\",\"logo\":{\"@type\":\"ImageObject\",\"inLanguage\":\"fr-FR\",\"@id\":\"https:\/\/candlenco.fr\/#\/schema\/logo\/image\/\",\"url\":\"https:\/\/i0.wp.com\/candlenco.fr\/wp-content\/uploads\/2023\/11\/Logo.png?fit=250%2C250&ssl=1\",\"contentUrl\":\"https:\/\/i0.wp.com\/candlenco.fr\/wp-content\/uploads\/2023\/11\/Logo.png?fit=250%2C250&ssl=1\",\"width\":250,\"height\":250,\"caption\":\"Candle & Co\"},\"image\":{\"@id\":\"https:\/\/candlenco.fr\/#\/schema\/logo\/image\/\"},\"sameAs\":[\"https:\/\/www.facebook.com\/ribesjulie\",\"https:\/\/www.instagram.com\/candlenco23\"]}]}<\/script>\n<!-- \/ Yoast SEO plugin. -->","yoast_head_json":{"title":"Bougie cookie chocolat - Candle &amp; Co","robots":{"index":"index","follow":"follow","max-snippet":"max-snippet:-1","max-image-preview":"max-image-preview:large","max-video-preview":"max-video-preview:-1"},"canonical":"https:\/\/candlenco.fr\/index.php\/produit\/bougie-cookie-chocolat\/","og_locale":"fr_FR","og_type":"article","og_title":"Bougie cookie chocolat - Candle &amp; Co","og_description":"D\u00e9couvrez nos bougies parfum cookie chocolat, une fusion irr\u00e9sistible d'ar\u00f4mes r\u00e9confortants qui \u00e9voque l'ambiance chaleureuse d'une p\u00e2tisserie maison.    Notes Alimentaire \/ Chocolat\u00e9e \/ Poudr\u00e9e   T\u00eate lait chaud\/beurre de cacao   Coeur chocolat au lait\/gaufre   Fond vanille\/lait concentr\u00e9","og_url":"https:\/\/candlenco.fr\/index.php\/produit\/bougie-cookie-chocolat\/","og_site_name":"Candle &amp; Co","article_publisher":"https:\/\/www.facebook.com\/ribesjulie","og_image":[{"width":1440,"height":1800,"url":"https:\/\/candlenco.fr\/wp-content\/uploads\/2024\/01\/A3311D60-5DEA-4887-A4AD-5481C1192042.jpg","type":"image\/jpeg"}],"twitter_card":"summary_large_image","twitter_misc":{"Dur\u00e9e de lecture estim\u00e9e":"1 minute"},"schema":{"@context":"https:\/\/schema.org","@graph":[{"@type":"WebPage","@id":"https:\/\/candlenco.fr\/index.php\/produit\/bougie-cookie-chocolat\/","url":"https:\/\/candlenco.fr\/index.php\/produit\/bougie-cookie-chocolat\/","name":"Bougie cookie chocolat - Candle &amp; Co","isPartOf":{"@id":"https:\/\/candlenco.fr\/#website"},"primaryImageOfPage":{"@id":"https:\/\/candlenco.fr\/index.php\/produit\/bougie-cookie-chocolat\/#primaryimage"},"image":{"@id":"https:\/\/candlenco.fr\/index.php\/produit\/bougie-cookie-chocolat\/#primaryimage"},"thumbnailUrl":"https:\/\/i0.wp.com\/candlenco.fr\/wp-content\/uploads\/2024\/01\/A3311D60-5DEA-4887-A4AD-5481C1192042.jpg?fit=1440%2C1800&ssl=1","datePublished":"2024-01-29T23:37:47+00:00","breadcrumb":{"@id":"https:\/\/candlenco.fr\/index.php\/produit\/bougie-cookie-chocolat\/#breadcrumb"},"inLanguage":"fr-FR","potentialAction":[{"@type":"ReadAction","target":["https:\/\/candlenco.fr\/index.php\/produit\/bougie-cookie-chocolat\/"]}]},{"@type":"ImageObject","inLanguage":"fr-FR","@id":"https:\/\/candlenco.fr\/index.php\/produit\/bougie-cookie-chocolat\/#primaryimage","url":"https:\/\/i0.wp.com\/candlenco.fr\/wp-content\/uploads\/2024\/01\/A3311D60-5DEA-4887-A4AD-5481C1192042.jpg?fit=1440%2C1800&ssl=1","contentUrl":"https:\/\/i0.wp.com\/candlenco.fr\/wp-content\/uploads\/2024\/01\/A3311D60-5DEA-4887-A4AD-5481C1192042.jpg?fit=1440%2C1800&ssl=1","width":1440,"height":1800},{"@type":"BreadcrumbList","@id":"https:\/\/candlenco.fr\/index.php\/produit\/bougie-cookie-chocolat\/#breadcrumb","itemListElement":[{"@type":"ListItem","position":1,"name":"Accueil","item":"https:\/\/candlenco.fr\/"},{"@type":"ListItem","position":2,"name":"Boutique","item":"https:\/\/candlenco.fr\/index.php\/boutique\/"},{"@type":"ListItem","position":3,"name":"Bougie cookie chocolat"}]},{"@type":"WebSite","@id":"https:\/\/candlenco.fr\/#website","url":"https:\/\/candlenco.fr\/","name":"Candle & Co","description":"","publisher":{"@id":"https:\/\/candlenco.fr\/#organization"},"potentialAction":[{"@type":"SearchAction","target":{"@type":"EntryPoint","urlTemplate":"https:\/\/candlenco.fr\/?s={search_term_string}"},"query-input":{"@type":"PropertyValueSpecification","valueRequired":true,"valueName":"search_term_string"}}],"inLanguage":"fr-FR"},{"@type":"Organization","@id":"https:\/\/candlenco.fr\/#organization","name":"Candle & Co","url":"https:\/\/candlenco.fr\/","logo":{"@type":"ImageObject","inLanguage":"fr-FR","@id":"https:\/\/candlenco.fr\/#\/schema\/logo\/image\/","url":"https:\/\/i0.wp.com\/candlenco.fr\/wp-content\/uploads\/2023\/11\/Logo.png?fit=250%2C250&ssl=1","contentUrl":"https:\/\/i0.wp.com\/candlenco.fr\/wp-content\/uploads\/2023\/11\/Logo.png?fit=250%2C250&ssl=1","width":250,"height":250,"caption":"Candle & Co"},"image":{"@id":"https:\/\/candlenco.fr\/#\/schema\/logo\/image\/"},"sameAs":["https:\/\/www.facebook.com\/ribesjulie","https:\/\/www.instagram.com\/candlenco23"]}]}},"jetpack_sharing_enabled":true,"_links":{"self":[{"href":"https:\/\/candlenco.fr\/index.php\/wp-json\/wp\/v2\/product\/3224","targetHints":{"allow":["GET"]}}],"collection":[{"href":"https:\/\/candlenco.fr\/index.php\/wp-json\/wp\/v2\/product"}],"about":[{"href":"https:\/\/candlenco.fr\/index.php\/wp-json\/wp\/v2\/types\/product"}],"replies":[{"embeddable":true,"href":"https:\/\/candlenco.fr\/index.php\/wp-json\/wp\/v2\/comments?post=3224"}],"wp:featuredmedia":[{"embeddable":true,"href":"https:\/\/candlenco.fr\/index.php\/wp-json\/wp\/v2\/media\/3225"}],"wp:attachment":[{"href":"https:\/\/candlenco.fr\/index.php\/wp-json\/wp\/v2\/media?parent=3224"}],"wp:term":[{"taxonomy":"product_brand","embeddable":true,"href":"https:\/\/candlenco.fr\/index.php\/wp-json\/wp\/v2\/product_brand?post=3224"},{"taxonomy":"product_cat","embeddable":true,"href":"https:\/\/candlenco.fr\/index.php\/wp-json\/wp\/v2\/product_cat?post=3224"},{"taxonomy":"product_tag","embeddable":true,"href":"https:\/\/candlenco.fr\/index.php\/wp-json\/wp\/v2\/product_tag?post=3224"}],"curies":[{"name":"wp","href":"https:\/\/api.w.org\/{rel}","templated":true}]}}