{"id":3534,"date":"2024-11-27T22:48:53","date_gmt":"2024-11-27T21:48:53","guid":{"rendered":"https:\/\/candlenco.fr\/?post_type=product&#038;p=3534"},"modified":"2024-12-30T14:46:24","modified_gmt":"2024-12-30T13:46:24","slug":"bougie-coktail-mojito","status":"publish","type":"product","link":"https:\/\/candlenco.fr\/index.php\/produit\/bougie-coktail-mojito\/","title":{"rendered":"Bougie Coktail Mojito"},"content":{"rendered":"<p>Plongez dans une exp\u00e9rience rafra\u00eechissante avec notre bougie gourmande en gel\u00e9e fa\u00e7on Mojito. Confectionn\u00e9e avec soin, cette bougie unique capture l\u2019essence d\u2019un Mojito frais, avec ses notes de menthe et de citron vert, le tout sublim\u00e9 par des \u00e9clats de glace sculpt\u00e9s pour un effet visuel saisissant. Son parfum vivifiant apportera une touche d\u2019exotisme et de fra\u00eecheur \u00e0 votre int\u00e9rieur, cr\u00e9ant une ambiance estivale et p\u00e9tillante.<\/p>\n<p>Sans CMR<\/p>\n<p>Sans Phtalate<\/p>\n<p>Cruelty Free<\/p>\n<p>Vegan Friendly<\/p>\n<p>100% Cire de soja<br \/>\nParfums de grasse<\/p>\n<p>Chaque fragrance r\u00e9pond aux normes europ\u00e9ennes: IFRA, CLP CE N\u00b01907\/2006.<\/p>\n<p>Toutes les \u00e9tiquettes clp seront \u00e0 l\u2019arri\u00e8re du contenant ou sur les boites quand vous recevrez votre bougie apr\u00e8s son achat.<\/p>\n<p>ENV 190G<\/p>\n","protected":false},"excerpt":{"rendered":"<p>Plongez dans une exp\u00e9rience rafra\u00eechissante avec notre bougie gourmande en gel\u00e9e fa\u00e7on Mojito.<\/p>\n<table class=\"table table-data-sheet\">\n<tbody>\n<tr class=\"even\">\n<td>Notes<\/td>\n<td><\/td>\n<\/tr>\n<tr class=\"odd\">\n<td>T\u00eate<\/td>\n<td>\n<table class=\"table table-data-sheet\">\n<tbody>\n<tr class=\"even\">\n<td>Hesperid\u00e9\/citron vert\/ bergamote\/citron<\/td>\n<\/tr>\n<\/tbody>\n<\/table>\n<\/td>\n<\/tr>\n<tr class=\"even\">\n<td>Coeur<\/td>\n<td>Aromatique \/ Feuille de menthe \/ Feuille froiss\u00e9es<\/td>\n<\/tr>\n<tr class=\"odd\">\n<td>Fond<\/td>\n<td>Floral\/ Fleurs blanches<\/td>\n<\/tr>\n<\/tbody>\n<\/table>\n","protected":false},"featured_media":3573,"comment_status":"open","ping_status":"closed","template":"","meta":[],"product_brand":[],"product_cat":[178,149,172],"product_tag":[],"class_list":{"0":"post-3534","1":"product","2":"type-product","3":"status-publish","4":"has-post-thumbnail","6":"product_cat-collection-permanente","7":"product_cat-bougies","8":"product_cat-bougies-gourmandes","10":"first","11":"outofstock","12":"shipping-taxable","13":"purchasable","14":"product-type-simple"},"yoast_head":"<!-- This site is optimized with the Yoast SEO plugin v26.3 - https:\/\/yoast.com\/wordpress\/plugins\/seo\/ -->\n<title>Bougie Coktail Mojito - Candle &amp; Co<\/title>\n<meta name=\"robots\" content=\"index, follow, max-snippet:-1, max-image-preview:large, max-video-preview:-1\" \/>\n<link rel=\"canonical\" href=\"https:\/\/candlenco.fr\/index.php\/produit\/bougie-coktail-mojito\/\" \/>\n<meta property=\"og:locale\" content=\"fr_FR\" \/>\n<meta property=\"og:type\" content=\"article\" \/>\n<meta property=\"og:title\" content=\"Bougie Coktail Mojito - Candle &amp; Co\" \/>\n<meta property=\"og:description\" content=\"Plongez dans une exp\u00e9rience rafra\u00eechissante avec notre bougie gourmande en gel\u00e9e fa\u00e7on Mojito.    Notes    T\u00eate     Hesperid\u00e9\/citron vert\/ bergamote\/citron       Coeur Aromatique \/ Feuille de menthe \/ Feuille froiss\u00e9es   Fond Floral\/ Fleurs blanches\" \/>\n<meta property=\"og:url\" content=\"https:\/\/candlenco.fr\/index.php\/produit\/bougie-coktail-mojito\/\" \/>\n<meta property=\"og:site_name\" content=\"Candle &amp; Co\" \/>\n<meta property=\"article:publisher\" content=\"https:\/\/www.facebook.com\/ribesjulie\" \/>\n<meta property=\"article:modified_time\" content=\"2024-12-30T13:46:24+00:00\" \/>\n<meta property=\"og:image\" content=\"https:\/\/candlenco.fr\/wp-content\/uploads\/2024\/05\/455B71D2-40B6-4853-8438-9D3376B7E61E.jpg\" \/>\n\t<meta property=\"og:image:width\" content=\"1440\" \/>\n\t<meta property=\"og:image:height\" content=\"1800\" \/>\n\t<meta property=\"og:image:type\" content=\"image\/jpeg\" \/>\n<meta name=\"twitter:card\" content=\"summary_large_image\" \/>\n<meta name=\"twitter:label1\" content=\"Dur\u00e9e de lecture estim\u00e9e\" \/>\n\t<meta name=\"twitter:data1\" content=\"1 minute\" \/>\n<script type=\"application\/ld+json\" class=\"yoast-schema-graph\">{\"@context\":\"https:\/\/schema.org\",\"@graph\":[{\"@type\":\"WebPage\",\"@id\":\"https:\/\/candlenco.fr\/index.php\/produit\/bougie-coktail-mojito\/\",\"url\":\"https:\/\/candlenco.fr\/index.php\/produit\/bougie-coktail-mojito\/\",\"name\":\"Bougie Coktail Mojito - Candle &amp; Co\",\"isPartOf\":{\"@id\":\"https:\/\/candlenco.fr\/#website\"},\"primaryImageOfPage\":{\"@id\":\"https:\/\/candlenco.fr\/index.php\/produit\/bougie-coktail-mojito\/#primaryimage\"},\"image\":{\"@id\":\"https:\/\/candlenco.fr\/index.php\/produit\/bougie-coktail-mojito\/#primaryimage\"},\"thumbnailUrl\":\"https:\/\/i0.wp.com\/candlenco.fr\/wp-content\/uploads\/2024\/05\/455B71D2-40B6-4853-8438-9D3376B7E61E.jpg?fit=1440%2C1800&ssl=1\",\"datePublished\":\"2024-11-27T21:48:53+00:00\",\"dateModified\":\"2024-12-30T13:46:24+00:00\",\"breadcrumb\":{\"@id\":\"https:\/\/candlenco.fr\/index.php\/produit\/bougie-coktail-mojito\/#breadcrumb\"},\"inLanguage\":\"fr-FR\",\"potentialAction\":[{\"@type\":\"ReadAction\",\"target\":[\"https:\/\/candlenco.fr\/index.php\/produit\/bougie-coktail-mojito\/\"]}]},{\"@type\":\"ImageObject\",\"inLanguage\":\"fr-FR\",\"@id\":\"https:\/\/candlenco.fr\/index.php\/produit\/bougie-coktail-mojito\/#primaryimage\",\"url\":\"https:\/\/i0.wp.com\/candlenco.fr\/wp-content\/uploads\/2024\/05\/455B71D2-40B6-4853-8438-9D3376B7E61E.jpg?fit=1440%2C1800&ssl=1\",\"contentUrl\":\"https:\/\/i0.wp.com\/candlenco.fr\/wp-content\/uploads\/2024\/05\/455B71D2-40B6-4853-8438-9D3376B7E61E.jpg?fit=1440%2C1800&ssl=1\",\"width\":1440,\"height\":1800},{\"@type\":\"BreadcrumbList\",\"@id\":\"https:\/\/candlenco.fr\/index.php\/produit\/bougie-coktail-mojito\/#breadcrumb\",\"itemListElement\":[{\"@type\":\"ListItem\",\"position\":1,\"name\":\"Accueil\",\"item\":\"https:\/\/candlenco.fr\/\"},{\"@type\":\"ListItem\",\"position\":2,\"name\":\"Boutique\",\"item\":\"https:\/\/candlenco.fr\/index.php\/boutique\/\"},{\"@type\":\"ListItem\",\"position\":3,\"name\":\"Bougie Coktail Mojito\"}]},{\"@type\":\"WebSite\",\"@id\":\"https:\/\/candlenco.fr\/#website\",\"url\":\"https:\/\/candlenco.fr\/\",\"name\":\"Candle & Co\",\"description\":\"\",\"publisher\":{\"@id\":\"https:\/\/candlenco.fr\/#organization\"},\"potentialAction\":[{\"@type\":\"SearchAction\",\"target\":{\"@type\":\"EntryPoint\",\"urlTemplate\":\"https:\/\/candlenco.fr\/?s={search_term_string}\"},\"query-input\":{\"@type\":\"PropertyValueSpecification\",\"valueRequired\":true,\"valueName\":\"search_term_string\"}}],\"inLanguage\":\"fr-FR\"},{\"@type\":\"Organization\",\"@id\":\"https:\/\/candlenco.fr\/#organization\",\"name\":\"Candle & Co\",\"url\":\"https:\/\/candlenco.fr\/\",\"logo\":{\"@type\":\"ImageObject\",\"inLanguage\":\"fr-FR\",\"@id\":\"https:\/\/candlenco.fr\/#\/schema\/logo\/image\/\",\"url\":\"https:\/\/i0.wp.com\/candlenco.fr\/wp-content\/uploads\/2023\/11\/Logo.png?fit=250%2C250&ssl=1\",\"contentUrl\":\"https:\/\/i0.wp.com\/candlenco.fr\/wp-content\/uploads\/2023\/11\/Logo.png?fit=250%2C250&ssl=1\",\"width\":250,\"height\":250,\"caption\":\"Candle & Co\"},\"image\":{\"@id\":\"https:\/\/candlenco.fr\/#\/schema\/logo\/image\/\"},\"sameAs\":[\"https:\/\/www.facebook.com\/ribesjulie\",\"https:\/\/www.instagram.com\/candlenco23\"]}]}<\/script>\n<!-- \/ Yoast SEO plugin. -->","yoast_head_json":{"title":"Bougie Coktail Mojito - Candle &amp; Co","robots":{"index":"index","follow":"follow","max-snippet":"max-snippet:-1","max-image-preview":"max-image-preview:large","max-video-preview":"max-video-preview:-1"},"canonical":"https:\/\/candlenco.fr\/index.php\/produit\/bougie-coktail-mojito\/","og_locale":"fr_FR","og_type":"article","og_title":"Bougie Coktail Mojito - Candle &amp; Co","og_description":"Plongez dans une exp\u00e9rience rafra\u00eechissante avec notre bougie gourmande en gel\u00e9e fa\u00e7on Mojito.    Notes    T\u00eate     Hesperid\u00e9\/citron vert\/ bergamote\/citron       Coeur Aromatique \/ Feuille de menthe \/ Feuille froiss\u00e9es   Fond Floral\/ Fleurs blanches","og_url":"https:\/\/candlenco.fr\/index.php\/produit\/bougie-coktail-mojito\/","og_site_name":"Candle &amp; Co","article_publisher":"https:\/\/www.facebook.com\/ribesjulie","article_modified_time":"2024-12-30T13:46:24+00:00","og_image":[{"width":1440,"height":1800,"url":"https:\/\/candlenco.fr\/wp-content\/uploads\/2024\/05\/455B71D2-40B6-4853-8438-9D3376B7E61E.jpg","type":"image\/jpeg"}],"twitter_card":"summary_large_image","twitter_misc":{"Dur\u00e9e de lecture estim\u00e9e":"1 minute"},"schema":{"@context":"https:\/\/schema.org","@graph":[{"@type":"WebPage","@id":"https:\/\/candlenco.fr\/index.php\/produit\/bougie-coktail-mojito\/","url":"https:\/\/candlenco.fr\/index.php\/produit\/bougie-coktail-mojito\/","name":"Bougie Coktail Mojito - Candle &amp; Co","isPartOf":{"@id":"https:\/\/candlenco.fr\/#website"},"primaryImageOfPage":{"@id":"https:\/\/candlenco.fr\/index.php\/produit\/bougie-coktail-mojito\/#primaryimage"},"image":{"@id":"https:\/\/candlenco.fr\/index.php\/produit\/bougie-coktail-mojito\/#primaryimage"},"thumbnailUrl":"https:\/\/i0.wp.com\/candlenco.fr\/wp-content\/uploads\/2024\/05\/455B71D2-40B6-4853-8438-9D3376B7E61E.jpg?fit=1440%2C1800&ssl=1","datePublished":"2024-11-27T21:48:53+00:00","dateModified":"2024-12-30T13:46:24+00:00","breadcrumb":{"@id":"https:\/\/candlenco.fr\/index.php\/produit\/bougie-coktail-mojito\/#breadcrumb"},"inLanguage":"fr-FR","potentialAction":[{"@type":"ReadAction","target":["https:\/\/candlenco.fr\/index.php\/produit\/bougie-coktail-mojito\/"]}]},{"@type":"ImageObject","inLanguage":"fr-FR","@id":"https:\/\/candlenco.fr\/index.php\/produit\/bougie-coktail-mojito\/#primaryimage","url":"https:\/\/i0.wp.com\/candlenco.fr\/wp-content\/uploads\/2024\/05\/455B71D2-40B6-4853-8438-9D3376B7E61E.jpg?fit=1440%2C1800&ssl=1","contentUrl":"https:\/\/i0.wp.com\/candlenco.fr\/wp-content\/uploads\/2024\/05\/455B71D2-40B6-4853-8438-9D3376B7E61E.jpg?fit=1440%2C1800&ssl=1","width":1440,"height":1800},{"@type":"BreadcrumbList","@id":"https:\/\/candlenco.fr\/index.php\/produit\/bougie-coktail-mojito\/#breadcrumb","itemListElement":[{"@type":"ListItem","position":1,"name":"Accueil","item":"https:\/\/candlenco.fr\/"},{"@type":"ListItem","position":2,"name":"Boutique","item":"https:\/\/candlenco.fr\/index.php\/boutique\/"},{"@type":"ListItem","position":3,"name":"Bougie Coktail Mojito"}]},{"@type":"WebSite","@id":"https:\/\/candlenco.fr\/#website","url":"https:\/\/candlenco.fr\/","name":"Candle & Co","description":"","publisher":{"@id":"https:\/\/candlenco.fr\/#organization"},"potentialAction":[{"@type":"SearchAction","target":{"@type":"EntryPoint","urlTemplate":"https:\/\/candlenco.fr\/?s={search_term_string}"},"query-input":{"@type":"PropertyValueSpecification","valueRequired":true,"valueName":"search_term_string"}}],"inLanguage":"fr-FR"},{"@type":"Organization","@id":"https:\/\/candlenco.fr\/#organization","name":"Candle & Co","url":"https:\/\/candlenco.fr\/","logo":{"@type":"ImageObject","inLanguage":"fr-FR","@id":"https:\/\/candlenco.fr\/#\/schema\/logo\/image\/","url":"https:\/\/i0.wp.com\/candlenco.fr\/wp-content\/uploads\/2023\/11\/Logo.png?fit=250%2C250&ssl=1","contentUrl":"https:\/\/i0.wp.com\/candlenco.fr\/wp-content\/uploads\/2023\/11\/Logo.png?fit=250%2C250&ssl=1","width":250,"height":250,"caption":"Candle & Co"},"image":{"@id":"https:\/\/candlenco.fr\/#\/schema\/logo\/image\/"},"sameAs":["https:\/\/www.facebook.com\/ribesjulie","https:\/\/www.instagram.com\/candlenco23"]}]}},"jetpack_sharing_enabled":true,"_links":{"self":[{"href":"https:\/\/candlenco.fr\/index.php\/wp-json\/wp\/v2\/product\/3534","targetHints":{"allow":["GET"]}}],"collection":[{"href":"https:\/\/candlenco.fr\/index.php\/wp-json\/wp\/v2\/product"}],"about":[{"href":"https:\/\/candlenco.fr\/index.php\/wp-json\/wp\/v2\/types\/product"}],"replies":[{"embeddable":true,"href":"https:\/\/candlenco.fr\/index.php\/wp-json\/wp\/v2\/comments?post=3534"}],"wp:featuredmedia":[{"embeddable":true,"href":"https:\/\/candlenco.fr\/index.php\/wp-json\/wp\/v2\/media\/3573"}],"wp:attachment":[{"href":"https:\/\/candlenco.fr\/index.php\/wp-json\/wp\/v2\/media?parent=3534"}],"wp:term":[{"taxonomy":"product_brand","embeddable":true,"href":"https:\/\/candlenco.fr\/index.php\/wp-json\/wp\/v2\/product_brand?post=3534"},{"taxonomy":"product_cat","embeddable":true,"href":"https:\/\/candlenco.fr\/index.php\/wp-json\/wp\/v2\/product_cat?post=3534"},{"taxonomy":"product_tag","embeddable":true,"href":"https:\/\/candlenco.fr\/index.php\/wp-json\/wp\/v2\/product_tag?post=3534"}],"curies":[{"name":"wp","href":"https:\/\/api.w.org\/{rel}","templated":true}]}}