{"id":3574,"date":"2024-11-27T23:08:38","date_gmt":"2024-11-27T22:08:38","guid":{"rendered":"https:\/\/candlenco.fr\/?post_type=product&#038;p=3574"},"modified":"2025-03-09T13:53:01","modified_gmt":"2025-03-09T12:53:01","slug":"bougie-gourmande-mandarine","status":"publish","type":"product","link":"https:\/\/candlenco.fr\/index.php\/produit\/bougie-gourmande-mandarine\/","title":{"rendered":"Bougie gourmande Mandarine bodega"},"content":{"rendered":"<p>Laissez-vous s\u00e9duire par notre bougie gourmande \u00e0 la mandarine, un v\u00e9ritable concentr\u00e9 de fra\u00eecheur et de douceur. Son parfum fruit\u00e9 et l\u00e9g\u00e8rement sucr\u00e9 emplit l&rsquo;air d&rsquo;une d\u00e9licieuse senteur d&rsquo;agrumes, apportant une touche lumineuse et vivifiante \u00e0 votre int\u00e9rieur.<\/p>\n<p>Sans CMR<\/p>\n<p>Sans Phtalate<\/p>\n<p>Cruelty Free<\/p>\n<p>Vegan Friendly<\/p>\n<p>100% Cire de soja<br \/>\nParfums de grasse<\/p>\n<p>Chaque fragrance r\u00e9pond aux normes europ\u00e9ennes: IFRA, CLP CE N\u00b01907\/2006.<\/p>\n<p>Toutes les \u00e9tiquettes clp seront \u00e0 l\u2019arri\u00e8re du contenant ou sur les boites quand vous recevrez votre bougie apr\u00e8s son achat.<\/p>\n<p>&nbsp;<\/p>\n<p>verre BODEGA env.190g<\/p>\n","protected":false},"excerpt":{"rendered":"<p>Laissez-vous s\u00e9duire par notre bougie gourmande \u00e0 la mandarine, un v\u00e9ritable concentr\u00e9 de fra\u00eecheur et de douceur.<\/p>\n<p>Son parfum rafra\u00eechissant et vivifiant peut aider \u00e0 stimuler les sens et \u00e0 augmenter l&rsquo;\u00e9nergie. Les bougies, les diffuseurs et les fondants parfum\u00e9s \u00e0 la mandarine peuvent \u00eatre particuli\u00e8rement utiles dans les espaces de travail, les salles de bains et les salles de sport pour aider \u00e0 cr\u00e9er une ambiance \u00e9nergisante et stimulante. Il peut \u00e9galement aider \u00e0 am\u00e9liorer l&rsquo;humeur et \u00e0 r\u00e9duire le stress.<\/p>\n<table class=\"table table-data-sheet\">\n<tbody>\n<tr class=\"even\">\n<td>Notes<\/td>\n<td><\/td>\n<\/tr>\n<tr class=\"odd\">\n<td>T\u00eate<\/td>\n<td>Zeste de mandarine \/ Zestes d&rsquo;orange<\/td>\n<\/tr>\n<tr class=\"even\">\n<td>Coeur<\/td>\n<td>Jus de mandarine\/ Kumcat \/ Nectar d&rsquo;abricot<\/td>\n<\/tr>\n<tr class=\"odd\">\n<td>Fond<\/td>\n<td>Fleursvblanches et musc<\/td>\n<\/tr>\n<\/tbody>\n<\/table>\n","protected":false},"featured_media":3580,"comment_status":"open","ping_status":"closed","template":"","meta":[],"product_brand":[],"product_cat":[178,149,172],"product_tag":[],"class_list":{"0":"post-3574","1":"product","2":"type-product","3":"status-publish","4":"has-post-thumbnail","6":"product_cat-collection-permanente","7":"product_cat-bougies","8":"product_cat-bougies-gourmandes","10":"first","11":"instock","12":"shipping-taxable","13":"purchasable","14":"product-type-simple"},"yoast_head":"<!-- This site is optimized with the Yoast SEO plugin v26.3 - https:\/\/yoast.com\/wordpress\/plugins\/seo\/ -->\n<title>Bougie gourmande Mandarine bodega - Candle &amp; Co<\/title>\n<meta name=\"robots\" content=\"index, follow, max-snippet:-1, max-image-preview:large, max-video-preview:-1\" \/>\n<link rel=\"canonical\" href=\"https:\/\/candlenco.fr\/index.php\/produit\/bougie-gourmande-mandarine\/\" \/>\n<meta property=\"og:locale\" content=\"fr_FR\" \/>\n<meta property=\"og:type\" content=\"article\" \/>\n<meta property=\"og:title\" content=\"Bougie gourmande Mandarine bodega - Candle &amp; Co\" \/>\n<meta property=\"og:description\" content=\"Laissez-vous s\u00e9duire par notre bougie gourmande \u00e0 la mandarine, un v\u00e9ritable concentr\u00e9 de fra\u00eecheur et de douceur.  Son parfum rafra\u00eechissant et vivifiant peut aider \u00e0 stimuler les sens et \u00e0 augmenter l&#039;\u00e9nergie. Les bougies, les diffuseurs et les fondants parfum\u00e9s \u00e0 la mandarine peuvent \u00eatre particuli\u00e8rement utiles dans les espaces de travail, les salles de bains et les salles de sport pour aider \u00e0 cr\u00e9er une ambiance \u00e9nergisante et stimulante. Il peut \u00e9galement aider \u00e0 am\u00e9liorer l&#039;humeur et \u00e0 r\u00e9duire le stress.    Notes    T\u00eate Zeste de mandarine \/ Zestes d&#039;orange   Coeur Jus de mandarine\/ Kumcat \/ Nectar d&#039;abricot   Fond Fleursvblanches et musc\" \/>\n<meta property=\"og:url\" content=\"https:\/\/candlenco.fr\/index.php\/produit\/bougie-gourmande-mandarine\/\" \/>\n<meta property=\"og:site_name\" content=\"Candle &amp; Co\" \/>\n<meta property=\"article:publisher\" content=\"https:\/\/www.facebook.com\/ribesjulie\" \/>\n<meta property=\"article:modified_time\" content=\"2025-03-09T12:53:01+00:00\" \/>\n<meta property=\"og:image\" content=\"https:\/\/candlenco.fr\/wp-content\/uploads\/2024\/11\/IMG_1666-rotated.jpg\" \/>\n\t<meta property=\"og:image:width\" content=\"1512\" \/>\n\t<meta property=\"og:image:height\" content=\"2016\" \/>\n\t<meta property=\"og:image:type\" content=\"image\/jpeg\" \/>\n<meta name=\"twitter:card\" content=\"summary_large_image\" \/>\n<meta name=\"twitter:label1\" content=\"Dur\u00e9e de lecture estim\u00e9e\" \/>\n\t<meta name=\"twitter:data1\" content=\"1 minute\" \/>\n<script type=\"application\/ld+json\" class=\"yoast-schema-graph\">{\"@context\":\"https:\/\/schema.org\",\"@graph\":[{\"@type\":\"WebPage\",\"@id\":\"https:\/\/candlenco.fr\/index.php\/produit\/bougie-gourmande-mandarine\/\",\"url\":\"https:\/\/candlenco.fr\/index.php\/produit\/bougie-gourmande-mandarine\/\",\"name\":\"Bougie gourmande Mandarine bodega - Candle &amp; Co\",\"isPartOf\":{\"@id\":\"https:\/\/candlenco.fr\/#website\"},\"primaryImageOfPage\":{\"@id\":\"https:\/\/candlenco.fr\/index.php\/produit\/bougie-gourmande-mandarine\/#primaryimage\"},\"image\":{\"@id\":\"https:\/\/candlenco.fr\/index.php\/produit\/bougie-gourmande-mandarine\/#primaryimage\"},\"thumbnailUrl\":\"https:\/\/i0.wp.com\/candlenco.fr\/wp-content\/uploads\/2024\/11\/IMG_1666-rotated.jpg?fit=1512%2C2016&ssl=1\",\"datePublished\":\"2024-11-27T22:08:38+00:00\",\"dateModified\":\"2025-03-09T12:53:01+00:00\",\"breadcrumb\":{\"@id\":\"https:\/\/candlenco.fr\/index.php\/produit\/bougie-gourmande-mandarine\/#breadcrumb\"},\"inLanguage\":\"fr-FR\",\"potentialAction\":[{\"@type\":\"ReadAction\",\"target\":[\"https:\/\/candlenco.fr\/index.php\/produit\/bougie-gourmande-mandarine\/\"]}]},{\"@type\":\"ImageObject\",\"inLanguage\":\"fr-FR\",\"@id\":\"https:\/\/candlenco.fr\/index.php\/produit\/bougie-gourmande-mandarine\/#primaryimage\",\"url\":\"https:\/\/i0.wp.com\/candlenco.fr\/wp-content\/uploads\/2024\/11\/IMG_1666-rotated.jpg?fit=1512%2C2016&ssl=1\",\"contentUrl\":\"https:\/\/i0.wp.com\/candlenco.fr\/wp-content\/uploads\/2024\/11\/IMG_1666-rotated.jpg?fit=1512%2C2016&ssl=1\",\"width\":1512,\"height\":2016},{\"@type\":\"BreadcrumbList\",\"@id\":\"https:\/\/candlenco.fr\/index.php\/produit\/bougie-gourmande-mandarine\/#breadcrumb\",\"itemListElement\":[{\"@type\":\"ListItem\",\"position\":1,\"name\":\"Accueil\",\"item\":\"https:\/\/candlenco.fr\/\"},{\"@type\":\"ListItem\",\"position\":2,\"name\":\"Boutique\",\"item\":\"https:\/\/candlenco.fr\/index.php\/boutique\/\"},{\"@type\":\"ListItem\",\"position\":3,\"name\":\"Bougie gourmande Mandarine bodega\"}]},{\"@type\":\"WebSite\",\"@id\":\"https:\/\/candlenco.fr\/#website\",\"url\":\"https:\/\/candlenco.fr\/\",\"name\":\"Candle & Co\",\"description\":\"\",\"publisher\":{\"@id\":\"https:\/\/candlenco.fr\/#organization\"},\"potentialAction\":[{\"@type\":\"SearchAction\",\"target\":{\"@type\":\"EntryPoint\",\"urlTemplate\":\"https:\/\/candlenco.fr\/?s={search_term_string}\"},\"query-input\":{\"@type\":\"PropertyValueSpecification\",\"valueRequired\":true,\"valueName\":\"search_term_string\"}}],\"inLanguage\":\"fr-FR\"},{\"@type\":\"Organization\",\"@id\":\"https:\/\/candlenco.fr\/#organization\",\"name\":\"Candle & Co\",\"url\":\"https:\/\/candlenco.fr\/\",\"logo\":{\"@type\":\"ImageObject\",\"inLanguage\":\"fr-FR\",\"@id\":\"https:\/\/candlenco.fr\/#\/schema\/logo\/image\/\",\"url\":\"https:\/\/i0.wp.com\/candlenco.fr\/wp-content\/uploads\/2023\/11\/Logo.png?fit=250%2C250&ssl=1\",\"contentUrl\":\"https:\/\/i0.wp.com\/candlenco.fr\/wp-content\/uploads\/2023\/11\/Logo.png?fit=250%2C250&ssl=1\",\"width\":250,\"height\":250,\"caption\":\"Candle & Co\"},\"image\":{\"@id\":\"https:\/\/candlenco.fr\/#\/schema\/logo\/image\/\"},\"sameAs\":[\"https:\/\/www.facebook.com\/ribesjulie\",\"https:\/\/www.instagram.com\/candlenco23\"]}]}<\/script>\n<!-- \/ Yoast SEO plugin. -->","yoast_head_json":{"title":"Bougie gourmande Mandarine bodega - Candle &amp; Co","robots":{"index":"index","follow":"follow","max-snippet":"max-snippet:-1","max-image-preview":"max-image-preview:large","max-video-preview":"max-video-preview:-1"},"canonical":"https:\/\/candlenco.fr\/index.php\/produit\/bougie-gourmande-mandarine\/","og_locale":"fr_FR","og_type":"article","og_title":"Bougie gourmande Mandarine bodega - Candle &amp; Co","og_description":"Laissez-vous s\u00e9duire par notre bougie gourmande \u00e0 la mandarine, un v\u00e9ritable concentr\u00e9 de fra\u00eecheur et de douceur.  Son parfum rafra\u00eechissant et vivifiant peut aider \u00e0 stimuler les sens et \u00e0 augmenter l'\u00e9nergie. Les bougies, les diffuseurs et les fondants parfum\u00e9s \u00e0 la mandarine peuvent \u00eatre particuli\u00e8rement utiles dans les espaces de travail, les salles de bains et les salles de sport pour aider \u00e0 cr\u00e9er une ambiance \u00e9nergisante et stimulante. Il peut \u00e9galement aider \u00e0 am\u00e9liorer l'humeur et \u00e0 r\u00e9duire le stress.    Notes    T\u00eate Zeste de mandarine \/ Zestes d'orange   Coeur Jus de mandarine\/ Kumcat \/ Nectar d'abricot   Fond Fleursvblanches et musc","og_url":"https:\/\/candlenco.fr\/index.php\/produit\/bougie-gourmande-mandarine\/","og_site_name":"Candle &amp; Co","article_publisher":"https:\/\/www.facebook.com\/ribesjulie","article_modified_time":"2025-03-09T12:53:01+00:00","og_image":[{"width":1512,"height":2016,"url":"https:\/\/candlenco.fr\/wp-content\/uploads\/2024\/11\/IMG_1666-rotated.jpg","type":"image\/jpeg"}],"twitter_card":"summary_large_image","twitter_misc":{"Dur\u00e9e de lecture estim\u00e9e":"1 minute"},"schema":{"@context":"https:\/\/schema.org","@graph":[{"@type":"WebPage","@id":"https:\/\/candlenco.fr\/index.php\/produit\/bougie-gourmande-mandarine\/","url":"https:\/\/candlenco.fr\/index.php\/produit\/bougie-gourmande-mandarine\/","name":"Bougie gourmande Mandarine bodega - Candle &amp; Co","isPartOf":{"@id":"https:\/\/candlenco.fr\/#website"},"primaryImageOfPage":{"@id":"https:\/\/candlenco.fr\/index.php\/produit\/bougie-gourmande-mandarine\/#primaryimage"},"image":{"@id":"https:\/\/candlenco.fr\/index.php\/produit\/bougie-gourmande-mandarine\/#primaryimage"},"thumbnailUrl":"https:\/\/i0.wp.com\/candlenco.fr\/wp-content\/uploads\/2024\/11\/IMG_1666-rotated.jpg?fit=1512%2C2016&ssl=1","datePublished":"2024-11-27T22:08:38+00:00","dateModified":"2025-03-09T12:53:01+00:00","breadcrumb":{"@id":"https:\/\/candlenco.fr\/index.php\/produit\/bougie-gourmande-mandarine\/#breadcrumb"},"inLanguage":"fr-FR","potentialAction":[{"@type":"ReadAction","target":["https:\/\/candlenco.fr\/index.php\/produit\/bougie-gourmande-mandarine\/"]}]},{"@type":"ImageObject","inLanguage":"fr-FR","@id":"https:\/\/candlenco.fr\/index.php\/produit\/bougie-gourmande-mandarine\/#primaryimage","url":"https:\/\/i0.wp.com\/candlenco.fr\/wp-content\/uploads\/2024\/11\/IMG_1666-rotated.jpg?fit=1512%2C2016&ssl=1","contentUrl":"https:\/\/i0.wp.com\/candlenco.fr\/wp-content\/uploads\/2024\/11\/IMG_1666-rotated.jpg?fit=1512%2C2016&ssl=1","width":1512,"height":2016},{"@type":"BreadcrumbList","@id":"https:\/\/candlenco.fr\/index.php\/produit\/bougie-gourmande-mandarine\/#breadcrumb","itemListElement":[{"@type":"ListItem","position":1,"name":"Accueil","item":"https:\/\/candlenco.fr\/"},{"@type":"ListItem","position":2,"name":"Boutique","item":"https:\/\/candlenco.fr\/index.php\/boutique\/"},{"@type":"ListItem","position":3,"name":"Bougie gourmande Mandarine bodega"}]},{"@type":"WebSite","@id":"https:\/\/candlenco.fr\/#website","url":"https:\/\/candlenco.fr\/","name":"Candle & Co","description":"","publisher":{"@id":"https:\/\/candlenco.fr\/#organization"},"potentialAction":[{"@type":"SearchAction","target":{"@type":"EntryPoint","urlTemplate":"https:\/\/candlenco.fr\/?s={search_term_string}"},"query-input":{"@type":"PropertyValueSpecification","valueRequired":true,"valueName":"search_term_string"}}],"inLanguage":"fr-FR"},{"@type":"Organization","@id":"https:\/\/candlenco.fr\/#organization","name":"Candle & Co","url":"https:\/\/candlenco.fr\/","logo":{"@type":"ImageObject","inLanguage":"fr-FR","@id":"https:\/\/candlenco.fr\/#\/schema\/logo\/image\/","url":"https:\/\/i0.wp.com\/candlenco.fr\/wp-content\/uploads\/2023\/11\/Logo.png?fit=250%2C250&ssl=1","contentUrl":"https:\/\/i0.wp.com\/candlenco.fr\/wp-content\/uploads\/2023\/11\/Logo.png?fit=250%2C250&ssl=1","width":250,"height":250,"caption":"Candle & Co"},"image":{"@id":"https:\/\/candlenco.fr\/#\/schema\/logo\/image\/"},"sameAs":["https:\/\/www.facebook.com\/ribesjulie","https:\/\/www.instagram.com\/candlenco23"]}]}},"jetpack_sharing_enabled":true,"_links":{"self":[{"href":"https:\/\/candlenco.fr\/index.php\/wp-json\/wp\/v2\/product\/3574","targetHints":{"allow":["GET"]}}],"collection":[{"href":"https:\/\/candlenco.fr\/index.php\/wp-json\/wp\/v2\/product"}],"about":[{"href":"https:\/\/candlenco.fr\/index.php\/wp-json\/wp\/v2\/types\/product"}],"replies":[{"embeddable":true,"href":"https:\/\/candlenco.fr\/index.php\/wp-json\/wp\/v2\/comments?post=3574"}],"wp:featuredmedia":[{"embeddable":true,"href":"https:\/\/candlenco.fr\/index.php\/wp-json\/wp\/v2\/media\/3580"}],"wp:attachment":[{"href":"https:\/\/candlenco.fr\/index.php\/wp-json\/wp\/v2\/media?parent=3574"}],"wp:term":[{"taxonomy":"product_brand","embeddable":true,"href":"https:\/\/candlenco.fr\/index.php\/wp-json\/wp\/v2\/product_brand?post=3574"},{"taxonomy":"product_cat","embeddable":true,"href":"https:\/\/candlenco.fr\/index.php\/wp-json\/wp\/v2\/product_cat?post=3574"},{"taxonomy":"product_tag","embeddable":true,"href":"https:\/\/candlenco.fr\/index.php\/wp-json\/wp\/v2\/product_tag?post=3574"}],"curies":[{"name":"wp","href":"https:\/\/api.w.org\/{rel}","templated":true}]}}