{"id":3652,"date":"2024-12-30T15:43:59","date_gmt":"2024-12-30T14:43:59","guid":{"rendered":"https:\/\/candlenco.fr\/?post_type=product&#038;p=3652"},"modified":"2024-12-30T15:43:59","modified_gmt":"2024-12-30T14:43:59","slug":"bougie-simple-phrase-edition-humour","status":"publish","type":"product","link":"https:\/\/candlenco.fr\/index.php\/produit\/bougie-simple-phrase-edition-humour\/","title":{"rendered":"Bougie simple phrase \u00e9dition humour"},"content":{"rendered":"<div class=\"mb-2 flex gap-3 empty:hidden -ml-2\">\n<div class=\"items-center justify-start rounded-xl p-1 flex\">\n<div class=\"flex items-center\">\n<p>Sans CMR<\/p>\n<p>Sans Phtalate<\/p>\n<p>Cruelty Free<\/p>\n<p>Vegan Friendly<\/p>\n<p>100% Cire de soja<br \/>\nParfums de grasse<\/p>\n<p>Chaque fragrance r\u00e9pond aux normes europ\u00e9ennes: IFRA, CLP CE N\u00b01907\/2006.<\/p>\n<p>Toutes les \u00e9tiquettes clp seront \u00e0 l\u2019arri\u00e8re du contenant ou sur les boites quand vous recevrez votre bougie apr\u00e8s son achat.<\/p>\n<p>&nbsp;<\/p>\n<p>verre BODEGA env.120g<\/p>\n<\/div>\n<\/div>\n<\/div>\n","protected":false},"excerpt":{"rendered":"<p>Ajoutez une touche d&rsquo;humour d\u00e9cal\u00e9 \u00e0 votre d\u00e9coration avec nos bougies orn\u00e9es d&rsquo;\u00e9tiquettes pleines de r\u00e9parties amusantes et de phrases piquantes comme \u00ab\u00a0T&rsquo;es pas le couteau le plus aiguis\u00e9 du tiroir\u00a0\u00bb, pour \u00e9gayer votre quotidien et celui de vos proches. Parfaites pour offrir ou pour apporter une dose de bonne humeur \u00e0 votre int\u00e9rieur, ces bougies allient fragrance envo\u00fbtante et esprit impertinent. Une fa\u00e7on originale de faire sourire tout en cr\u00e9ant une ambiance chaleureuse et unique.<\/p>\n<p>PARFUM FLEUR DE COTON<\/p>\n","protected":false},"featured_media":3654,"comment_status":"open","ping_status":"closed","template":"","meta":[],"product_brand":[],"product_cat":[178,149,173],"product_tag":[],"class_list":{"0":"post-3652","1":"product","2":"type-product","3":"status-publish","4":"has-post-thumbnail","6":"product_cat-collection-permanente","7":"product_cat-bougies","8":"product_cat-bougies-classiques","10":"first","11":"instock","12":"shipping-taxable","13":"purchasable","14":"product-type-variable"},"yoast_head":"<!-- This site is optimized with the Yoast SEO plugin v26.3 - https:\/\/yoast.com\/wordpress\/plugins\/seo\/ -->\n<title>Bougie simple phrase \u00e9dition humour - Candle &amp; Co<\/title>\n<meta name=\"robots\" content=\"index, follow, max-snippet:-1, max-image-preview:large, max-video-preview:-1\" \/>\n<link rel=\"canonical\" href=\"https:\/\/candlenco.fr\/index.php\/produit\/bougie-simple-phrase-edition-humour\/\" \/>\n<meta property=\"og:locale\" content=\"fr_FR\" \/>\n<meta property=\"og:type\" content=\"article\" \/>\n<meta property=\"og:title\" content=\"Bougie simple phrase \u00e9dition humour - Candle &amp; Co\" \/>\n<meta property=\"og:description\" content=\"Ajoutez une touche d&#039;humour d\u00e9cal\u00e9 \u00e0 votre d\u00e9coration avec nos bougies orn\u00e9es d&#039;\u00e9tiquettes pleines de r\u00e9parties amusantes et de phrases piquantes comme &quot;T&#039;es pas le couteau le plus aiguis\u00e9 du tiroir&quot;, pour \u00e9gayer votre quotidien et celui de vos proches. Parfaites pour offrir ou pour apporter une dose de bonne humeur \u00e0 votre int\u00e9rieur, ces bougies allient fragrance envo\u00fbtante et esprit impertinent. Une fa\u00e7on originale de faire sourire tout en cr\u00e9ant une ambiance chaleureuse et unique.  PARFUM FLEUR DE COTON\" \/>\n<meta property=\"og:url\" content=\"https:\/\/candlenco.fr\/index.php\/produit\/bougie-simple-phrase-edition-humour\/\" \/>\n<meta property=\"og:site_name\" content=\"Candle &amp; Co\" \/>\n<meta property=\"article:publisher\" content=\"https:\/\/www.facebook.com\/ribesjulie\" \/>\n<meta property=\"og:image\" content=\"https:\/\/candlenco.fr\/wp-content\/uploads\/2024\/12\/IMG_1215-rotated.jpg\" \/>\n\t<meta property=\"og:image:width\" content=\"1512\" \/>\n\t<meta property=\"og:image:height\" content=\"2016\" \/>\n\t<meta property=\"og:image:type\" content=\"image\/jpeg\" \/>\n<meta name=\"twitter:card\" content=\"summary_large_image\" \/>\n<meta name=\"twitter:label1\" content=\"Dur\u00e9e de lecture estim\u00e9e\" \/>\n\t<meta name=\"twitter:data1\" content=\"1 minute\" \/>\n<script type=\"application\/ld+json\" class=\"yoast-schema-graph\">{\"@context\":\"https:\/\/schema.org\",\"@graph\":[{\"@type\":\"WebPage\",\"@id\":\"https:\/\/candlenco.fr\/index.php\/produit\/bougie-simple-phrase-edition-humour\/\",\"url\":\"https:\/\/candlenco.fr\/index.php\/produit\/bougie-simple-phrase-edition-humour\/\",\"name\":\"Bougie simple phrase \u00e9dition humour - Candle &amp; Co\",\"isPartOf\":{\"@id\":\"https:\/\/candlenco.fr\/#website\"},\"primaryImageOfPage\":{\"@id\":\"https:\/\/candlenco.fr\/index.php\/produit\/bougie-simple-phrase-edition-humour\/#primaryimage\"},\"image\":{\"@id\":\"https:\/\/candlenco.fr\/index.php\/produit\/bougie-simple-phrase-edition-humour\/#primaryimage\"},\"thumbnailUrl\":\"https:\/\/i0.wp.com\/candlenco.fr\/wp-content\/uploads\/2024\/12\/IMG_1215-rotated.jpg?fit=1512%2C2016&ssl=1\",\"datePublished\":\"2024-12-30T14:43:59+00:00\",\"breadcrumb\":{\"@id\":\"https:\/\/candlenco.fr\/index.php\/produit\/bougie-simple-phrase-edition-humour\/#breadcrumb\"},\"inLanguage\":\"fr-FR\",\"potentialAction\":[{\"@type\":\"ReadAction\",\"target\":[\"https:\/\/candlenco.fr\/index.php\/produit\/bougie-simple-phrase-edition-humour\/\"]}]},{\"@type\":\"ImageObject\",\"inLanguage\":\"fr-FR\",\"@id\":\"https:\/\/candlenco.fr\/index.php\/produit\/bougie-simple-phrase-edition-humour\/#primaryimage\",\"url\":\"https:\/\/i0.wp.com\/candlenco.fr\/wp-content\/uploads\/2024\/12\/IMG_1215-rotated.jpg?fit=1512%2C2016&ssl=1\",\"contentUrl\":\"https:\/\/i0.wp.com\/candlenco.fr\/wp-content\/uploads\/2024\/12\/IMG_1215-rotated.jpg?fit=1512%2C2016&ssl=1\",\"width\":1512,\"height\":2016},{\"@type\":\"BreadcrumbList\",\"@id\":\"https:\/\/candlenco.fr\/index.php\/produit\/bougie-simple-phrase-edition-humour\/#breadcrumb\",\"itemListElement\":[{\"@type\":\"ListItem\",\"position\":1,\"name\":\"Accueil\",\"item\":\"https:\/\/candlenco.fr\/\"},{\"@type\":\"ListItem\",\"position\":2,\"name\":\"Boutique\",\"item\":\"https:\/\/candlenco.fr\/index.php\/boutique\/\"},{\"@type\":\"ListItem\",\"position\":3,\"name\":\"Bougie simple phrase \u00e9dition humour\"}]},{\"@type\":\"WebSite\",\"@id\":\"https:\/\/candlenco.fr\/#website\",\"url\":\"https:\/\/candlenco.fr\/\",\"name\":\"Candle & Co\",\"description\":\"\",\"publisher\":{\"@id\":\"https:\/\/candlenco.fr\/#organization\"},\"potentialAction\":[{\"@type\":\"SearchAction\",\"target\":{\"@type\":\"EntryPoint\",\"urlTemplate\":\"https:\/\/candlenco.fr\/?s={search_term_string}\"},\"query-input\":{\"@type\":\"PropertyValueSpecification\",\"valueRequired\":true,\"valueName\":\"search_term_string\"}}],\"inLanguage\":\"fr-FR\"},{\"@type\":\"Organization\",\"@id\":\"https:\/\/candlenco.fr\/#organization\",\"name\":\"Candle & Co\",\"url\":\"https:\/\/candlenco.fr\/\",\"logo\":{\"@type\":\"ImageObject\",\"inLanguage\":\"fr-FR\",\"@id\":\"https:\/\/candlenco.fr\/#\/schema\/logo\/image\/\",\"url\":\"https:\/\/i0.wp.com\/candlenco.fr\/wp-content\/uploads\/2023\/11\/Logo.png?fit=250%2C250&ssl=1\",\"contentUrl\":\"https:\/\/i0.wp.com\/candlenco.fr\/wp-content\/uploads\/2023\/11\/Logo.png?fit=250%2C250&ssl=1\",\"width\":250,\"height\":250,\"caption\":\"Candle & Co\"},\"image\":{\"@id\":\"https:\/\/candlenco.fr\/#\/schema\/logo\/image\/\"},\"sameAs\":[\"https:\/\/www.facebook.com\/ribesjulie\",\"https:\/\/www.instagram.com\/candlenco23\"]}]}<\/script>\n<!-- \/ Yoast SEO plugin. -->","yoast_head_json":{"title":"Bougie simple phrase \u00e9dition humour - Candle &amp; Co","robots":{"index":"index","follow":"follow","max-snippet":"max-snippet:-1","max-image-preview":"max-image-preview:large","max-video-preview":"max-video-preview:-1"},"canonical":"https:\/\/candlenco.fr\/index.php\/produit\/bougie-simple-phrase-edition-humour\/","og_locale":"fr_FR","og_type":"article","og_title":"Bougie simple phrase \u00e9dition humour - Candle &amp; Co","og_description":"Ajoutez une touche d'humour d\u00e9cal\u00e9 \u00e0 votre d\u00e9coration avec nos bougies orn\u00e9es d'\u00e9tiquettes pleines de r\u00e9parties amusantes et de phrases piquantes comme \"T'es pas le couteau le plus aiguis\u00e9 du tiroir\", pour \u00e9gayer votre quotidien et celui de vos proches. Parfaites pour offrir ou pour apporter une dose de bonne humeur \u00e0 votre int\u00e9rieur, ces bougies allient fragrance envo\u00fbtante et esprit impertinent. Une fa\u00e7on originale de faire sourire tout en cr\u00e9ant une ambiance chaleureuse et unique.  PARFUM FLEUR DE COTON","og_url":"https:\/\/candlenco.fr\/index.php\/produit\/bougie-simple-phrase-edition-humour\/","og_site_name":"Candle &amp; Co","article_publisher":"https:\/\/www.facebook.com\/ribesjulie","og_image":[{"width":1512,"height":2016,"url":"https:\/\/candlenco.fr\/wp-content\/uploads\/2024\/12\/IMG_1215-rotated.jpg","type":"image\/jpeg"}],"twitter_card":"summary_large_image","twitter_misc":{"Dur\u00e9e de lecture estim\u00e9e":"1 minute"},"schema":{"@context":"https:\/\/schema.org","@graph":[{"@type":"WebPage","@id":"https:\/\/candlenco.fr\/index.php\/produit\/bougie-simple-phrase-edition-humour\/","url":"https:\/\/candlenco.fr\/index.php\/produit\/bougie-simple-phrase-edition-humour\/","name":"Bougie simple phrase \u00e9dition humour - Candle &amp; Co","isPartOf":{"@id":"https:\/\/candlenco.fr\/#website"},"primaryImageOfPage":{"@id":"https:\/\/candlenco.fr\/index.php\/produit\/bougie-simple-phrase-edition-humour\/#primaryimage"},"image":{"@id":"https:\/\/candlenco.fr\/index.php\/produit\/bougie-simple-phrase-edition-humour\/#primaryimage"},"thumbnailUrl":"https:\/\/i0.wp.com\/candlenco.fr\/wp-content\/uploads\/2024\/12\/IMG_1215-rotated.jpg?fit=1512%2C2016&ssl=1","datePublished":"2024-12-30T14:43:59+00:00","breadcrumb":{"@id":"https:\/\/candlenco.fr\/index.php\/produit\/bougie-simple-phrase-edition-humour\/#breadcrumb"},"inLanguage":"fr-FR","potentialAction":[{"@type":"ReadAction","target":["https:\/\/candlenco.fr\/index.php\/produit\/bougie-simple-phrase-edition-humour\/"]}]},{"@type":"ImageObject","inLanguage":"fr-FR","@id":"https:\/\/candlenco.fr\/index.php\/produit\/bougie-simple-phrase-edition-humour\/#primaryimage","url":"https:\/\/i0.wp.com\/candlenco.fr\/wp-content\/uploads\/2024\/12\/IMG_1215-rotated.jpg?fit=1512%2C2016&ssl=1","contentUrl":"https:\/\/i0.wp.com\/candlenco.fr\/wp-content\/uploads\/2024\/12\/IMG_1215-rotated.jpg?fit=1512%2C2016&ssl=1","width":1512,"height":2016},{"@type":"BreadcrumbList","@id":"https:\/\/candlenco.fr\/index.php\/produit\/bougie-simple-phrase-edition-humour\/#breadcrumb","itemListElement":[{"@type":"ListItem","position":1,"name":"Accueil","item":"https:\/\/candlenco.fr\/"},{"@type":"ListItem","position":2,"name":"Boutique","item":"https:\/\/candlenco.fr\/index.php\/boutique\/"},{"@type":"ListItem","position":3,"name":"Bougie simple phrase \u00e9dition humour"}]},{"@type":"WebSite","@id":"https:\/\/candlenco.fr\/#website","url":"https:\/\/candlenco.fr\/","name":"Candle & Co","description":"","publisher":{"@id":"https:\/\/candlenco.fr\/#organization"},"potentialAction":[{"@type":"SearchAction","target":{"@type":"EntryPoint","urlTemplate":"https:\/\/candlenco.fr\/?s={search_term_string}"},"query-input":{"@type":"PropertyValueSpecification","valueRequired":true,"valueName":"search_term_string"}}],"inLanguage":"fr-FR"},{"@type":"Organization","@id":"https:\/\/candlenco.fr\/#organization","name":"Candle & Co","url":"https:\/\/candlenco.fr\/","logo":{"@type":"ImageObject","inLanguage":"fr-FR","@id":"https:\/\/candlenco.fr\/#\/schema\/logo\/image\/","url":"https:\/\/i0.wp.com\/candlenco.fr\/wp-content\/uploads\/2023\/11\/Logo.png?fit=250%2C250&ssl=1","contentUrl":"https:\/\/i0.wp.com\/candlenco.fr\/wp-content\/uploads\/2023\/11\/Logo.png?fit=250%2C250&ssl=1","width":250,"height":250,"caption":"Candle & Co"},"image":{"@id":"https:\/\/candlenco.fr\/#\/schema\/logo\/image\/"},"sameAs":["https:\/\/www.facebook.com\/ribesjulie","https:\/\/www.instagram.com\/candlenco23"]}]}},"jetpack_sharing_enabled":true,"_links":{"self":[{"href":"https:\/\/candlenco.fr\/index.php\/wp-json\/wp\/v2\/product\/3652","targetHints":{"allow":["GET"]}}],"collection":[{"href":"https:\/\/candlenco.fr\/index.php\/wp-json\/wp\/v2\/product"}],"about":[{"href":"https:\/\/candlenco.fr\/index.php\/wp-json\/wp\/v2\/types\/product"}],"replies":[{"embeddable":true,"href":"https:\/\/candlenco.fr\/index.php\/wp-json\/wp\/v2\/comments?post=3652"}],"wp:featuredmedia":[{"embeddable":true,"href":"https:\/\/candlenco.fr\/index.php\/wp-json\/wp\/v2\/media\/3654"}],"wp:attachment":[{"href":"https:\/\/candlenco.fr\/index.php\/wp-json\/wp\/v2\/media?parent=3652"}],"wp:term":[{"taxonomy":"product_brand","embeddable":true,"href":"https:\/\/candlenco.fr\/index.php\/wp-json\/wp\/v2\/product_brand?post=3652"},{"taxonomy":"product_cat","embeddable":true,"href":"https:\/\/candlenco.fr\/index.php\/wp-json\/wp\/v2\/product_cat?post=3652"},{"taxonomy":"product_tag","embeddable":true,"href":"https:\/\/candlenco.fr\/index.php\/wp-json\/wp\/v2\/product_tag?post=3652"}],"curies":[{"name":"wp","href":"https:\/\/api.w.org\/{rel}","templated":true}]}}