{"id":3672,"date":"2024-12-30T16:10:59","date_gmt":"2024-12-30T15:10:59","guid":{"rendered":"https:\/\/candlenco.fr\/?post_type=product&#038;p=3672"},"modified":"2025-03-09T15:08:11","modified_gmt":"2025-03-09T14:08:11","slug":"brumes-75ml","status":"publish","type":"product","link":"https:\/\/candlenco.fr\/index.php\/produit\/brumes-75ml\/","title":{"rendered":"Brumes 75ml"},"content":{"rendered":"<p>Offrez \u00e0 votre int\u00e9rieur une bouff\u00e9e de fra\u00eecheur avec nos brumes d&rsquo;int\u00e9rieur. Formul\u00e9es pour diffuser des parfums envo\u00fbtants et subtils, elles transforment instantan\u00e9ment l&rsquo;atmosph\u00e8re de votre espace, apportant bien-\u00eatre et s\u00e9r\u00e9nit\u00e9. Que ce soit pour rafra\u00eechir votre salon, votre chambre ou votre bureau, nos brumes cr\u00e9ent une ambiance agr\u00e9able et apaisante. Faciles \u00e0 utiliser, elles sont le moyen id\u00e9al pour parfumer votre maison en un geste simple et \u00e9l\u00e9gant.<\/p>\n<div class=\"product__block product__block-callouts product__callouts product__block--medium\">\n<div class=\"product__callouts-items\" data-with-box=\"true\" data-with-dividers=\"true\">\n<div class=\"product__callouts-item fs-body-75\">\n<div class=\"image product__callouts-item-icon animation--lazy-load loaded\"><\/div>\n<div class=\"product__callouts-item-text rte\">\n<p>Longue tenue<\/p>\n<\/div>\n<\/div>\n<div class=\"product__callouts-item fs-body-75\">\n<div class=\"image product__callouts-item-icon animation--lazy-load loaded\">( peut se vaporiser sur tout type de tissus ) Ne tache pas<\/div>\n<div class=\"product__callouts-item-text rte\">\n<p>Fragrances de Grasse<\/p>\n<\/div>\n<\/div>\n<div class=\"product__callouts-item fs-body-75\">\n<div class=\"product__callouts-item-text rte\"><\/div>\n<\/div>\n<\/div>\n<\/div>\n","protected":false},"excerpt":{"rendered":"<p>Offrez \u00e0 votre int\u00e9rieur une bouff\u00e9e de fra\u00eecheur avec nos brumes d&rsquo;int\u00e9rieur. Formul\u00e9es pour diffuser des parfums envo\u00fbtants et subtils, elles transforment instantan\u00e9ment l&rsquo;atmosph\u00e8re de votre espace, apportant bien-\u00eatre et s\u00e9r\u00e9nit\u00e9. Que ce soit pour rafra\u00eechir votre salon, votre chambre ou votre bureau, nos brumes cr\u00e9ent une ambiance agr\u00e9able et apaisante. Faciles \u00e0 utiliser, elles sont le moyen id\u00e9al pour parfumer votre maison en un geste simple et \u00e9l\u00e9gant.<\/p>\n","protected":false},"featured_media":3673,"comment_status":"open","ping_status":"closed","template":"","meta":[],"product_brand":[],"product_cat":[208],"product_tag":[],"class_list":{"0":"post-3672","1":"product","2":"type-product","3":"status-publish","4":"has-post-thumbnail","6":"product_cat-parfums-d-interieur","8":"first","9":"instock","10":"shipping-taxable","11":"purchasable","12":"product-type-variable"},"yoast_head":"<!-- This site is optimized with the Yoast SEO plugin v26.3 - https:\/\/yoast.com\/wordpress\/plugins\/seo\/ -->\n<title>Brumes 75ml - Candle &amp; Co<\/title>\n<meta name=\"robots\" content=\"index, follow, max-snippet:-1, max-image-preview:large, max-video-preview:-1\" \/>\n<link rel=\"canonical\" href=\"https:\/\/candlenco.fr\/index.php\/produit\/brumes-75ml\/\" \/>\n<meta property=\"og:locale\" content=\"fr_FR\" \/>\n<meta property=\"og:type\" content=\"article\" \/>\n<meta property=\"og:title\" content=\"Brumes 75ml - Candle &amp; Co\" \/>\n<meta property=\"og:description\" content=\"Offrez \u00e0 votre int\u00e9rieur une bouff\u00e9e de fra\u00eecheur avec nos brumes d&#039;int\u00e9rieur. Formul\u00e9es pour diffuser des parfums envo\u00fbtants et subtils, elles transforment instantan\u00e9ment l&#039;atmosph\u00e8re de votre espace, apportant bien-\u00eatre et s\u00e9r\u00e9nit\u00e9. Que ce soit pour rafra\u00eechir votre salon, votre chambre ou votre bureau, nos brumes cr\u00e9ent une ambiance agr\u00e9able et apaisante. Faciles \u00e0 utiliser, elles sont le moyen id\u00e9al pour parfumer votre maison en un geste simple et \u00e9l\u00e9gant.\" \/>\n<meta property=\"og:url\" content=\"https:\/\/candlenco.fr\/index.php\/produit\/brumes-75ml\/\" \/>\n<meta property=\"og:site_name\" content=\"Candle &amp; Co\" \/>\n<meta property=\"article:publisher\" content=\"https:\/\/www.facebook.com\/ribesjulie\" \/>\n<meta property=\"article:modified_time\" content=\"2025-03-09T14:08:11+00:00\" \/>\n<meta property=\"og:image\" content=\"https:\/\/candlenco.fr\/wp-content\/uploads\/2024\/12\/IMG_9253-scaled.jpg\" \/>\n\t<meta property=\"og:image:width\" content=\"1920\" \/>\n\t<meta property=\"og:image:height\" content=\"2560\" \/>\n\t<meta property=\"og:image:type\" content=\"image\/jpeg\" \/>\n<meta name=\"twitter:card\" content=\"summary_large_image\" \/>\n<meta name=\"twitter:label1\" content=\"Dur\u00e9e de lecture estim\u00e9e\" \/>\n\t<meta name=\"twitter:data1\" content=\"1 minute\" \/>\n<script type=\"application\/ld+json\" class=\"yoast-schema-graph\">{\"@context\":\"https:\/\/schema.org\",\"@graph\":[{\"@type\":\"WebPage\",\"@id\":\"https:\/\/candlenco.fr\/index.php\/produit\/brumes-75ml\/\",\"url\":\"https:\/\/candlenco.fr\/index.php\/produit\/brumes-75ml\/\",\"name\":\"Brumes 75ml - Candle &amp; Co\",\"isPartOf\":{\"@id\":\"https:\/\/candlenco.fr\/#website\"},\"primaryImageOfPage\":{\"@id\":\"https:\/\/candlenco.fr\/index.php\/produit\/brumes-75ml\/#primaryimage\"},\"image\":{\"@id\":\"https:\/\/candlenco.fr\/index.php\/produit\/brumes-75ml\/#primaryimage\"},\"thumbnailUrl\":\"https:\/\/i0.wp.com\/candlenco.fr\/wp-content\/uploads\/2024\/12\/IMG_9253-scaled.jpg?fit=1920%2C2560&ssl=1\",\"datePublished\":\"2024-12-30T15:10:59+00:00\",\"dateModified\":\"2025-03-09T14:08:11+00:00\",\"breadcrumb\":{\"@id\":\"https:\/\/candlenco.fr\/index.php\/produit\/brumes-75ml\/#breadcrumb\"},\"inLanguage\":\"fr-FR\",\"potentialAction\":[{\"@type\":\"ReadAction\",\"target\":[\"https:\/\/candlenco.fr\/index.php\/produit\/brumes-75ml\/\"]}]},{\"@type\":\"ImageObject\",\"inLanguage\":\"fr-FR\",\"@id\":\"https:\/\/candlenco.fr\/index.php\/produit\/brumes-75ml\/#primaryimage\",\"url\":\"https:\/\/i0.wp.com\/candlenco.fr\/wp-content\/uploads\/2024\/12\/IMG_9253-scaled.jpg?fit=1920%2C2560&ssl=1\",\"contentUrl\":\"https:\/\/i0.wp.com\/candlenco.fr\/wp-content\/uploads\/2024\/12\/IMG_9253-scaled.jpg?fit=1920%2C2560&ssl=1\",\"width\":1920,\"height\":2560},{\"@type\":\"BreadcrumbList\",\"@id\":\"https:\/\/candlenco.fr\/index.php\/produit\/brumes-75ml\/#breadcrumb\",\"itemListElement\":[{\"@type\":\"ListItem\",\"position\":1,\"name\":\"Accueil\",\"item\":\"https:\/\/candlenco.fr\/\"},{\"@type\":\"ListItem\",\"position\":2,\"name\":\"Boutique\",\"item\":\"https:\/\/candlenco.fr\/index.php\/boutique\/\"},{\"@type\":\"ListItem\",\"position\":3,\"name\":\"Brumes 75ml\"}]},{\"@type\":\"WebSite\",\"@id\":\"https:\/\/candlenco.fr\/#website\",\"url\":\"https:\/\/candlenco.fr\/\",\"name\":\"Candle & Co\",\"description\":\"\",\"publisher\":{\"@id\":\"https:\/\/candlenco.fr\/#organization\"},\"potentialAction\":[{\"@type\":\"SearchAction\",\"target\":{\"@type\":\"EntryPoint\",\"urlTemplate\":\"https:\/\/candlenco.fr\/?s={search_term_string}\"},\"query-input\":{\"@type\":\"PropertyValueSpecification\",\"valueRequired\":true,\"valueName\":\"search_term_string\"}}],\"inLanguage\":\"fr-FR\"},{\"@type\":\"Organization\",\"@id\":\"https:\/\/candlenco.fr\/#organization\",\"name\":\"Candle & Co\",\"url\":\"https:\/\/candlenco.fr\/\",\"logo\":{\"@type\":\"ImageObject\",\"inLanguage\":\"fr-FR\",\"@id\":\"https:\/\/candlenco.fr\/#\/schema\/logo\/image\/\",\"url\":\"https:\/\/i0.wp.com\/candlenco.fr\/wp-content\/uploads\/2023\/11\/Logo.png?fit=250%2C250&ssl=1\",\"contentUrl\":\"https:\/\/i0.wp.com\/candlenco.fr\/wp-content\/uploads\/2023\/11\/Logo.png?fit=250%2C250&ssl=1\",\"width\":250,\"height\":250,\"caption\":\"Candle & Co\"},\"image\":{\"@id\":\"https:\/\/candlenco.fr\/#\/schema\/logo\/image\/\"},\"sameAs\":[\"https:\/\/www.facebook.com\/ribesjulie\",\"https:\/\/www.instagram.com\/candlenco23\"]}]}<\/script>\n<!-- \/ Yoast SEO plugin. -->","yoast_head_json":{"title":"Brumes 75ml - Candle &amp; Co","robots":{"index":"index","follow":"follow","max-snippet":"max-snippet:-1","max-image-preview":"max-image-preview:large","max-video-preview":"max-video-preview:-1"},"canonical":"https:\/\/candlenco.fr\/index.php\/produit\/brumes-75ml\/","og_locale":"fr_FR","og_type":"article","og_title":"Brumes 75ml - Candle &amp; Co","og_description":"Offrez \u00e0 votre int\u00e9rieur une bouff\u00e9e de fra\u00eecheur avec nos brumes d'int\u00e9rieur. Formul\u00e9es pour diffuser des parfums envo\u00fbtants et subtils, elles transforment instantan\u00e9ment l'atmosph\u00e8re de votre espace, apportant bien-\u00eatre et s\u00e9r\u00e9nit\u00e9. Que ce soit pour rafra\u00eechir votre salon, votre chambre ou votre bureau, nos brumes cr\u00e9ent une ambiance agr\u00e9able et apaisante. Faciles \u00e0 utiliser, elles sont le moyen id\u00e9al pour parfumer votre maison en un geste simple et \u00e9l\u00e9gant.","og_url":"https:\/\/candlenco.fr\/index.php\/produit\/brumes-75ml\/","og_site_name":"Candle &amp; Co","article_publisher":"https:\/\/www.facebook.com\/ribesjulie","article_modified_time":"2025-03-09T14:08:11+00:00","og_image":[{"width":1920,"height":2560,"url":"https:\/\/candlenco.fr\/wp-content\/uploads\/2024\/12\/IMG_9253-scaled.jpg","type":"image\/jpeg"}],"twitter_card":"summary_large_image","twitter_misc":{"Dur\u00e9e de lecture estim\u00e9e":"1 minute"},"schema":{"@context":"https:\/\/schema.org","@graph":[{"@type":"WebPage","@id":"https:\/\/candlenco.fr\/index.php\/produit\/brumes-75ml\/","url":"https:\/\/candlenco.fr\/index.php\/produit\/brumes-75ml\/","name":"Brumes 75ml - Candle &amp; Co","isPartOf":{"@id":"https:\/\/candlenco.fr\/#website"},"primaryImageOfPage":{"@id":"https:\/\/candlenco.fr\/index.php\/produit\/brumes-75ml\/#primaryimage"},"image":{"@id":"https:\/\/candlenco.fr\/index.php\/produit\/brumes-75ml\/#primaryimage"},"thumbnailUrl":"https:\/\/i0.wp.com\/candlenco.fr\/wp-content\/uploads\/2024\/12\/IMG_9253-scaled.jpg?fit=1920%2C2560&ssl=1","datePublished":"2024-12-30T15:10:59+00:00","dateModified":"2025-03-09T14:08:11+00:00","breadcrumb":{"@id":"https:\/\/candlenco.fr\/index.php\/produit\/brumes-75ml\/#breadcrumb"},"inLanguage":"fr-FR","potentialAction":[{"@type":"ReadAction","target":["https:\/\/candlenco.fr\/index.php\/produit\/brumes-75ml\/"]}]},{"@type":"ImageObject","inLanguage":"fr-FR","@id":"https:\/\/candlenco.fr\/index.php\/produit\/brumes-75ml\/#primaryimage","url":"https:\/\/i0.wp.com\/candlenco.fr\/wp-content\/uploads\/2024\/12\/IMG_9253-scaled.jpg?fit=1920%2C2560&ssl=1","contentUrl":"https:\/\/i0.wp.com\/candlenco.fr\/wp-content\/uploads\/2024\/12\/IMG_9253-scaled.jpg?fit=1920%2C2560&ssl=1","width":1920,"height":2560},{"@type":"BreadcrumbList","@id":"https:\/\/candlenco.fr\/index.php\/produit\/brumes-75ml\/#breadcrumb","itemListElement":[{"@type":"ListItem","position":1,"name":"Accueil","item":"https:\/\/candlenco.fr\/"},{"@type":"ListItem","position":2,"name":"Boutique","item":"https:\/\/candlenco.fr\/index.php\/boutique\/"},{"@type":"ListItem","position":3,"name":"Brumes 75ml"}]},{"@type":"WebSite","@id":"https:\/\/candlenco.fr\/#website","url":"https:\/\/candlenco.fr\/","name":"Candle & Co","description":"","publisher":{"@id":"https:\/\/candlenco.fr\/#organization"},"potentialAction":[{"@type":"SearchAction","target":{"@type":"EntryPoint","urlTemplate":"https:\/\/candlenco.fr\/?s={search_term_string}"},"query-input":{"@type":"PropertyValueSpecification","valueRequired":true,"valueName":"search_term_string"}}],"inLanguage":"fr-FR"},{"@type":"Organization","@id":"https:\/\/candlenco.fr\/#organization","name":"Candle & Co","url":"https:\/\/candlenco.fr\/","logo":{"@type":"ImageObject","inLanguage":"fr-FR","@id":"https:\/\/candlenco.fr\/#\/schema\/logo\/image\/","url":"https:\/\/i0.wp.com\/candlenco.fr\/wp-content\/uploads\/2023\/11\/Logo.png?fit=250%2C250&ssl=1","contentUrl":"https:\/\/i0.wp.com\/candlenco.fr\/wp-content\/uploads\/2023\/11\/Logo.png?fit=250%2C250&ssl=1","width":250,"height":250,"caption":"Candle & Co"},"image":{"@id":"https:\/\/candlenco.fr\/#\/schema\/logo\/image\/"},"sameAs":["https:\/\/www.facebook.com\/ribesjulie","https:\/\/www.instagram.com\/candlenco23"]}]}},"jetpack_sharing_enabled":true,"_links":{"self":[{"href":"https:\/\/candlenco.fr\/index.php\/wp-json\/wp\/v2\/product\/3672","targetHints":{"allow":["GET"]}}],"collection":[{"href":"https:\/\/candlenco.fr\/index.php\/wp-json\/wp\/v2\/product"}],"about":[{"href":"https:\/\/candlenco.fr\/index.php\/wp-json\/wp\/v2\/types\/product"}],"replies":[{"embeddable":true,"href":"https:\/\/candlenco.fr\/index.php\/wp-json\/wp\/v2\/comments?post=3672"}],"wp:featuredmedia":[{"embeddable":true,"href":"https:\/\/candlenco.fr\/index.php\/wp-json\/wp\/v2\/media\/3673"}],"wp:attachment":[{"href":"https:\/\/candlenco.fr\/index.php\/wp-json\/wp\/v2\/media?parent=3672"}],"wp:term":[{"taxonomy":"product_brand","embeddable":true,"href":"https:\/\/candlenco.fr\/index.php\/wp-json\/wp\/v2\/product_brand?post=3672"},{"taxonomy":"product_cat","embeddable":true,"href":"https:\/\/candlenco.fr\/index.php\/wp-json\/wp\/v2\/product_cat?post=3672"},{"taxonomy":"product_tag","embeddable":true,"href":"https:\/\/candlenco.fr\/index.php\/wp-json\/wp\/v2\/product_tag?post=3672"}],"curies":[{"name":"wp","href":"https:\/\/api.w.org\/{rel}","templated":true}]}}