{"id":3733,"date":"2025-01-09T00:24:45","date_gmt":"2025-01-08T23:24:45","guid":{"rendered":"https:\/\/candlenco.fr\/?post_type=product&#038;p=3733"},"modified":"2025-03-09T13:50:04","modified_gmt":"2025-03-09T12:50:04","slug":"bruleur-bubble-noir","status":"publish","type":"product","link":"https:\/\/candlenco.fr\/index.php\/produit\/bruleur-bubble-noir\/","title":{"rendered":"Bruleur bubble noir"},"content":{"rendered":"","protected":false},"excerpt":{"rendered":"<p><strong>\u00a0<\/strong><\/p>\n<p>Apportez une touche moderne et \u00e9l\u00e9gante \u00e0 votre espace avec notre <strong>br\u00fble-parfum Bubble Noir<\/strong>. Fabriqu\u00e9 en <strong>c\u00e9ramique de haute qualit\u00e9<\/strong>, ce mod\u00e8le au <strong>design unique<\/strong> est une v\u00e9ritable \u0153uvre d&rsquo;art qui se distingue par ses formes douces et ses courbes g\u00e9n\u00e9reuses. La couleur <strong>noir mat<\/strong> intensifie son caract\u00e8re sophistiqu\u00e9, tandis que ses <strong>bulles<\/strong> en relief cr\u00e9ent une texture visuellement captivante.<\/p>\n<p>Parfait pour diffuser vos huiles essentielles ou vos parfums d&rsquo;ambiance pr\u00e9f\u00e9r\u00e9s, ce br\u00fble-parfum combine esth\u00e9tisme et fonctionnalit\u00e9. Son design contemporain s&rsquo;int\u00e8gre harmonieusement dans tous les types d&rsquo;int\u00e9rieurs, que ce soit un salon moderne, un bureau chic ou m\u00eame une chambre apaisante.<\/p>\n","protected":false},"featured_media":3734,"comment_status":"open","ping_status":"closed","template":"","meta":[],"product_brand":[],"product_cat":[178,150,151],"product_tag":[],"class_list":{"0":"post-3733","1":"product","2":"type-product","3":"status-publish","4":"has-post-thumbnail","6":"product_cat-collection-permanente","7":"product_cat-fondants","8":"product_cat-autres","10":"first","11":"outofstock","12":"shipping-taxable","13":"purchasable","14":"product-type-simple"},"yoast_head":"<!-- This site is optimized with the Yoast SEO plugin v26.3 - https:\/\/yoast.com\/wordpress\/plugins\/seo\/ -->\n<title>Bruleur bubble noir - Candle &amp; Co<\/title>\n<meta name=\"robots\" content=\"index, follow, max-snippet:-1, max-image-preview:large, max-video-preview:-1\" \/>\n<link rel=\"canonical\" href=\"https:\/\/candlenco.fr\/index.php\/produit\/bruleur-bubble-noir\/\" \/>\n<meta property=\"og:locale\" content=\"fr_FR\" \/>\n<meta property=\"og:type\" content=\"article\" \/>\n<meta property=\"og:title\" content=\"Bruleur bubble noir - Candle &amp; Co\" \/>\n<meta property=\"og:description\" content=\"\u00a0  Apportez une touche moderne et \u00e9l\u00e9gante \u00e0 votre espace avec notre br\u00fble-parfum Bubble Noir. Fabriqu\u00e9 en c\u00e9ramique de haute qualit\u00e9, ce mod\u00e8le au design unique est une v\u00e9ritable \u0153uvre d&#039;art qui se distingue par ses formes douces et ses courbes g\u00e9n\u00e9reuses. La couleur noir mat intensifie son caract\u00e8re sophistiqu\u00e9, tandis que ses bulles en relief cr\u00e9ent une texture visuellement captivante.  Parfait pour diffuser vos huiles essentielles ou vos parfums d&#039;ambiance pr\u00e9f\u00e9r\u00e9s, ce br\u00fble-parfum combine esth\u00e9tisme et fonctionnalit\u00e9. Son design contemporain s&#039;int\u00e8gre harmonieusement dans tous les types d&#039;int\u00e9rieurs, que ce soit un salon moderne, un bureau chic ou m\u00eame une chambre apaisante.\" \/>\n<meta property=\"og:url\" content=\"https:\/\/candlenco.fr\/index.php\/produit\/bruleur-bubble-noir\/\" \/>\n<meta property=\"og:site_name\" content=\"Candle &amp; Co\" \/>\n<meta property=\"article:publisher\" content=\"https:\/\/www.facebook.com\/ribesjulie\" \/>\n<meta property=\"article:modified_time\" content=\"2025-03-09T12:50:04+00:00\" \/>\n<meta property=\"og:image\" content=\"https:\/\/candlenco.fr\/wp-content\/uploads\/2025\/01\/IMG_3175-scaled.jpeg\" \/>\n\t<meta property=\"og:image:width\" content=\"1920\" \/>\n\t<meta property=\"og:image:height\" content=\"2560\" \/>\n\t<meta property=\"og:image:type\" content=\"image\/jpeg\" \/>\n<meta name=\"twitter:card\" content=\"summary_large_image\" \/>\n<meta name=\"twitter:label1\" content=\"Dur\u00e9e de lecture estim\u00e9e\" \/>\n\t<meta name=\"twitter:data1\" content=\"1 minute\" \/>\n<script type=\"application\/ld+json\" class=\"yoast-schema-graph\">{\"@context\":\"https:\/\/schema.org\",\"@graph\":[{\"@type\":\"WebPage\",\"@id\":\"https:\/\/candlenco.fr\/index.php\/produit\/bruleur-bubble-noir\/\",\"url\":\"https:\/\/candlenco.fr\/index.php\/produit\/bruleur-bubble-noir\/\",\"name\":\"Bruleur bubble noir - Candle &amp; Co\",\"isPartOf\":{\"@id\":\"https:\/\/candlenco.fr\/#website\"},\"primaryImageOfPage\":{\"@id\":\"https:\/\/candlenco.fr\/index.php\/produit\/bruleur-bubble-noir\/#primaryimage\"},\"image\":{\"@id\":\"https:\/\/candlenco.fr\/index.php\/produit\/bruleur-bubble-noir\/#primaryimage\"},\"thumbnailUrl\":\"https:\/\/i0.wp.com\/candlenco.fr\/wp-content\/uploads\/2025\/01\/IMG_3175-scaled.jpeg?fit=1920%2C2560&ssl=1\",\"datePublished\":\"2025-01-08T23:24:45+00:00\",\"dateModified\":\"2025-03-09T12:50:04+00:00\",\"breadcrumb\":{\"@id\":\"https:\/\/candlenco.fr\/index.php\/produit\/bruleur-bubble-noir\/#breadcrumb\"},\"inLanguage\":\"fr-FR\",\"potentialAction\":[{\"@type\":\"ReadAction\",\"target\":[\"https:\/\/candlenco.fr\/index.php\/produit\/bruleur-bubble-noir\/\"]}]},{\"@type\":\"ImageObject\",\"inLanguage\":\"fr-FR\",\"@id\":\"https:\/\/candlenco.fr\/index.php\/produit\/bruleur-bubble-noir\/#primaryimage\",\"url\":\"https:\/\/i0.wp.com\/candlenco.fr\/wp-content\/uploads\/2025\/01\/IMG_3175-scaled.jpeg?fit=1920%2C2560&ssl=1\",\"contentUrl\":\"https:\/\/i0.wp.com\/candlenco.fr\/wp-content\/uploads\/2025\/01\/IMG_3175-scaled.jpeg?fit=1920%2C2560&ssl=1\",\"width\":1920,\"height\":2560},{\"@type\":\"BreadcrumbList\",\"@id\":\"https:\/\/candlenco.fr\/index.php\/produit\/bruleur-bubble-noir\/#breadcrumb\",\"itemListElement\":[{\"@type\":\"ListItem\",\"position\":1,\"name\":\"Accueil\",\"item\":\"https:\/\/candlenco.fr\/\"},{\"@type\":\"ListItem\",\"position\":2,\"name\":\"Boutique\",\"item\":\"https:\/\/candlenco.fr\/index.php\/boutique\/\"},{\"@type\":\"ListItem\",\"position\":3,\"name\":\"Bruleur bubble noir\"}]},{\"@type\":\"WebSite\",\"@id\":\"https:\/\/candlenco.fr\/#website\",\"url\":\"https:\/\/candlenco.fr\/\",\"name\":\"Candle & Co\",\"description\":\"\",\"publisher\":{\"@id\":\"https:\/\/candlenco.fr\/#organization\"},\"potentialAction\":[{\"@type\":\"SearchAction\",\"target\":{\"@type\":\"EntryPoint\",\"urlTemplate\":\"https:\/\/candlenco.fr\/?s={search_term_string}\"},\"query-input\":{\"@type\":\"PropertyValueSpecification\",\"valueRequired\":true,\"valueName\":\"search_term_string\"}}],\"inLanguage\":\"fr-FR\"},{\"@type\":\"Organization\",\"@id\":\"https:\/\/candlenco.fr\/#organization\",\"name\":\"Candle & Co\",\"url\":\"https:\/\/candlenco.fr\/\",\"logo\":{\"@type\":\"ImageObject\",\"inLanguage\":\"fr-FR\",\"@id\":\"https:\/\/candlenco.fr\/#\/schema\/logo\/image\/\",\"url\":\"https:\/\/i0.wp.com\/candlenco.fr\/wp-content\/uploads\/2023\/11\/Logo.png?fit=250%2C250&ssl=1\",\"contentUrl\":\"https:\/\/i0.wp.com\/candlenco.fr\/wp-content\/uploads\/2023\/11\/Logo.png?fit=250%2C250&ssl=1\",\"width\":250,\"height\":250,\"caption\":\"Candle & Co\"},\"image\":{\"@id\":\"https:\/\/candlenco.fr\/#\/schema\/logo\/image\/\"},\"sameAs\":[\"https:\/\/www.facebook.com\/ribesjulie\",\"https:\/\/www.instagram.com\/candlenco23\"]}]}<\/script>\n<!-- \/ Yoast SEO plugin. -->","yoast_head_json":{"title":"Bruleur bubble noir - Candle &amp; Co","robots":{"index":"index","follow":"follow","max-snippet":"max-snippet:-1","max-image-preview":"max-image-preview:large","max-video-preview":"max-video-preview:-1"},"canonical":"https:\/\/candlenco.fr\/index.php\/produit\/bruleur-bubble-noir\/","og_locale":"fr_FR","og_type":"article","og_title":"Bruleur bubble noir - Candle &amp; Co","og_description":"\u00a0  Apportez une touche moderne et \u00e9l\u00e9gante \u00e0 votre espace avec notre br\u00fble-parfum Bubble Noir. Fabriqu\u00e9 en c\u00e9ramique de haute qualit\u00e9, ce mod\u00e8le au design unique est une v\u00e9ritable \u0153uvre d'art qui se distingue par ses formes douces et ses courbes g\u00e9n\u00e9reuses. La couleur noir mat intensifie son caract\u00e8re sophistiqu\u00e9, tandis que ses bulles en relief cr\u00e9ent une texture visuellement captivante.  Parfait pour diffuser vos huiles essentielles ou vos parfums d'ambiance pr\u00e9f\u00e9r\u00e9s, ce br\u00fble-parfum combine esth\u00e9tisme et fonctionnalit\u00e9. Son design contemporain s'int\u00e8gre harmonieusement dans tous les types d'int\u00e9rieurs, que ce soit un salon moderne, un bureau chic ou m\u00eame une chambre apaisante.","og_url":"https:\/\/candlenco.fr\/index.php\/produit\/bruleur-bubble-noir\/","og_site_name":"Candle &amp; Co","article_publisher":"https:\/\/www.facebook.com\/ribesjulie","article_modified_time":"2025-03-09T12:50:04+00:00","og_image":[{"width":1920,"height":2560,"url":"https:\/\/candlenco.fr\/wp-content\/uploads\/2025\/01\/IMG_3175-scaled.jpeg","type":"image\/jpeg"}],"twitter_card":"summary_large_image","twitter_misc":{"Dur\u00e9e de lecture estim\u00e9e":"1 minute"},"schema":{"@context":"https:\/\/schema.org","@graph":[{"@type":"WebPage","@id":"https:\/\/candlenco.fr\/index.php\/produit\/bruleur-bubble-noir\/","url":"https:\/\/candlenco.fr\/index.php\/produit\/bruleur-bubble-noir\/","name":"Bruleur bubble noir - Candle &amp; Co","isPartOf":{"@id":"https:\/\/candlenco.fr\/#website"},"primaryImageOfPage":{"@id":"https:\/\/candlenco.fr\/index.php\/produit\/bruleur-bubble-noir\/#primaryimage"},"image":{"@id":"https:\/\/candlenco.fr\/index.php\/produit\/bruleur-bubble-noir\/#primaryimage"},"thumbnailUrl":"https:\/\/i0.wp.com\/candlenco.fr\/wp-content\/uploads\/2025\/01\/IMG_3175-scaled.jpeg?fit=1920%2C2560&ssl=1","datePublished":"2025-01-08T23:24:45+00:00","dateModified":"2025-03-09T12:50:04+00:00","breadcrumb":{"@id":"https:\/\/candlenco.fr\/index.php\/produit\/bruleur-bubble-noir\/#breadcrumb"},"inLanguage":"fr-FR","potentialAction":[{"@type":"ReadAction","target":["https:\/\/candlenco.fr\/index.php\/produit\/bruleur-bubble-noir\/"]}]},{"@type":"ImageObject","inLanguage":"fr-FR","@id":"https:\/\/candlenco.fr\/index.php\/produit\/bruleur-bubble-noir\/#primaryimage","url":"https:\/\/i0.wp.com\/candlenco.fr\/wp-content\/uploads\/2025\/01\/IMG_3175-scaled.jpeg?fit=1920%2C2560&ssl=1","contentUrl":"https:\/\/i0.wp.com\/candlenco.fr\/wp-content\/uploads\/2025\/01\/IMG_3175-scaled.jpeg?fit=1920%2C2560&ssl=1","width":1920,"height":2560},{"@type":"BreadcrumbList","@id":"https:\/\/candlenco.fr\/index.php\/produit\/bruleur-bubble-noir\/#breadcrumb","itemListElement":[{"@type":"ListItem","position":1,"name":"Accueil","item":"https:\/\/candlenco.fr\/"},{"@type":"ListItem","position":2,"name":"Boutique","item":"https:\/\/candlenco.fr\/index.php\/boutique\/"},{"@type":"ListItem","position":3,"name":"Bruleur bubble noir"}]},{"@type":"WebSite","@id":"https:\/\/candlenco.fr\/#website","url":"https:\/\/candlenco.fr\/","name":"Candle & Co","description":"","publisher":{"@id":"https:\/\/candlenco.fr\/#organization"},"potentialAction":[{"@type":"SearchAction","target":{"@type":"EntryPoint","urlTemplate":"https:\/\/candlenco.fr\/?s={search_term_string}"},"query-input":{"@type":"PropertyValueSpecification","valueRequired":true,"valueName":"search_term_string"}}],"inLanguage":"fr-FR"},{"@type":"Organization","@id":"https:\/\/candlenco.fr\/#organization","name":"Candle & Co","url":"https:\/\/candlenco.fr\/","logo":{"@type":"ImageObject","inLanguage":"fr-FR","@id":"https:\/\/candlenco.fr\/#\/schema\/logo\/image\/","url":"https:\/\/i0.wp.com\/candlenco.fr\/wp-content\/uploads\/2023\/11\/Logo.png?fit=250%2C250&ssl=1","contentUrl":"https:\/\/i0.wp.com\/candlenco.fr\/wp-content\/uploads\/2023\/11\/Logo.png?fit=250%2C250&ssl=1","width":250,"height":250,"caption":"Candle & Co"},"image":{"@id":"https:\/\/candlenco.fr\/#\/schema\/logo\/image\/"},"sameAs":["https:\/\/www.facebook.com\/ribesjulie","https:\/\/www.instagram.com\/candlenco23"]}]}},"jetpack_sharing_enabled":true,"_links":{"self":[{"href":"https:\/\/candlenco.fr\/index.php\/wp-json\/wp\/v2\/product\/3733","targetHints":{"allow":["GET"]}}],"collection":[{"href":"https:\/\/candlenco.fr\/index.php\/wp-json\/wp\/v2\/product"}],"about":[{"href":"https:\/\/candlenco.fr\/index.php\/wp-json\/wp\/v2\/types\/product"}],"replies":[{"embeddable":true,"href":"https:\/\/candlenco.fr\/index.php\/wp-json\/wp\/v2\/comments?post=3733"}],"wp:featuredmedia":[{"embeddable":true,"href":"https:\/\/candlenco.fr\/index.php\/wp-json\/wp\/v2\/media\/3734"}],"wp:attachment":[{"href":"https:\/\/candlenco.fr\/index.php\/wp-json\/wp\/v2\/media?parent=3733"}],"wp:term":[{"taxonomy":"product_brand","embeddable":true,"href":"https:\/\/candlenco.fr\/index.php\/wp-json\/wp\/v2\/product_brand?post=3733"},{"taxonomy":"product_cat","embeddable":true,"href":"https:\/\/candlenco.fr\/index.php\/wp-json\/wp\/v2\/product_cat?post=3733"},{"taxonomy":"product_tag","embeddable":true,"href":"https:\/\/candlenco.fr\/index.php\/wp-json\/wp\/v2\/product_tag?post=3733"}],"curies":[{"name":"wp","href":"https:\/\/api.w.org\/{rel}","templated":true}]}}