{"id":3749,"date":"2025-01-23T01:52:30","date_gmt":"2025-01-23T00:52:30","guid":{"rendered":"https:\/\/candlenco.fr\/?post_type=product&#038;p=3749"},"modified":"2025-03-03T22:59:13","modified_gmt":"2025-03-03T21:59:13","slug":"coffret-premier-amour","status":"publish","type":"product","link":"https:\/\/candlenco.fr\/index.php\/produit\/coffret-premier-amour\/","title":{"rendered":"Coffret \u00a0\u00bb Premier amour \u00ab\u00a0"},"content":{"rendered":"<p>Sans CMR<\/p>\n<p>Sans Phtalate<\/p>\n<p>Cruelty Free<\/p>\n<p>Vegan Friendly<\/p>\n<p>100% Cire de soja<br \/>\nParfums de grasse<\/p>\n<p>Chaque fragrance r\u00e9pond aux normes europ\u00e9ennes: IFRA, CLP CE N\u00b01907\/2006.<\/p>\n<p>Toutes les \u00e9tiquettes clp seront \u00e0 l\u2019arri\u00e8re du contenant ou sur les boites quand vous recevrez votre bougie apr\u00e8s son achat.<\/p>\n<p>&nbsp;<\/p>\n","protected":false},"excerpt":{"rendered":"<p><strong>Coffret \u00ab\u00a0Premier Amour\u00a0\u00bb &#8211; L&rsquo;amour en toute d\u00e9licatesse<\/strong><\/p>\n<p>Offrez \u00e0 votre moiti\u00e9 un voyage sensoriel inoubliable avec notre coffret \u00ab\u00a0Premier Amour\u00a0\u00bb, une ode \u00e0 la douceur et \u00e0 la tendresse. Ce coffret \u00e9l\u00e9gant contient trois produits pens\u00e9s pour \u00e9veiller les sens et c\u00e9l\u00e9brer l\u2019amour.<\/p>\n<ul>\n<li><strong>Bougie fa\u00e7on tartelette \u00e0 la fraise<\/strong> : Une bougie d\u00e9licatement parfum\u00e9e, qui \u00e9voque la gourmandise d&rsquo;une tartelette aux fraises. Laissez son parfum sucr\u00e9 et fruit\u00e9 remplir l\u2019atmosph\u00e8re de votre int\u00e9rieur pour une ambiance chaleureuse et romantique.<\/li>\n<li><strong>Brume d&rsquo;int\u00e9rieur ( au choix )<\/strong> : Une brume l\u00e9g\u00e8re aux notes subtiles, id\u00e9ale pour envelopper votre espace d&rsquo;une fragrance douce et apaisante, comme un doux souffle d\u2019amour.<\/li>\n<li><strong>Petit bracelet en fil rouge avec un petit c\u0153ur<\/strong> : Un symbole d&rsquo;amour \u00e9ternel, ce bracelet fin et d\u00e9licat en fil rouge porte un petit c\u0153ur en pendentif, repr\u00e9sentant la connexion et la complicit\u00e9.<\/li>\n<\/ul>\n<p>Un cadeau parfait pour c\u00e9l\u00e9brer l&rsquo;amour sous toutes ses formes et cr\u00e9er des moments magiques \u00e0 partager.<\/p>\n","protected":false},"featured_media":3766,"comment_status":"open","ping_status":"closed","template":"","meta":[],"product_brand":[],"product_cat":[179,203,204,205,207],"product_tag":[],"class_list":{"0":"post-3749","1":"product","2":"type-product","3":"status-publish","4":"has-post-thumbnail","6":"product_cat-collection-saisonniere","7":"product_cat-bougies-2","8":"product_cat-bougies-classiques-bougies-2","9":"product_cat-bougies-gourmandes-bougies-2","10":"product_cat-autres-collection-saisonniere","12":"first","13":"outofstock","14":"shipping-taxable","15":"purchasable","16":"product-type-variable"},"yoast_head":"<!-- This site is optimized with the Yoast SEO plugin v26.3 - https:\/\/yoast.com\/wordpress\/plugins\/seo\/ -->\n<title>Coffret &quot; Premier amour &quot; - Candle &amp; Co<\/title>\n<meta name=\"robots\" content=\"index, follow, max-snippet:-1, max-image-preview:large, max-video-preview:-1\" \/>\n<link rel=\"canonical\" href=\"https:\/\/candlenco.fr\/index.php\/produit\/coffret-premier-amour\/\" \/>\n<meta property=\"og:locale\" content=\"fr_FR\" \/>\n<meta property=\"og:type\" content=\"article\" \/>\n<meta property=\"og:title\" content=\"Coffret &quot; Premier amour &quot; - Candle &amp; Co\" \/>\n<meta property=\"og:description\" content=\"Coffret &quot;Premier Amour&quot; - L&#039;amour en toute d\u00e9licatesse  Offrez \u00e0 votre moiti\u00e9 un voyage sensoriel inoubliable avec notre coffret &quot;Premier Amour&quot;, une ode \u00e0 la douceur et \u00e0 la tendresse. Ce coffret \u00e9l\u00e9gant contient trois produits pens\u00e9s pour \u00e9veiller les sens et c\u00e9l\u00e9brer l\u2019amour.   Bougie fa\u00e7on tartelette \u00e0 la fraise : Une bougie d\u00e9licatement parfum\u00e9e, qui \u00e9voque la gourmandise d&#039;une tartelette aux fraises. Laissez son parfum sucr\u00e9 et fruit\u00e9 remplir l\u2019atmosph\u00e8re de votre int\u00e9rieur pour une ambiance chaleureuse et romantique.  Brume d&#039;int\u00e9rieur ( au choix ) : Une brume l\u00e9g\u00e8re aux notes subtiles, id\u00e9ale pour envelopper votre espace d&#039;une fragrance douce et apaisante, comme un doux souffle d\u2019amour.  Petit bracelet en fil rouge avec un petit c\u0153ur : Un symbole d&#039;amour \u00e9ternel, ce bracelet fin et d\u00e9licat en fil rouge porte un petit c\u0153ur en pendentif, repr\u00e9sentant la connexion et la complicit\u00e9.  Un cadeau parfait pour c\u00e9l\u00e9brer l&#039;amour sous toutes ses formes et cr\u00e9er des moments magiques \u00e0 partager.\" \/>\n<meta property=\"og:url\" content=\"https:\/\/candlenco.fr\/index.php\/produit\/coffret-premier-amour\/\" \/>\n<meta property=\"og:site_name\" content=\"Candle &amp; Co\" \/>\n<meta property=\"article:publisher\" content=\"https:\/\/www.facebook.com\/ribesjulie\" \/>\n<meta property=\"article:modified_time\" content=\"2025-03-03T21:59:13+00:00\" \/>\n<meta property=\"og:image\" content=\"https:\/\/candlenco.fr\/wp-content\/uploads\/2025\/01\/IMG_3729-scaled.jpeg\" \/>\n\t<meta property=\"og:image:width\" content=\"1920\" \/>\n\t<meta property=\"og:image:height\" content=\"2560\" \/>\n\t<meta property=\"og:image:type\" content=\"image\/jpeg\" \/>\n<meta name=\"twitter:card\" content=\"summary_large_image\" \/>\n<meta name=\"twitter:label1\" content=\"Dur\u00e9e de lecture estim\u00e9e\" \/>\n\t<meta name=\"twitter:data1\" content=\"1 minute\" \/>\n<script type=\"application\/ld+json\" class=\"yoast-schema-graph\">{\"@context\":\"https:\/\/schema.org\",\"@graph\":[{\"@type\":\"WebPage\",\"@id\":\"https:\/\/candlenco.fr\/index.php\/produit\/coffret-premier-amour\/\",\"url\":\"https:\/\/candlenco.fr\/index.php\/produit\/coffret-premier-amour\/\",\"name\":\"Coffret \\\" Premier amour \\\" - Candle &amp; Co\",\"isPartOf\":{\"@id\":\"https:\/\/candlenco.fr\/#website\"},\"primaryImageOfPage\":{\"@id\":\"https:\/\/candlenco.fr\/index.php\/produit\/coffret-premier-amour\/#primaryimage\"},\"image\":{\"@id\":\"https:\/\/candlenco.fr\/index.php\/produit\/coffret-premier-amour\/#primaryimage\"},\"thumbnailUrl\":\"https:\/\/i0.wp.com\/candlenco.fr\/wp-content\/uploads\/2025\/01\/IMG_3729-scaled.jpeg?fit=1920%2C2560&ssl=1\",\"datePublished\":\"2025-01-23T00:52:30+00:00\",\"dateModified\":\"2025-03-03T21:59:13+00:00\",\"breadcrumb\":{\"@id\":\"https:\/\/candlenco.fr\/index.php\/produit\/coffret-premier-amour\/#breadcrumb\"},\"inLanguage\":\"fr-FR\",\"potentialAction\":[{\"@type\":\"ReadAction\",\"target\":[\"https:\/\/candlenco.fr\/index.php\/produit\/coffret-premier-amour\/\"]}]},{\"@type\":\"ImageObject\",\"inLanguage\":\"fr-FR\",\"@id\":\"https:\/\/candlenco.fr\/index.php\/produit\/coffret-premier-amour\/#primaryimage\",\"url\":\"https:\/\/i0.wp.com\/candlenco.fr\/wp-content\/uploads\/2025\/01\/IMG_3729-scaled.jpeg?fit=1920%2C2560&ssl=1\",\"contentUrl\":\"https:\/\/i0.wp.com\/candlenco.fr\/wp-content\/uploads\/2025\/01\/IMG_3729-scaled.jpeg?fit=1920%2C2560&ssl=1\",\"width\":1920,\"height\":2560},{\"@type\":\"BreadcrumbList\",\"@id\":\"https:\/\/candlenco.fr\/index.php\/produit\/coffret-premier-amour\/#breadcrumb\",\"itemListElement\":[{\"@type\":\"ListItem\",\"position\":1,\"name\":\"Accueil\",\"item\":\"https:\/\/candlenco.fr\/\"},{\"@type\":\"ListItem\",\"position\":2,\"name\":\"Boutique\",\"item\":\"https:\/\/candlenco.fr\/index.php\/boutique\/\"},{\"@type\":\"ListItem\",\"position\":3,\"name\":\"Coffret \u00a0\u00bb Premier amour \u00ab\u00a0\"}]},{\"@type\":\"WebSite\",\"@id\":\"https:\/\/candlenco.fr\/#website\",\"url\":\"https:\/\/candlenco.fr\/\",\"name\":\"Candle & Co\",\"description\":\"\",\"publisher\":{\"@id\":\"https:\/\/candlenco.fr\/#organization\"},\"potentialAction\":[{\"@type\":\"SearchAction\",\"target\":{\"@type\":\"EntryPoint\",\"urlTemplate\":\"https:\/\/candlenco.fr\/?s={search_term_string}\"},\"query-input\":{\"@type\":\"PropertyValueSpecification\",\"valueRequired\":true,\"valueName\":\"search_term_string\"}}],\"inLanguage\":\"fr-FR\"},{\"@type\":\"Organization\",\"@id\":\"https:\/\/candlenco.fr\/#organization\",\"name\":\"Candle & Co\",\"url\":\"https:\/\/candlenco.fr\/\",\"logo\":{\"@type\":\"ImageObject\",\"inLanguage\":\"fr-FR\",\"@id\":\"https:\/\/candlenco.fr\/#\/schema\/logo\/image\/\",\"url\":\"https:\/\/i0.wp.com\/candlenco.fr\/wp-content\/uploads\/2023\/11\/Logo.png?fit=250%2C250&ssl=1\",\"contentUrl\":\"https:\/\/i0.wp.com\/candlenco.fr\/wp-content\/uploads\/2023\/11\/Logo.png?fit=250%2C250&ssl=1\",\"width\":250,\"height\":250,\"caption\":\"Candle & Co\"},\"image\":{\"@id\":\"https:\/\/candlenco.fr\/#\/schema\/logo\/image\/\"},\"sameAs\":[\"https:\/\/www.facebook.com\/ribesjulie\",\"https:\/\/www.instagram.com\/candlenco23\"]}]}<\/script>\n<!-- \/ Yoast SEO plugin. -->","yoast_head_json":{"title":"Coffret \" Premier amour \" - Candle &amp; Co","robots":{"index":"index","follow":"follow","max-snippet":"max-snippet:-1","max-image-preview":"max-image-preview:large","max-video-preview":"max-video-preview:-1"},"canonical":"https:\/\/candlenco.fr\/index.php\/produit\/coffret-premier-amour\/","og_locale":"fr_FR","og_type":"article","og_title":"Coffret \" Premier amour \" - Candle &amp; Co","og_description":"Coffret \"Premier Amour\" - L'amour en toute d\u00e9licatesse  Offrez \u00e0 votre moiti\u00e9 un voyage sensoriel inoubliable avec notre coffret \"Premier Amour\", une ode \u00e0 la douceur et \u00e0 la tendresse. Ce coffret \u00e9l\u00e9gant contient trois produits pens\u00e9s pour \u00e9veiller les sens et c\u00e9l\u00e9brer l\u2019amour.   Bougie fa\u00e7on tartelette \u00e0 la fraise : Une bougie d\u00e9licatement parfum\u00e9e, qui \u00e9voque la gourmandise d'une tartelette aux fraises. Laissez son parfum sucr\u00e9 et fruit\u00e9 remplir l\u2019atmosph\u00e8re de votre int\u00e9rieur pour une ambiance chaleureuse et romantique.  Brume d'int\u00e9rieur ( au choix ) : Une brume l\u00e9g\u00e8re aux notes subtiles, id\u00e9ale pour envelopper votre espace d'une fragrance douce et apaisante, comme un doux souffle d\u2019amour.  Petit bracelet en fil rouge avec un petit c\u0153ur : Un symbole d'amour \u00e9ternel, ce bracelet fin et d\u00e9licat en fil rouge porte un petit c\u0153ur en pendentif, repr\u00e9sentant la connexion et la complicit\u00e9.  Un cadeau parfait pour c\u00e9l\u00e9brer l'amour sous toutes ses formes et cr\u00e9er des moments magiques \u00e0 partager.","og_url":"https:\/\/candlenco.fr\/index.php\/produit\/coffret-premier-amour\/","og_site_name":"Candle &amp; Co","article_publisher":"https:\/\/www.facebook.com\/ribesjulie","article_modified_time":"2025-03-03T21:59:13+00:00","og_image":[{"width":1920,"height":2560,"url":"https:\/\/candlenco.fr\/wp-content\/uploads\/2025\/01\/IMG_3729-scaled.jpeg","type":"image\/jpeg"}],"twitter_card":"summary_large_image","twitter_misc":{"Dur\u00e9e de lecture estim\u00e9e":"1 minute"},"schema":{"@context":"https:\/\/schema.org","@graph":[{"@type":"WebPage","@id":"https:\/\/candlenco.fr\/index.php\/produit\/coffret-premier-amour\/","url":"https:\/\/candlenco.fr\/index.php\/produit\/coffret-premier-amour\/","name":"Coffret \" Premier amour \" - Candle &amp; Co","isPartOf":{"@id":"https:\/\/candlenco.fr\/#website"},"primaryImageOfPage":{"@id":"https:\/\/candlenco.fr\/index.php\/produit\/coffret-premier-amour\/#primaryimage"},"image":{"@id":"https:\/\/candlenco.fr\/index.php\/produit\/coffret-premier-amour\/#primaryimage"},"thumbnailUrl":"https:\/\/i0.wp.com\/candlenco.fr\/wp-content\/uploads\/2025\/01\/IMG_3729-scaled.jpeg?fit=1920%2C2560&ssl=1","datePublished":"2025-01-23T00:52:30+00:00","dateModified":"2025-03-03T21:59:13+00:00","breadcrumb":{"@id":"https:\/\/candlenco.fr\/index.php\/produit\/coffret-premier-amour\/#breadcrumb"},"inLanguage":"fr-FR","potentialAction":[{"@type":"ReadAction","target":["https:\/\/candlenco.fr\/index.php\/produit\/coffret-premier-amour\/"]}]},{"@type":"ImageObject","inLanguage":"fr-FR","@id":"https:\/\/candlenco.fr\/index.php\/produit\/coffret-premier-amour\/#primaryimage","url":"https:\/\/i0.wp.com\/candlenco.fr\/wp-content\/uploads\/2025\/01\/IMG_3729-scaled.jpeg?fit=1920%2C2560&ssl=1","contentUrl":"https:\/\/i0.wp.com\/candlenco.fr\/wp-content\/uploads\/2025\/01\/IMG_3729-scaled.jpeg?fit=1920%2C2560&ssl=1","width":1920,"height":2560},{"@type":"BreadcrumbList","@id":"https:\/\/candlenco.fr\/index.php\/produit\/coffret-premier-amour\/#breadcrumb","itemListElement":[{"@type":"ListItem","position":1,"name":"Accueil","item":"https:\/\/candlenco.fr\/"},{"@type":"ListItem","position":2,"name":"Boutique","item":"https:\/\/candlenco.fr\/index.php\/boutique\/"},{"@type":"ListItem","position":3,"name":"Coffret \u00a0\u00bb Premier amour \u00ab\u00a0"}]},{"@type":"WebSite","@id":"https:\/\/candlenco.fr\/#website","url":"https:\/\/candlenco.fr\/","name":"Candle & Co","description":"","publisher":{"@id":"https:\/\/candlenco.fr\/#organization"},"potentialAction":[{"@type":"SearchAction","target":{"@type":"EntryPoint","urlTemplate":"https:\/\/candlenco.fr\/?s={search_term_string}"},"query-input":{"@type":"PropertyValueSpecification","valueRequired":true,"valueName":"search_term_string"}}],"inLanguage":"fr-FR"},{"@type":"Organization","@id":"https:\/\/candlenco.fr\/#organization","name":"Candle & Co","url":"https:\/\/candlenco.fr\/","logo":{"@type":"ImageObject","inLanguage":"fr-FR","@id":"https:\/\/candlenco.fr\/#\/schema\/logo\/image\/","url":"https:\/\/i0.wp.com\/candlenco.fr\/wp-content\/uploads\/2023\/11\/Logo.png?fit=250%2C250&ssl=1","contentUrl":"https:\/\/i0.wp.com\/candlenco.fr\/wp-content\/uploads\/2023\/11\/Logo.png?fit=250%2C250&ssl=1","width":250,"height":250,"caption":"Candle & Co"},"image":{"@id":"https:\/\/candlenco.fr\/#\/schema\/logo\/image\/"},"sameAs":["https:\/\/www.facebook.com\/ribesjulie","https:\/\/www.instagram.com\/candlenco23"]}]}},"jetpack_sharing_enabled":true,"_links":{"self":[{"href":"https:\/\/candlenco.fr\/index.php\/wp-json\/wp\/v2\/product\/3749","targetHints":{"allow":["GET"]}}],"collection":[{"href":"https:\/\/candlenco.fr\/index.php\/wp-json\/wp\/v2\/product"}],"about":[{"href":"https:\/\/candlenco.fr\/index.php\/wp-json\/wp\/v2\/types\/product"}],"replies":[{"embeddable":true,"href":"https:\/\/candlenco.fr\/index.php\/wp-json\/wp\/v2\/comments?post=3749"}],"wp:featuredmedia":[{"embeddable":true,"href":"https:\/\/candlenco.fr\/index.php\/wp-json\/wp\/v2\/media\/3766"}],"wp:attachment":[{"href":"https:\/\/candlenco.fr\/index.php\/wp-json\/wp\/v2\/media?parent=3749"}],"wp:term":[{"taxonomy":"product_brand","embeddable":true,"href":"https:\/\/candlenco.fr\/index.php\/wp-json\/wp\/v2\/product_brand?post=3749"},{"taxonomy":"product_cat","embeddable":true,"href":"https:\/\/candlenco.fr\/index.php\/wp-json\/wp\/v2\/product_cat?post=3749"},{"taxonomy":"product_tag","embeddable":true,"href":"https:\/\/candlenco.fr\/index.php\/wp-json\/wp\/v2\/product_tag?post=3749"}],"curies":[{"name":"wp","href":"https:\/\/api.w.org\/{rel}","templated":true}]}}